{"id":606,"date":"2023-11-28T10:53:07","date_gmt":"2023-11-28T09:53:07","guid":{"rendered":"https:\/\/wordpress.nibis.de\/barrierefreiheit\/?page_id=606"},"modified":"2023-11-28T11:28:55","modified_gmt":"2023-11-28T10:28:55","slug":"der-cookie-hinweis","status":"publish","type":"page","link":"https:\/\/wordpress.nibis.de\/barrierefreiheit\/der-cookie-hinweis\/","title":{"rendered":"Der Cookie-Hinweis"},"content":{"rendered":"\n<p>Bezogen auf Ihre Seite werden eigentlich immer Cookies gespeichert, damit sie technisch einwandfrei funktioniert und Sie z.B. die Besucherzahlen analysieren k\u00f6nnen. Auf diese Datenspeicherung m\u00fcssen Sie hinweisen und die Zustimmung der Nutzenden abfragen. Sinnvollerweise verbinden Sie den Hinweis mit einem Link zur Datenschutzerkl\u00e4rung, damit auch alle gespeicherten Daten gleich erkennbar sind.<\/p>\n\n\n\n<p>Denken Sie beim Cookie-Hinweis auch an Leserinnen und Leser von Leichter Sprache. Hier daher ein Vorschlag f\u00fcr einen Cookie-Hinweis:<\/p>\n\n\n\n<p class=\"wp-block-verse has-background\" style=\"background-color: #f0f0f0\"><strong>Cookie-Hinweis<br \/><\/strong> Diese Website speichert kleine Infos auf Ihrem Rechner. Diese Infos hei\u00dfen Cookies. Durch die Cookies k\u00f6nnen Sie die Seite besser benutzen. Und wir k\u00f6nnen sehen: Wie viele Menschen lesen unsere Seite? Welche Daten speichern wir? Lesen Sie unsere <a href=\"https:\/\/wordpress.nibis.de\/barrierefreiheit\/datenschutz-erklaerung\/\" data-type=\"page\" data-id=\"76\">Datenschutz-Erkl\u00e4rung<\/a>.<\/p>\n<p class=\"wp-block-verse has-background\" style=\"background-color: #f0f0f0\">\u2611 <strong>Ich bin einverstanden.<\/strong><\/p>\n","protected":false},"excerpt":{"rendered":"<p>Bezogen auf Ihre Seite werden eigentlich immer Cookies gespeichert, damit sie technisch einwandfrei funktioniert und Sie z.B. die Besucherzahlen analysieren k\u00f6nnen. Auf diese Datenspeicherung m\u00fcssen Sie hinweisen und die Zustimmung der Nutzenden abfragen. Sinnvollerweise verbinden Sie den Hinweis mit einem Link zur Datenschutzerkl\u00e4rung, damit auch alle gespeicherten Daten gleich erkennbar sind. Denken Sie beim Cookie-Hinweis&hellip; <a class=\"continue\" href=\"https:\/\/wordpress.nibis.de\/barrierefreiheit\/der-cookie-hinweis\/\">mehr<span> Der Cookie-Hinweis<\/span><\/a><\/p>\n","protected":false},"author":190,"featured_media":0,"parent":0,"menu_order":0,"comment_status":"closed","ping_status":"closed","template":"","meta":{"footnotes":""},"class_list":["post-606","page","type-page","status-publish","hentry"],"_links":{"self":[{"href":"https:\/\/wordpress.nibis.de\/barrierefreiheit\/wp-json\/wp\/v2\/pages\/606","targetHints":{"allow":["GET"]}}],"collection":[{"href":"https:\/\/wordpress.nibis.de\/barrierefreiheit\/wp-json\/wp\/v2\/pages"}],"about":[{"href":"https:\/\/wordpress.nibis.de\/barrierefreiheit\/wp-json\/wp\/v2\/types\/page"}],"author":[{"embeddable":true,"href":"https:\/\/wordpress.nibis.de\/barrierefreiheit\/wp-json\/wp\/v2\/users\/190"}],"replies":[{"embeddable":true,"href":"https:\/\/wordpress.nibis.de\/barrierefreiheit\/wp-json\/wp\/v2\/comments?post=606"}],"version-history":[{"count":9,"href":"https:\/\/wordpress.nibis.de\/barrierefreiheit\/wp-json\/wp\/v2\/pages\/606\/revisions"}],"predecessor-version":[{"id":620,"href":"https:\/\/wordpress.nibis.de\/barrierefreiheit\/wp-json\/wp\/v2\/pages\/606\/revisions\/620"}],"wp:attachment":[{"href":"https:\/\/wordpress.nibis.de\/barrierefreiheit\/wp-json\/wp\/v2\/media?parent=606"}],"curies":[{"name":"wp","href":"https:\/\/api.w.org\/{rel}","templated":true}]}}