{"id":673,"date":"2024-02-07T14:22:55","date_gmt":"2024-02-07T13:22:55","guid":{"rendered":"https:\/\/wordpress.nibis.de\/barrierefreiheit\/?page_id=673"},"modified":"2025-03-03T16:51:03","modified_gmt":"2025-03-03T15:51:03","slug":"bigbluebutton-barrierearm","status":"publish","type":"page","link":"https:\/\/wordpress.nibis.de\/barrierefreiheit\/bigbluebutton-barrierearm\/","title":{"rendered":"BigBlueButton barrierearm"},"content":{"rendered":"\n<p>Wenn Sie BigBlueButton mit  Menschen nutzen, die Untertitel ben\u00f6tigen, k\u00f6nnen sie dies als moderierende Person \u00fcber die Einstellungen des Raumes aktivieren. <\/p>\n\n\n\n<p>Gehen Sie also so vor:<br \/>&#8211; Aktivieren Sie Untertitel f\u00fcr die Besprechung. Es erscheint ein zus\u00e4tzliches Fenster.<br \/>&#8211; W\u00e4hlen Sie eine Person, die die Mitschriften macht und weisen ihr als zweite Moderation den Auftrag des &#8222;Stenographierens&#8220; zu.<\/p>\n\n\n\n<p>Weiteres finden Sie hier auf der Seite von BBB:<\/p>\n\n\n\n<ul class=\"wp-block-list\"><li><a href=\"https:\/\/hilfe.bigbluebutton-hosting.de\/wiki\/veranstalter\/untertitel\/\">Untertitel in BBB aktivieren<\/a> <\/li><li><a href=\"https:\/\/bigbluebutton.org\/accessibility\/\">Barrierefreiheit (Englisch)<\/a><\/li><\/ul>\n\n\n\n<figure class=\"wp-block-embed is-type-wp-embed is-provider-bigbluebutton-open-source-web-conferencing wp-block-embed-bigbluebutton-open-source-web-conferencing\"><div class=\"wp-block-embed__wrapper\">\n<blockquote class=\"wp-embedded-content\" data-secret=\"pjPFRPbeQJ\"><a href=\"https:\/\/bigbluebutton.org\/accessibility\/\">Accessibility<\/a><\/blockquote><iframe loading=\"lazy\" class=\"wp-embedded-content\" sandbox=\"allow-scripts\" security=\"restricted\" style=\"position: absolute; visibility: hidden;\" title=\"&#8220;Accessibility&#8221; &#8212; BigBlueButton - Open Source Web Conferencing\" src=\"https:\/\/bigbluebutton.org\/accessibility\/embed\/#?secret=98KW4NKyQK#?secret=pjPFRPbeQJ\" data-secret=\"pjPFRPbeQJ\" width=\"600\" height=\"338\" frameborder=\"0\" marginwidth=\"0\" marginheight=\"0\" scrolling=\"no\"><\/iframe>\n<\/div><\/figure>\n","protected":false},"excerpt":{"rendered":"<p>Wenn Sie BigBlueButton mit Menschen nutzen, die Untertitel ben\u00f6tigen, k\u00f6nnen sie dies als moderierende Person \u00fcber die Einstellungen des Raumes aktivieren. Gehen Sie also so vor:&#8211; Aktivieren Sie Untertitel f\u00fcr die Besprechung. Es erscheint ein zus\u00e4tzliches Fenster.&#8211; W\u00e4hlen Sie eine Person, die die Mitschriften macht und weisen ihr als zweite Moderation den Auftrag des &#8222;Stenographierens&#8220;&hellip; <a class=\"continue\" href=\"https:\/\/wordpress.nibis.de\/barrierefreiheit\/bigbluebutton-barrierearm\/\">mehr<span> BigBlueButton barrierearm<\/span><\/a><\/p>\n","protected":false},"author":190,"featured_media":0,"parent":0,"menu_order":0,"comment_status":"closed","ping_status":"closed","template":"","meta":{"footnotes":""},"class_list":["post-673","page","type-page","status-publish","hentry"],"_links":{"self":[{"href":"https:\/\/wordpress.nibis.de\/barrierefreiheit\/wp-json\/wp\/v2\/pages\/673","targetHints":{"allow":["GET"]}}],"collection":[{"href":"https:\/\/wordpress.nibis.de\/barrierefreiheit\/wp-json\/wp\/v2\/pages"}],"about":[{"href":"https:\/\/wordpress.nibis.de\/barrierefreiheit\/wp-json\/wp\/v2\/types\/page"}],"author":[{"embeddable":true,"href":"https:\/\/wordpress.nibis.de\/barrierefreiheit\/wp-json\/wp\/v2\/users\/190"}],"replies":[{"embeddable":true,"href":"https:\/\/wordpress.nibis.de\/barrierefreiheit\/wp-json\/wp\/v2\/comments?post=673"}],"version-history":[{"count":4,"href":"https:\/\/wordpress.nibis.de\/barrierefreiheit\/wp-json\/wp\/v2\/pages\/673\/revisions"}],"predecessor-version":[{"id":856,"href":"https:\/\/wordpress.nibis.de\/barrierefreiheit\/wp-json\/wp\/v2\/pages\/673\/revisions\/856"}],"wp:attachment":[{"href":"https:\/\/wordpress.nibis.de\/barrierefreiheit\/wp-json\/wp\/v2\/media?parent=673"}],"curies":[{"name":"wp","href":"https:\/\/api.w.org\/{rel}","templated":true}]}}