{"id":688,"date":"2024-02-15T15:27:53","date_gmt":"2024-02-15T14:27:53","guid":{"rendered":"https:\/\/wordpress.nibis.de\/barrierefreiheit\/?page_id=688"},"modified":"2025-03-20T12:35:27","modified_gmt":"2025-03-20T11:35:27","slug":"kontaktaufnahme-in-gebaerdensprache","status":"publish","type":"page","link":"https:\/\/wordpress.nibis.de\/barrierefreiheit\/kontaktaufnahme-in-gebaerdensprache\/","title":{"rendered":"Kontaktaufnahme in Geb\u00e4rdensprache"},"content":{"rendered":"\n<p>F\u00fcr dieses Ziel gibt es verschiedene Umsetzungsm\u00f6glichkeiten:<\/p>\n\n\n\n<ul class=\"wp-block-list\"><li>Verabreden Sie sich zu einem Telefonat \u00fcber <a href=\"https:\/\/www.tess-relay-dienste.de\/dienste\/fuer-hoerende\">Tess<\/a> (https:\/\/www.tess-relay-dienste.de\/dienste\/fuer-hoerende). Dieser Dienst bietet eine Simultan\u00fcbersetzung an. Zur Kurzbeschreibung.<\/li><li>Nutzen Sie den Service SQat (https:\/\/www.sqat.eu). Dieser Dienst bietet eine \u00dcbersetzung von Mails an.  In diesem Falle m\u00fcssen Sie nur die Mails aus Ihrem Kontaktformular entsprechend umleiten.<\/li><\/ul>\n","protected":false},"excerpt":{"rendered":"<p>F\u00fcr dieses Ziel gibt es verschiedene Umsetzungsm\u00f6glichkeiten: Verabreden Sie sich zu einem Telefonat \u00fcber Tess (https:\/\/www.tess-relay-dienste.de\/dienste\/fuer-hoerende). Dieser Dienst bietet eine Simultan\u00fcbersetzung an. Zur Kurzbeschreibung. Nutzen Sie den Service SQat (https:\/\/www.sqat.eu). Dieser Dienst bietet eine \u00dcbersetzung von Mails an. In diesem Falle m\u00fcssen Sie nur die Mails aus Ihrem Kontaktformular entsprechend umleiten.<\/p>\n","protected":false},"author":190,"featured_media":0,"parent":0,"menu_order":0,"comment_status":"closed","ping_status":"closed","template":"","meta":{"footnotes":""},"class_list":["post-688","page","type-page","status-publish","hentry"],"_links":{"self":[{"href":"https:\/\/wordpress.nibis.de\/barrierefreiheit\/wp-json\/wp\/v2\/pages\/688","targetHints":{"allow":["GET"]}}],"collection":[{"href":"https:\/\/wordpress.nibis.de\/barrierefreiheit\/wp-json\/wp\/v2\/pages"}],"about":[{"href":"https:\/\/wordpress.nibis.de\/barrierefreiheit\/wp-json\/wp\/v2\/types\/page"}],"author":[{"embeddable":true,"href":"https:\/\/wordpress.nibis.de\/barrierefreiheit\/wp-json\/wp\/v2\/users\/190"}],"replies":[{"embeddable":true,"href":"https:\/\/wordpress.nibis.de\/barrierefreiheit\/wp-json\/wp\/v2\/comments?post=688"}],"version-history":[{"count":5,"href":"https:\/\/wordpress.nibis.de\/barrierefreiheit\/wp-json\/wp\/v2\/pages\/688\/revisions"}],"predecessor-version":[{"id":934,"href":"https:\/\/wordpress.nibis.de\/barrierefreiheit\/wp-json\/wp\/v2\/pages\/688\/revisions\/934"}],"wp:attachment":[{"href":"https:\/\/wordpress.nibis.de\/barrierefreiheit\/wp-json\/wp\/v2\/media?parent=688"}],"curies":[{"name":"wp","href":"https:\/\/api.w.org\/{rel}","templated":true}]}}