{"id":721,"date":"2024-04-10T09:34:34","date_gmt":"2024-04-10T07:34:34","guid":{"rendered":"https:\/\/wordpress.nibis.de\/barrierefreiheit\/?page_id=721"},"modified":"2025-06-17T13:01:38","modified_gmt":"2025-06-17T11:01:38","slug":"bilddatenbank","status":"publish","type":"page","link":"https:\/\/wordpress.nibis.de\/barrierefreiheit\/bilddatenbank\/","title":{"rendered":"Das NLQ-Bilder- und Grafikangebot"},"content":{"rendered":"\n<p>Wir stellen Ihnen auch Bildmaterial zur Verf\u00fcgung, die Sie f\u00fcr Schule und Unterricht nutzen d\u00fcrfen. Die bereitgestellten Zeichnungen lassen sich auch sehr gut f\u00fcr Erkl\u00e4rungen in Leichter Sprache nutzen. <\/p>\n\n\n\n<ul class=\"wp-block-list\"><li><a href=\"https:\/\/bidab.nibis.de\/\">Zur Bilddatenbank<\/a> &#8211; Fotos und Zeichnungen<\/li><li><a href=\"https:\/\/picto.kits.blog\/\">zu PictoSearch<\/a> &#8211; \u00fcber 10.000 Piktogramme, Bildbearbeitung, eigene Sammlungen<\/li><\/ul>\n\n\n\n<p>Hinweise zur Verwendung finden Sie in unserem kits.blog unter <a href=\"https:\/\/kits.blog\/diklusion-braucht-bilder\/\">diesem Link.<\/a><\/p>\n","protected":false},"excerpt":{"rendered":"<p>Wir stellen Ihnen auch Bildmaterial zur Verf\u00fcgung, die Sie f\u00fcr Schule und Unterricht nutzen d\u00fcrfen. Die bereitgestellten Zeichnungen lassen sich auch sehr gut f\u00fcr Erkl\u00e4rungen in Leichter Sprache nutzen. Zur Bilddatenbank &#8211; Fotos und Zeichnungen zu PictoSearch &#8211; \u00fcber 10.000 Piktogramme, Bildbearbeitung, eigene Sammlungen Hinweise zur Verwendung finden Sie in unserem kits.blog unter diesem Link.<\/p>\n","protected":false},"author":190,"featured_media":0,"parent":0,"menu_order":0,"comment_status":"closed","ping_status":"closed","template":"","meta":{"footnotes":""},"class_list":["post-721","page","type-page","status-publish","hentry"],"_links":{"self":[{"href":"https:\/\/wordpress.nibis.de\/barrierefreiheit\/wp-json\/wp\/v2\/pages\/721","targetHints":{"allow":["GET"]}}],"collection":[{"href":"https:\/\/wordpress.nibis.de\/barrierefreiheit\/wp-json\/wp\/v2\/pages"}],"about":[{"href":"https:\/\/wordpress.nibis.de\/barrierefreiheit\/wp-json\/wp\/v2\/types\/page"}],"author":[{"embeddable":true,"href":"https:\/\/wordpress.nibis.de\/barrierefreiheit\/wp-json\/wp\/v2\/users\/190"}],"replies":[{"embeddable":true,"href":"https:\/\/wordpress.nibis.de\/barrierefreiheit\/wp-json\/wp\/v2\/comments?post=721"}],"version-history":[{"count":6,"href":"https:\/\/wordpress.nibis.de\/barrierefreiheit\/wp-json\/wp\/v2\/pages\/721\/revisions"}],"predecessor-version":[{"id":1011,"href":"https:\/\/wordpress.nibis.de\/barrierefreiheit\/wp-json\/wp\/v2\/pages\/721\/revisions\/1011"}],"wp:attachment":[{"href":"https:\/\/wordpress.nibis.de\/barrierefreiheit\/wp-json\/wp\/v2\/media?parent=721"}],"curies":[{"name":"wp","href":"https:\/\/api.w.org\/{rel}","templated":true}]}}