{"id":76,"date":"2023-06-08T11:35:40","date_gmt":"2023-06-08T09:35:40","guid":{"rendered":"https:\/\/wordpress.nibis.de\/barrierefreiheit\/?page_id=76"},"modified":"2023-07-17T15:46:08","modified_gmt":"2023-07-17T13:46:08","slug":"datenschutz-erklaerung","status":"publish","type":"page","link":"https:\/\/wordpress.nibis.de\/barrierefreiheit\/datenschutz-erklaerung\/","title":{"rendered":"Datenschutz-Erkl\u00e4rung"},"content":{"rendered":"\n<div class=\"wp-block-media-text alignwide has-media-on-the-right is-stacked-on-mobile is-style-tw-shadow tw-stack-md\" style=\"grid-template-columns:auto 17%\"><figure class=\"wp-block-media-text__media\"><img loading=\"lazy\" decoding=\"async\" width=\"145\" height=\"145\" src=\"https:\/\/wordpress.nibis.de\/barrierefreiheit\/files\/2023\/06\/csm_neu_2019_Pru___efsiegel_LS_RGB_2016_025b4e1063.jpg\" alt=\"\" class=\"wp-image-83 size-full\" \/><\/figure><div class=\"wp-block-media-text__content\">\n<h2 class=\"wp-block-heading\">Hinweis zu Leichter Sprache<\/h2>\n\n\n\n<p>Diesen Text haben Mitarbeiterinnen vom NLQ \u00fcbersetzt.<\/p>\n\n\n\n<p>Der Text steht im Original <a href=\"https:\/\/wordpress.nibis.de\/datenschutzerklaerung\/\" target=\"_blank\" rel=\"noreferrer noopener\">hier<\/a>.<\/p>\n\n\n\n<p>Die Mitarbeiterinnen haben einen Text vom <a rel=\"noreferrer noopener\" href=\"https:\/\/www.ndr.de\/fernsehen\/barrierefreie_angebote\/leichte_sprache\/Datenschutz-beim-NDR,datenschutz594.html\" target=\"_blank\">NDR<\/a> benutzt.<\/p>\n\n\n\n<p>Der Text vom NDR steht <a rel=\"noreferrer noopener\" href=\"https:\/\/www.ndr.de\/fernsehen\/barrierefreie_angebote\/leichte_sprache\/Datenschutz-beim-NDR,datenschutz594.html\" target=\"_blank\">hier<\/a>.<\/p>\n\n\n\n<p>Wir wollen unseren Text noch pr\u00fcfen lassen.<\/p>\n<\/div><\/div>\n\n\n\n<h2 class=\"wp-block-heading\">Was ist die Datenschutz-Erkl\u00e4rung?<\/h2>\n\n\n\n<p>Auf dem Bildungs\u00b7portal bekommen wir von vielen Menschen Daten.<\/p>\n\n\n\n<p><em>&nbsp;&nbsp;&nbsp;&nbsp;&nbsp;&nbsp;&nbsp;&nbsp;&nbsp;&nbsp;&nbsp; Daten sind zum Beispiel:<\/em><\/p>\n\n\n\n<p><em>&nbsp;&nbsp;&nbsp;&nbsp;&nbsp;&nbsp;&nbsp;&nbsp;&nbsp;&nbsp;&nbsp; \u2022 Namen.<\/em><\/p>\n\n\n\n<p><em>&nbsp;&nbsp;&nbsp;&nbsp;&nbsp;&nbsp;&nbsp;&nbsp;&nbsp;&nbsp;&nbsp; \u2022 Oder Email-Adressen.<\/em><\/p>\n\n\n\n<p>Diese Daten m\u00fcssen wir manchmal speichern.<\/p>\n\n\n\n<p>Aber wir m\u00f6chten m\u00f6glichst wenige Daten von den Menschen speichern.<\/p>\n\n\n\n<p>Und wir m\u00f6chten Ihre Daten m\u00f6glichst gut sch\u00fctzen.<\/p>\n\n\n\n<p>Hier erkl\u00e4ren wir Ihnen:<\/p>\n\n\n\n<p>&nbsp;&nbsp;&nbsp;&nbsp;&nbsp;&nbsp;&nbsp;&nbsp;&nbsp;&nbsp;&nbsp; Welche Daten speichern wir von Ihnen?<\/p>\n\n\n\n<p>&nbsp;&nbsp;&nbsp;&nbsp;&nbsp;&nbsp;&nbsp;&nbsp;&nbsp;&nbsp;&nbsp; Und warum?<\/p>\n\n\n\n<h2 class=\"wp-block-heading\">Warum haben wir eine Datenschutz-Erkl\u00e4rung?<\/h2>\n\n\n\n<p><strong>F\u00fcr Firmen und Beh\u00f6rden gibt es wichtige Regeln zum Datenschutz.<br><br>Zu diesen Regeln gibt es auch eine Erkl\u00e4rung in Leichter Sprache.<br><br>Diese Erkl\u00e4rung steht beim NDR.<\/strong><\/p>\n\n\n\n<p><strong>Sie wollen diese Erkl\u00e4rung lesen?<br><br>Oder h\u00f6ren?<br><br>Dann klicken Sie <\/strong><a href=\"https:\/\/www.ndr.de\/fernsehen\/barrierefreie_angebote\/leichte_sprache\/Neue-Regeln-zum-Datenschutz,datenschutz592.html\"><strong>hier f\u00fcr die Erkl\u00e4rung beim NDR.<\/strong><\/a><\/p>\n\n\n\n<h2 class=\"wp-block-heading\"><strong>Welche Daten speichert das Bildungs\u00b7portal?<\/strong><\/h2>\n\n\n\n<p>Die Internet\u00b7seiten vom Bildungs\u00b7portal hei\u00dfen bildungsportal-niedersachsen.de.<\/p>\n\n\n\n<p>Sie sind auf bildungsportal-niedersachsen.de?<\/p>\n\n\n\n<p>Dann speichert das Bildungs\u00b7portal automatisch Daten von Ihnen.<\/p>\n\n\n\n<p>Zum Beispiel:<\/p>\n\n\n\n<p>\u2022 Wann waren Sie auf unserer Seite?<\/p>\n\n\n\n<p>\u2022 Hat die Seite einen Fehler angezeigt?<\/p>\n\n\n\n<p>\u2022 Welches Betriebssystem hat Ihr Computer?<\/p>\n\n\n\n<p><em>&nbsp;&nbsp;&nbsp;&nbsp;&nbsp;&nbsp;&nbsp;&nbsp;&nbsp;&nbsp;&nbsp; Ein Betriebssystem braucht Ihr Computer zum Arbeiten.<\/em><\/p>\n\n\n\n<p>\u2022 Welchen Browser benutzen Sie?<\/p>\n\n\n\n<p><em>&nbsp;&nbsp;&nbsp;&nbsp;&nbsp;&nbsp;&nbsp;&nbsp;&nbsp;&nbsp;&nbsp; Ein Browser ist ein Computer\u00b7programm.<\/em><\/p>\n\n\n\n<p><em>&nbsp;&nbsp;&nbsp;&nbsp;&nbsp;&nbsp;&nbsp;&nbsp;&nbsp;&nbsp;&nbsp; Mit einem Browser k\u00f6nnen Sie Internet\u00b7seiten lesen.<\/em><\/p>\n\n\n\n<p>\u2022 Welche IP-Adresse hat Ihr Computer?<\/p>\n\n\n\n<p><em>\u00a0\u00a0\u00a0\u00a0\u00a0\u00a0\u00a0\u00a0\u00a0\u00a0\u00a0 Die IP-Adresse ist eine Zahl.<\/em><\/p>\n\n\n\n<p>            <em>Die Zahl geh\u00f6rt zu Ihrem Computer . <\/em><\/p>\n\n\n\n<p><em>&nbsp;&nbsp;&nbsp;&nbsp;&nbsp;&nbsp;&nbsp;&nbsp;&nbsp;&nbsp;&nbsp; Jeder Computer im Internet hat eine eigene IP-Adresse.<\/em><\/p>\n\n\n\n<p>Diese Daten brauchen wir aus mehreren Gr\u00fcnden.<\/p>\n\n\n\n<p>Zum Beispiel:<\/p>\n\n\n\n<p>\u2022 Mit diesen Daten funktionier unsere Seite besser.<\/p>\n\n\n\n<p>\u2022 Und mit diesen Daten ist die Seite sicherer.<\/p>\n\n\n\n<p><strong>Das Bildungsportal l\u00f6scht Ihre Daten<\/strong><\/p>\n\n\n\n<p>Sie sind <strong>nicht<\/strong> mehr auf bildungsportal-niedersachsen.de?<\/p>\n\n\n\n<p>Dann l\u00f6scht das Bildungs\u00b7portal die meisten von Ihren Daten automatisch.<\/p>\n\n\n\n<p>Einige von den Daten l\u00f6scht das Bildungs\u00b7portal aber <strong>nicht<\/strong>.<\/p>\n\n\n\n<p>Zum Beispiel:<\/p>\n\n\n\n<p>Welche Seite haben Sie auf unserer Seite gelesen?<\/p>\n\n\n\n<p>Diese Daten beh\u00e4lt dem Bildungs\u00b7portal.<\/p>\n\n\n\n<p>Wir wollen n\u00e4mlich wissen:<\/p>\n\n\n\n<p>&nbsp;&nbsp;&nbsp;&nbsp;&nbsp;&nbsp;&nbsp;&nbsp;&nbsp;&nbsp;&nbsp; Wie viele Menschen haben die Information auf unserer Seite gelesen.<\/p>\n\n\n\n<p>Aber diese Daten sind anonym.<\/p>\n\n\n\n<p>&nbsp;&nbsp;&nbsp;&nbsp;&nbsp;&nbsp;&nbsp;&nbsp;&nbsp;&nbsp;&nbsp; <em>Das hei\u00dft:<\/em><\/p>\n\n\n\n<p><em>&nbsp;&nbsp;&nbsp;&nbsp;&nbsp;&nbsp;&nbsp;&nbsp;&nbsp;&nbsp;&nbsp; Wir wissen <\/em><strong><em>nicht<\/em><\/strong><em>:<\/em><\/p>\n\n\n\n<p><em>&nbsp;&nbsp;&nbsp;&nbsp;&nbsp;&nbsp;&nbsp;&nbsp;&nbsp;&nbsp;&nbsp;&nbsp;&nbsp;&nbsp;&nbsp;&nbsp;&nbsp;&nbsp;&nbsp;&nbsp;&nbsp;&nbsp; Diese Daten sind von Ihnen.<\/em><\/p>\n\n\n\n<p><strong>Das Bildungs\u00b7portal speichert noch mehr Daten<\/strong><\/p>\n\n\n\n<p>Manchmal speichert das Bildungs\u00b7portal noch mehr Daten von Ihnen.<\/p>\n\n\n\n<p>Zum Beispiel bei einer Anfrage.<\/p>\n\n\n\n<p>Sie schreiben in ein Kontakt-Formular?<\/p>\n\n\n\n<p>Und dann speichert das Bildungs\u00b7portal zum Beispiel:<\/p>\n\n\n\n<p>\u2022 Ihren Namen.<\/p>\n\n\n\n<p>\u2022 Und Ihre E-Mail-Adresse.<\/p>\n\n\n\n<p>Sie haben ihre Antwort bekommen?<\/p>\n\n\n\n<p>Dann l\u00f6scht das Bildungs\u00b7portal Ihre Daten wieder.<\/p>\n\n\n\n<p>Sie haben eine Frage zum Datenschutz auf dem Bildungs\u00b7portal?<\/p>\n\n\n\n<p>Dann k\u00f6nnen Sie eine E-Mail schreiben.<\/p>\n\n\n\n<p>Diese E-Mail schreiben Sie an:<\/p>\n\n\n\n<p>d&#97;&#116;&#x65;&#x6e;s&#99;&#104;&#x75;&#x74;&#x7a;&#64;&#110;&#108;&#x71;&#x2e;ni&#98;&#x69;&#x73;&#x2e;d&#101;<\/p>\n\n\n\n<h2 class=\"wp-block-heading\"><strong>Haftungs\u00b7 ausschluss<\/strong><\/h2>\n\n\n\n<p><br><strong>Der Text in Leichter Sprache soll Sie informieren.<br><br>Aber der Text in Leichter Sprache ist nicht rechtsverbindlich.<br><br>Das hei\u00dft:<br><br>Mit dem Text in Leichter Sprache k\u00f6nnen Sie keine Anspr\u00fcche erheben.<br><br>Der Text in Leichter Sprache ist also nur ein zus\u00e4tzliches Angebot.<\/strong><\/p>\n\n\n\n<div class=\"wp-block-group alignfull\"><div class=\"wp-block-group__inner-container is-layout-flow wp-block-group-is-layout-flow\"><\/div><\/div>\n","protected":false},"excerpt":{"rendered":"<p>Hinweis zu Leichter Sprache Diesen Text haben Mitarbeiterinnen vom NLQ \u00fcbersetzt. Der Text steht im Original hier. Die Mitarbeiterinnen haben einen Text vom NDR benutzt. Der Text vom NDR steht hier. Wir wollen unseren Text noch pr\u00fcfen lassen. Was ist die Datenschutz-Erkl\u00e4rung? Auf dem Bildungs\u00b7portal bekommen wir von vielen Menschen Daten. &nbsp;&nbsp;&nbsp;&nbsp;&nbsp;&nbsp;&nbsp;&nbsp;&nbsp;&nbsp;&nbsp; Daten sind zum&hellip; <a class=\"continue\" href=\"https:\/\/wordpress.nibis.de\/barrierefreiheit\/datenschutz-erklaerung\/\">mehr<span> Datenschutz-Erkl\u00e4rung<\/span><\/a><\/p>\n","protected":false},"author":190,"featured_media":0,"parent":0,"menu_order":0,"comment_status":"closed","ping_status":"closed","template":"","meta":{"footnotes":""},"class_list":["post-76","page","type-page","status-publish","hentry"],"_links":{"self":[{"href":"https:\/\/wordpress.nibis.de\/barrierefreiheit\/wp-json\/wp\/v2\/pages\/76","targetHints":{"allow":["GET"]}}],"collection":[{"href":"https:\/\/wordpress.nibis.de\/barrierefreiheit\/wp-json\/wp\/v2\/pages"}],"about":[{"href":"https:\/\/wordpress.nibis.de\/barrierefreiheit\/wp-json\/wp\/v2\/types\/page"}],"author":[{"embeddable":true,"href":"https:\/\/wordpress.nibis.de\/barrierefreiheit\/wp-json\/wp\/v2\/users\/190"}],"replies":[{"embeddable":true,"href":"https:\/\/wordpress.nibis.de\/barrierefreiheit\/wp-json\/wp\/v2\/comments?post=76"}],"version-history":[{"count":7,"href":"https:\/\/wordpress.nibis.de\/barrierefreiheit\/wp-json\/wp\/v2\/pages\/76\/revisions"}],"predecessor-version":[{"id":228,"href":"https:\/\/wordpress.nibis.de\/barrierefreiheit\/wp-json\/wp\/v2\/pages\/76\/revisions\/228"}],"wp:attachment":[{"href":"https:\/\/wordpress.nibis.de\/barrierefreiheit\/wp-json\/wp\/v2\/media?parent=76"}],"curies":[{"name":"wp","href":"https:\/\/api.w.org\/{rel}","templated":true}]}}