{"id":779,"date":"2024-05-29T15:19:33","date_gmt":"2024-05-29T13:19:33","guid":{"rendered":"https:\/\/wordpress.nibis.de\/barrierefreiheit\/?page_id=779"},"modified":"2025-06-20T13:39:41","modified_gmt":"2025-06-20T11:39:41","slug":"ihr-unterricht","status":"publish","type":"page","link":"https:\/\/wordpress.nibis.de\/barrierefreiheit\/ihr-unterricht\/","title":{"rendered":"Ihr Unterricht"},"content":{"rendered":"\n<p>Sehr konkrete Hilfen und Informationen bietet die Seite <a href=\"https:\/\/barrierefreies-blinddate.de\">&#8222;Barrierefreies Blinddate&#8220;<\/a>, die zwar f\u00fcr Hochschularbeit erstellt wurde, deren konkrete Hinweise aber auch f\u00fcr Unterricht und Fortbildungen hilfreich sind. Hier werden Personas vorgestellt, ihre allt\u00e4glichen Hilfsmittel und die entstehenden Barrieren sowie Hilfen angeboten, um diese Barrieren m\u00f6glichst abzubauen.<\/p>\n\n\n\n<p>Praktische Hinweise, wie Sie m\u00f6glichst <strong>barrierefreie Materialien<\/strong> erstellen und unterrichten k\u00f6nnen, finden Sie auf diesen entsprechenden Seiten dieses WordPress:<\/p>\n\n\n\n<ul class=\"wp-block-list\"><li>&#8222;<a href=\"https:\/\/wordpress.nibis.de\/barrierefreiheit\/download-angebote-erstellen\/\" data-type=\"page\" data-id=\"321\">Download-Angebote erstellen<\/a>&#8220; bietet Hinweise f\u00fcr das Erstellen barrierearmer Dokumente.<\/li><li><a href=\"https:\/\/wordpress.nibis.de\/barrierefreiheit\/barrierefreie-dokumente-in-lernkontexten\/\" data-type=\"post\" data-id=\"719\">Barrierefreie Dokumente in Lernkontexten<\/a> und<\/li><li>eine kostenfreie <a href=\"https:\/\/wordpress.nibis.de\/barrierefreiheit\/lernkurs-knowledge-badge-barrierefrei-lehren\/\">Online-Fortbildung zum Thema<\/a>.<\/li><li>Auf der Seite &#8222;<a href=\"https:\/\/wordpress.nibis.de\/barrierefreiheit\/moodle-barrierefrei\/\" data-type=\"page\" data-id=\"173\">Moodle barrierefrei<\/a>&#8220; finden Sie Tipps bei der Erstellung von Moodle-Kursen.<\/li><\/ul>\n\n\n\n<p>Grundlegende Informationen zur inklusiven Schule finden Sie im Portal &#8222;<a href=\"https:\/\/bildungsportal-niedersachsen.de\/inklusive-schule\/\">Inklusive Schule<\/a>&#8222;. <\/p>\n\n\n\n<p><strong>Suchen Sie Praxistipps f\u00fcr Ihren Unterricht, \u00f6ffentlich zug\u00e4ngliche inklusive Materialien oder p\u00e4dagogische Tipps? Dann schauen Sie gern in <\/strong><a href=\"https:\/\/wordpress.nibis.de\/barrierefreiheit\/category\/unterricht\/\"><strong>unsere speziellen Blogbeitr\u00e4ge<\/strong><\/a><strong>.<\/strong><\/p>\n","protected":false},"excerpt":{"rendered":"<p>Sehr konkrete Hilfen und Informationen bietet die Seite &#8222;Barrierefreies Blinddate&#8220;, die zwar f\u00fcr Hochschularbeit erstellt wurde, deren konkrete Hinweise aber auch f\u00fcr Unterricht und Fortbildungen hilfreich sind. Hier werden Personas vorgestellt, ihre allt\u00e4glichen Hilfsmittel und die entstehenden Barrieren sowie Hilfen angeboten, um diese Barrieren m\u00f6glichst abzubauen. Praktische Hinweise, wie Sie m\u00f6glichst barrierefreie Materialien erstellen und&hellip; <a class=\"continue\" href=\"https:\/\/wordpress.nibis.de\/barrierefreiheit\/ihr-unterricht\/\">mehr<span> Ihr Unterricht<\/span><\/a><\/p>\n","protected":false},"author":190,"featured_media":0,"parent":0,"menu_order":0,"comment_status":"closed","ping_status":"closed","template":"","meta":{"footnotes":""},"class_list":["post-779","page","type-page","status-publish","hentry"],"_links":{"self":[{"href":"https:\/\/wordpress.nibis.de\/barrierefreiheit\/wp-json\/wp\/v2\/pages\/779","targetHints":{"allow":["GET"]}}],"collection":[{"href":"https:\/\/wordpress.nibis.de\/barrierefreiheit\/wp-json\/wp\/v2\/pages"}],"about":[{"href":"https:\/\/wordpress.nibis.de\/barrierefreiheit\/wp-json\/wp\/v2\/types\/page"}],"author":[{"embeddable":true,"href":"https:\/\/wordpress.nibis.de\/barrierefreiheit\/wp-json\/wp\/v2\/users\/190"}],"replies":[{"embeddable":true,"href":"https:\/\/wordpress.nibis.de\/barrierefreiheit\/wp-json\/wp\/v2\/comments?post=779"}],"version-history":[{"count":7,"href":"https:\/\/wordpress.nibis.de\/barrierefreiheit\/wp-json\/wp\/v2\/pages\/779\/revisions"}],"predecessor-version":[{"id":1021,"href":"https:\/\/wordpress.nibis.de\/barrierefreiheit\/wp-json\/wp\/v2\/pages\/779\/revisions\/1021"}],"wp:attachment":[{"href":"https:\/\/wordpress.nibis.de\/barrierefreiheit\/wp-json\/wp\/v2\/media?parent=779"}],"curies":[{"name":"wp","href":"https:\/\/api.w.org\/{rel}","templated":true}]}}