{"id":91,"date":"2023-06-13T10:48:53","date_gmt":"2023-06-13T08:48:53","guid":{"rendered":"https:\/\/wordpress.nibis.de\/barrierefreiheit\/?page_id=91"},"modified":"2024-04-15T12:22:08","modified_gmt":"2024-04-15T10:22:08","slug":"schulhomepage-und-wordpress","status":"publish","type":"page","link":"https:\/\/wordpress.nibis.de\/barrierefreiheit\/schulhomepage-und-wordpress\/","title":{"rendered":"LMS und Schulhomepage"},"content":{"rendered":"\n<p>Das NLQ bietet Webseiten und Anwendungen in m\u00f6glichst barrierearmer Form an. Dies gilt auch f\u00fcr die Lernmanagementsysteme und den Webspace f\u00fcr Schule und Unterricht, die Sie aus unserem Angebot nutzen. <\/p>\n\n\n\n<p>Auf diesen Seiten wird beschrieben, wie die Schulen barrierearme individuelle Lernr\u00e4ume mit Moodle oder  Webseiten mit dem Tool WordPress erstellen k\u00f6nnen, welche organisatorischen und redaktionellen Aufgaben dies mit sich bringt. <\/p>\n\n\n\n<p>Wie Sie diese Angebote f\u00fcr Ihre Schule beantragen k\u00f6nnen, finden Sie hier: https:\/\/bildungsportal-niedersachsen.de\/it-angebote-fuer-schulen<\/p>\n\n\n\n<p>Hier die Themen\u00fcbersicht zu Barrierefreiheitsaspekten bestimmter Produkte und Angebote:<\/p>\n\n\n\n<div class=\"wp-block-columns is-layout-flex wp-container-core-columns-is-layout-abceabcf wp-block-columns-is-layout-flex\">\n<div class=\"wp-block-column is-layout-flow wp-block-column-is-layout-flow\" style=\"--col-width:100%;flex-basis:100%\">\n<div class=\"wp-block-columns is-layout-flex wp-container-core-columns-is-layout-abceabcf wp-block-columns-is-layout-flex\">\n<div class=\"wp-block-column is-layout-flow wp-block-column-is-layout-flow\">\n<figure class=\"wp-block-image alignwide size-large is-style-tw-border\"><img loading=\"lazy\" decoding=\"async\" width=\"1024\" height=\"1020\" src=\"https:\/\/wordpress.nibis.de\/barrierefreiheit\/files\/2024\/04\/homepage-2151047_1280-edited-1024x1020.png\" alt=\"Aus Pixabay\" class=\"wp-image-756\" title=\"Quelle: Pixabay\" srcset=\"https:\/\/wordpress.nibis.de\/barrierefreiheit\/files\/2024\/04\/homepage-2151047_1280-edited-1024x1020.png 1024w, https:\/\/wordpress.nibis.de\/barrierefreiheit\/files\/2024\/04\/homepage-2151047_1280-edited-300x300.png 300w, https:\/\/wordpress.nibis.de\/barrierefreiheit\/files\/2024\/04\/homepage-2151047_1280-edited-150x150.png 150w, https:\/\/wordpress.nibis.de\/barrierefreiheit\/files\/2024\/04\/homepage-2151047_1280-edited-768x765.png 768w, https:\/\/wordpress.nibis.de\/barrierefreiheit\/files\/2024\/04\/homepage-2151047_1280-edited-200x200.png 200w, https:\/\/wordpress.nibis.de\/barrierefreiheit\/files\/2024\/04\/homepage-2151047_1280-edited-232x232.png 232w, https:\/\/wordpress.nibis.de\/barrierefreiheit\/files\/2024\/04\/homepage-2151047_1280-edited.png 1163w\" sizes=\"auto, (max-width: 1024px) 100vw, 1024px\" \/><figcaption><a href=\"https:\/\/wordpress.nibis.de\/barrierefreiheit\/der-aufbau-ihrer-seite\/\">Website<\/a><\/figcaption><\/figure>\n<\/div>\n\n\n\n<div class=\"wp-block-column is-layout-flow wp-block-column-is-layout-flow\">\n<figure class=\"wp-block-image alignwide size-thumbnail is-style-tw-border\"><img loading=\"lazy\" decoding=\"async\" width=\"150\" height=\"150\" src=\"https:\/\/wordpress.nibis.de\/barrierefreiheit\/files\/2023\/10\/laptop-1019782_1280-150x150.jpg\" alt=\"Eine Person sitzt am Schreibtisch und tippt auf einem Laptop\" class=\"wp-image-475\" title=\"Quelle: Pixabay https:\/\/pixabay.com\/de\/users\/peggy_marco\" srcset=\"https:\/\/wordpress.nibis.de\/barrierefreiheit\/files\/2023\/10\/laptop-1019782_1280-150x150.jpg 150w, https:\/\/wordpress.nibis.de\/barrierefreiheit\/files\/2023\/10\/laptop-1019782_1280-300x300.jpg 300w, https:\/\/wordpress.nibis.de\/barrierefreiheit\/files\/2023\/10\/laptop-1019782_1280-1024x1024.jpg 1024w, https:\/\/wordpress.nibis.de\/barrierefreiheit\/files\/2023\/10\/laptop-1019782_1280-768x768.jpg 768w, https:\/\/wordpress.nibis.de\/barrierefreiheit\/files\/2023\/10\/laptop-1019782_1280-200x200.jpg 200w, https:\/\/wordpress.nibis.de\/barrierefreiheit\/files\/2023\/10\/laptop-1019782_1280-232x232.jpg 232w, https:\/\/wordpress.nibis.de\/barrierefreiheit\/files\/2023\/10\/laptop-1019782_1280.jpg 1280w\" sizes=\"auto, (max-width: 150px) 100vw, 150px\" \/><figcaption><a href=\"https:\/\/wordpress.nibis.de\/barrierefreiheit\/bigbluebutton-barrierearm\/\" data-type=\"page\" data-id=\"673\">BBB<\/a><\/figcaption><\/figure>\n<\/div>\n\n\n\n<div class=\"wp-block-column is-layout-flow wp-block-column-is-layout-flow\">\n<figure class=\"wp-block-image alignwide size-thumbnail is-style-tw-border\"><img loading=\"lazy\" decoding=\"async\" width=\"150\" height=\"150\" src=\"https:\/\/wordpress.nibis.de\/barrierefreiheit\/files\/2023\/10\/laptop-1019782_1280-150x150.jpg\" alt=\"Eine Person sitzt am Schreibtisch und tippt auf einem Laptop\" class=\"wp-image-475\" title=\"Quelle: Pixabay https:\/\/pixabay.com\/de\/users\/peggy_marco\" srcset=\"https:\/\/wordpress.nibis.de\/barrierefreiheit\/files\/2023\/10\/laptop-1019782_1280-150x150.jpg 150w, https:\/\/wordpress.nibis.de\/barrierefreiheit\/files\/2023\/10\/laptop-1019782_1280-300x300.jpg 300w, https:\/\/wordpress.nibis.de\/barrierefreiheit\/files\/2023\/10\/laptop-1019782_1280-1024x1024.jpg 1024w, https:\/\/wordpress.nibis.de\/barrierefreiheit\/files\/2023\/10\/laptop-1019782_1280-768x768.jpg 768w, https:\/\/wordpress.nibis.de\/barrierefreiheit\/files\/2023\/10\/laptop-1019782_1280-200x200.jpg 200w, https:\/\/wordpress.nibis.de\/barrierefreiheit\/files\/2023\/10\/laptop-1019782_1280-232x232.jpg 232w, https:\/\/wordpress.nibis.de\/barrierefreiheit\/files\/2023\/10\/laptop-1019782_1280.jpg 1280w\" sizes=\"auto, (max-width: 150px) 100vw, 150px\" \/><figcaption><a href=\"https:\/\/wordpress.nibis.de\/barrierefreiheit\/moodle-barrierefrei\/\" data-type=\"page\" data-id=\"173\">Moodle<\/a><\/figcaption><\/figure>\n<\/div>\n\n\n\n<div class=\"wp-block-column is-layout-flow wp-block-column-is-layout-flow\">\n<figure class=\"wp-block-image alignwide size-full is-style-tw-border\"><img loading=\"lazy\" decoding=\"async\" width=\"850\" height=\"855\" src=\"https:\/\/wordpress.nibis.de\/barrierefreiheit\/files\/2024\/04\/Images-edited.png\" alt=\"\" class=\"wp-image-765\" title=\"Quelle: Pixabay\" srcset=\"https:\/\/wordpress.nibis.de\/barrierefreiheit\/files\/2024\/04\/Images-edited.png 850w, https:\/\/wordpress.nibis.de\/barrierefreiheit\/files\/2024\/04\/Images-edited-298x300.png 298w, https:\/\/wordpress.nibis.de\/barrierefreiheit\/files\/2024\/04\/Images-edited-150x150.png 150w, https:\/\/wordpress.nibis.de\/barrierefreiheit\/files\/2024\/04\/Images-edited-768x773.png 768w, https:\/\/wordpress.nibis.de\/barrierefreiheit\/files\/2024\/04\/Images-edited-200x200.png 200w, https:\/\/wordpress.nibis.de\/barrierefreiheit\/files\/2024\/04\/Images-edited-232x232.png 232w\" sizes=\"auto, (max-width: 850px) 100vw, 850px\" \/><figcaption><a href=\"https:\/\/bidab.nibis.de\/\">Bilder<\/a><\/figcaption><\/figure>\n<\/div>\n\n\n\n<div class=\"wp-block-column is-layout-flow wp-block-column-is-layout-flow\">\n<figure class=\"wp-block-image alignwide size-full is-style-tw-border\" id=\"Quelle:-Pixabay\"><img loading=\"lazy\" decoding=\"async\" width=\"856\" height=\"852\" src=\"https:\/\/wordpress.nibis.de\/barrierefreiheit\/files\/2024\/04\/Signature-edited.png\" alt=\"Aus fontawesome\" class=\"wp-image-758\" srcset=\"https:\/\/wordpress.nibis.de\/barrierefreiheit\/files\/2024\/04\/Signature-edited.png 856w, https:\/\/wordpress.nibis.de\/barrierefreiheit\/files\/2024\/04\/Signature-edited-300x300.png 300w, https:\/\/wordpress.nibis.de\/barrierefreiheit\/files\/2024\/04\/Signature-edited-150x150.png 150w, https:\/\/wordpress.nibis.de\/barrierefreiheit\/files\/2024\/04\/Signature-edited-768x764.png 768w, https:\/\/wordpress.nibis.de\/barrierefreiheit\/files\/2024\/04\/Signature-edited-200x200.png 200w, https:\/\/wordpress.nibis.de\/barrierefreiheit\/files\/2024\/04\/Signature-edited-232x232.png 232w\" sizes=\"auto, (max-width: 856px) 100vw, 856px\" \/><figcaption><a href=\"https:\/\/wordpress.nibis.de\/barrierefreiheit\/redaktionelle-prozesse-waehrend-der-publikation-von-barrierefreien-internetseiten\/\" data-type=\"page\" data-id=\"24\">Redaktion<\/a><\/figcaption><\/figure>\n<\/div>\n<\/div>\n<\/div>\n<\/div>\n\n\n\n<p><\/p>\n","protected":false},"excerpt":{"rendered":"<p>Das NLQ bietet Webseiten und Anwendungen in m\u00f6glichst barrierearmer Form an. Dies gilt auch f\u00fcr die Lernmanagementsysteme und den Webspace f\u00fcr Schule und Unterricht, die Sie aus unserem Angebot nutzen. Auf diesen Seiten wird beschrieben, wie die Schulen barrierearme individuelle Lernr\u00e4ume mit Moodle oder Webseiten mit dem Tool WordPress erstellen k\u00f6nnen, welche organisatorischen und redaktionellen&hellip; <a class=\"continue\" href=\"https:\/\/wordpress.nibis.de\/barrierefreiheit\/schulhomepage-und-wordpress\/\">mehr<span> LMS und Schulhomepage<\/span><\/a><\/p>\n","protected":false},"author":190,"featured_media":0,"parent":0,"menu_order":0,"comment_status":"closed","ping_status":"closed","template":"","meta":{"footnotes":""},"class_list":["post-91","page","type-page","status-publish","hentry"],"_links":{"self":[{"href":"https:\/\/wordpress.nibis.de\/barrierefreiheit\/wp-json\/wp\/v2\/pages\/91","targetHints":{"allow":["GET"]}}],"collection":[{"href":"https:\/\/wordpress.nibis.de\/barrierefreiheit\/wp-json\/wp\/v2\/pages"}],"about":[{"href":"https:\/\/wordpress.nibis.de\/barrierefreiheit\/wp-json\/wp\/v2\/types\/page"}],"author":[{"embeddable":true,"href":"https:\/\/wordpress.nibis.de\/barrierefreiheit\/wp-json\/wp\/v2\/users\/190"}],"replies":[{"embeddable":true,"href":"https:\/\/wordpress.nibis.de\/barrierefreiheit\/wp-json\/wp\/v2\/comments?post=91"}],"version-history":[{"count":29,"href":"https:\/\/wordpress.nibis.de\/barrierefreiheit\/wp-json\/wp\/v2\/pages\/91\/revisions"}],"predecessor-version":[{"id":766,"href":"https:\/\/wordpress.nibis.de\/barrierefreiheit\/wp-json\/wp\/v2\/pages\/91\/revisions\/766"}],"wp:attachment":[{"href":"https:\/\/wordpress.nibis.de\/barrierefreiheit\/wp-json\/wp\/v2\/media?parent=91"}],"curies":[{"name":"wp","href":"https:\/\/api.w.org\/{rel}","templated":true}]}}