{"id":95,"date":"2023-06-13T11:05:05","date_gmt":"2023-06-13T09:05:05","guid":{"rendered":"https:\/\/wordpress.nibis.de\/barrierefreiheit\/?page_id=95"},"modified":"2023-11-28T10:42:18","modified_gmt":"2023-11-28T09:42:18","slug":"leichte-sprache","status":"publish","type":"page","link":"https:\/\/wordpress.nibis.de\/barrierefreiheit\/leichte-sprache\/","title":{"rendered":"Leichte Sprache"},"content":{"rendered":"\n<p>Dies ist eine Seite von Fachbereich 52 im Nieders\u00e4chsischen Landesinstitut f\u00fcr schulische Qualit\u00e4tsentwicklung. <br \/>Die Abk\u00fcrzung von unserem Landesinstitut ist NLQ.<\/p>\n\n\n\n<p>Das NLQ hilft Schulen bei ihrer Arbeit.<br \/>Die Schulen schreiben viele Briefe an die Eltern.<br \/>Die Schulen schreiben auch auch viel auf ihren Webseiten.<br \/>Und diese  Schreiben m\u00fcssen barrierefrei sein.<br \/>Auf dieser Seite erkl\u00e4ren wir darum den Schulen viel zum Thema Barrierefreiheit.<\/p>\n\n\n\n<p><br \/>Zum Beispiel:<br \/>&#8211; Wie erstellen Sie Webseiten f\u00fcr alle?<br \/>&#8211; Was ist Leichte Sprache?<br \/>&#8211; Was f\u00fcr Seiten braucht man in Geb\u00e4rdensprache?<\/p>\n\n\n\n<h2 class=\"wp-block-heading\">Sie wollen eine Seite in \u00dcbersetzung in Leichte Sprache? <\/h2>\n\n\n\n<p>Schreiben Sie uns mit dem Formular rechts auf der Wunsch-Seite.<\/p>\n","protected":false},"excerpt":{"rendered":"<p>Dies ist eine Seite von Fachbereich 52 im Nieders\u00e4chsischen Landesinstitut f\u00fcr schulische Qualit\u00e4tsentwicklung. Die Abk\u00fcrzung von unserem Landesinstitut ist NLQ. Das NLQ hilft Schulen bei ihrer Arbeit.Die Schulen schreiben viele Briefe an die Eltern.Die Schulen schreiben auch auch viel auf ihren Webseiten.Und diese Schreiben m\u00fcssen barrierefrei sein.Auf dieser Seite erkl\u00e4ren wir darum den Schulen viel&hellip; <a class=\"continue\" href=\"https:\/\/wordpress.nibis.de\/barrierefreiheit\/leichte-sprache\/\">mehr<span> Leichte Sprache<\/span><\/a><\/p>\n","protected":false},"author":190,"featured_media":0,"parent":0,"menu_order":0,"comment_status":"closed","ping_status":"closed","template":"","meta":{"footnotes":""},"class_list":["post-95","page","type-page","status-publish","hentry"],"_links":{"self":[{"href":"https:\/\/wordpress.nibis.de\/barrierefreiheit\/wp-json\/wp\/v2\/pages\/95","targetHints":{"allow":["GET"]}}],"collection":[{"href":"https:\/\/wordpress.nibis.de\/barrierefreiheit\/wp-json\/wp\/v2\/pages"}],"about":[{"href":"https:\/\/wordpress.nibis.de\/barrierefreiheit\/wp-json\/wp\/v2\/types\/page"}],"author":[{"embeddable":true,"href":"https:\/\/wordpress.nibis.de\/barrierefreiheit\/wp-json\/wp\/v2\/users\/190"}],"replies":[{"embeddable":true,"href":"https:\/\/wordpress.nibis.de\/barrierefreiheit\/wp-json\/wp\/v2\/comments?post=95"}],"version-history":[{"count":8,"href":"https:\/\/wordpress.nibis.de\/barrierefreiheit\/wp-json\/wp\/v2\/pages\/95\/revisions"}],"predecessor-version":[{"id":605,"href":"https:\/\/wordpress.nibis.de\/barrierefreiheit\/wp-json\/wp\/v2\/pages\/95\/revisions\/605"}],"wp:attachment":[{"href":"https:\/\/wordpress.nibis.de\/barrierefreiheit\/wp-json\/wp\/v2\/media?parent=95"}],"curies":[{"name":"wp","href":"https:\/\/api.w.org\/{rel}","templated":true}]}}