{"id":11,"date":"2018-12-06T09:29:38","date_gmt":"2018-12-06T08:29:38","guid":{"rendered":"https:\/\/wordpress.nibis.de\/bbsplan\/?page_id=11"},"modified":"2026-01-08T14:49:51","modified_gmt":"2026-01-08T13:49:51","slug":"schulungen","status":"publish","type":"page","link":"https:\/\/wordpress.nibis.de\/bbsplan\/schulungen\/","title":{"rendered":"Schulungen"},"content":{"rendered":"<p>Organisation der Schulungen<\/p>\n<p>Seit dem Jahr 2010 werden die Schulungen zu BBS Planung und den weiteren Modulen vom Nieders\u00e4chsischen Landesinstitut f\u00fcr schulische Qualit\u00e4tsentwicklung (NLQ) organisiert. Sie erhalten die Einladungen daher k\u00fcnftig \u00fcber die Schulleitung oder den\/die Fortbildungsbeauftragten Ihrer Schule. Das NLQ ist auch f\u00fcr Anmeldebest\u00e4tigungen, Teilnahmebescheinigungen usw. zust\u00e4ndig. Der Veranstaltungsort wird Ihnen mit der Teilnahmebest\u00e4tigung genannt. Einen \u00dcberblick \u00fcber die Veranstaltungen des NLQ inklusive der hier angek\u00fcndigten Schulungen bietet Ihnen die Veranstaltungsdatenbank VeDaB des NLQ.<\/p>\n<p><strong>Schulungen 2026<\/strong><\/p>\n\n<table id=\"tablepress-13\" class=\"tablepress tablepress-id-13\">\n<thead>\n<tr class=\"row-1\">\n\t<th class=\"column-1\">Nr.<\/th><th class=\"column-2\">VA-Nr.<\/th><th class=\"column-3\">Termin<\/th><th class=\"column-4\">Schulungsinformationen<\/th><th class=\"column-5\">Anmeldung<\/th>\n<\/tr>\n<\/thead>\n<tbody class=\"row-striping row-hover\">\n<tr class=\"row-2\">\n\t<td class=\"column-1\">1<\/td><td class=\"column-2\">26.08.24<\/td><td class=\"column-3\">16.02.20226<\/td><td class=\"column-4\">BBS Planung - Workshop BBS Zeugnis<\/td><td class=\"column-5\"><a href=\"https:\/\/nlc.info\/app\/edb\/event\/52560\">Anmeldung<\/a><\/td>\n<\/tr>\n<tr class=\"row-3\">\n\t<td class=\"column-1\">2<\/td><td class=\"column-2\">26.10.19<\/td><td class=\"column-3\">05.03.2026<\/td><td class=\"column-4\">Einf\u00fchrung BBS Planung f\u00fcr erweiterte Schulleitungen<\/td><td class=\"column-5\"><a href=\"https:\/\/nlc.info\/app\/edb\/event\/52561\/\">Anmeldung<\/a><\/td>\n<\/tr>\n<tr class=\"row-4\">\n\t<td class=\"column-1\">3<\/td><td class=\"column-2\">26.37.09<\/td><td class=\"column-3\">07.09. + 11.09.2026<\/td><td class=\"column-4\">BBS Planung - Grundschulung Statistik und Finanzhilfe f\u00fcr Schulen in freier Tr\u00e4gerschaft, Teil 1 am 07.09.2026 - Teil 2 am 11.09.2026<\/td><td class=\"column-5\"><a href=\"https:\/\/nlc.info\/app\/edb\/event\/52676\/\">Anmeldung<\/a><\/td>\n<\/tr>\n<tr class=\"row-5\">\n\t<td class=\"column-1\">4<\/td><td class=\"column-2\">26.48.06<\/td><td class=\"column-3\">25.-26.11.2026<\/td><td class=\"column-4\">BBS Zeugnis: Grundschulung (ohne Berufliches Gymnasium)<\/td><td class=\"column-5\"><a href=\"https:\/\/nlc.info\/app\/edb\/event\/52846\/\">Anmeldung<\/a><\/td>\n<\/tr>\n<tr class=\"row-6\">\n\t<td class=\"column-1\">5<\/td><td class=\"column-2\">26.49.04<\/td><td class=\"column-3\">02.-03.12.2026<\/td><td class=\"column-4\">BBS Zeugnis: Zeugnisschreibung im Beruflichen Gymnasium - Einf\u00fchrungs- und Qualifikationsphase<\/td><td class=\"column-5\"><a href=\"https:\/\/nlc.info\/app\/edb\/event\/52848\/\">Anmeldung<\/a><\/td>\n<\/tr>\n<\/tbody>\n<\/table>\n<!-- #tablepress-13 from cache -->\n\n\n<p><\/p>\n","protected":false},"excerpt":{"rendered":"<p>Organisation der Schulungen Seit dem Jahr 2010 werden die Schulungen zu BBS Planung und den weiteren Modulen vom Nieders\u00e4chsischen Landesinstitut f\u00fcr schulische Qualit\u00e4tsentwicklung (NLQ) organisiert. Sie erhalten die Einladungen daher k\u00fcnftig \u00fcber die Schulleitung oder den\/die Fortbildungsbeauftragten Ihrer Schule. Das NLQ ist auch f\u00fcr Anmeldebest\u00e4tigungen, Teilnahmebescheinigungen usw. zust\u00e4ndig. Der Veranstaltungsort wird Ihnen mit der Teilnahmebest\u00e4tigung [&hellip;]<\/p>\n","protected":false},"author":9192865,"featured_media":0,"parent":0,"menu_order":0,"comment_status":"closed","ping_status":"closed","template":"","meta":{"footnotes":""},"class_list":["post-11","page","type-page","status-publish","hentry"],"_links":{"self":[{"href":"https:\/\/wordpress.nibis.de\/bbsplan\/wp-json\/wp\/v2\/pages\/11","targetHints":{"allow":["GET"]}}],"collection":[{"href":"https:\/\/wordpress.nibis.de\/bbsplan\/wp-json\/wp\/v2\/pages"}],"about":[{"href":"https:\/\/wordpress.nibis.de\/bbsplan\/wp-json\/wp\/v2\/types\/page"}],"author":[{"embeddable":true,"href":"https:\/\/wordpress.nibis.de\/bbsplan\/wp-json\/wp\/v2\/users\/9192865"}],"replies":[{"embeddable":true,"href":"https:\/\/wordpress.nibis.de\/bbsplan\/wp-json\/wp\/v2\/comments?post=11"}],"version-history":[{"count":14,"href":"https:\/\/wordpress.nibis.de\/bbsplan\/wp-json\/wp\/v2\/pages\/11\/revisions"}],"predecessor-version":[{"id":638,"href":"https:\/\/wordpress.nibis.de\/bbsplan\/wp-json\/wp\/v2\/pages\/11\/revisions\/638"}],"wp:attachment":[{"href":"https:\/\/wordpress.nibis.de\/bbsplan\/wp-json\/wp\/v2\/media?parent=11"}],"curies":[{"name":"wp","href":"https:\/\/api.w.org\/{rel}","templated":true}]}}