{"id":12,"date":"2018-12-06T09:29:38","date_gmt":"2018-12-06T08:29:38","guid":{"rendered":"https:\/\/wordpress.nibis.de\/bbsplan\/?page_id=12"},"modified":"2025-09-23T14:10:16","modified_gmt":"2025-09-23T12:10:16","slug":"informationsveranstaltungen-zur-statistik","status":"publish","type":"page","link":"https:\/\/wordpress.nibis.de\/bbsplan\/informationsveranstaltungen-zur-statistik\/","title":{"rendered":"Veranstaltungen zur Statistik"},"content":{"rendered":"\n<p>Die f\u00fcr die berufsbildenden Schulen verpflichtenden Dienstbesprechungen zur Schulstatistik und zu den Neuerungen in BBS Planung sowie den weiteren Modulen werden vom Referat 42 des Nieders\u00e4chsischen Kultusministeriums organsiert. Die Einladungen erhalten Sie grunds\u00e4tzlich vom Dezernat Z \u2013 Team BBS \u2013 im RLSB L\u00fcneburg, das auch f\u00fcr die Anmeldebest\u00e4tigungen, Teilnahmebescheinigungen usw. zust\u00e4ndig ist.<\/p>\n\n\n\n<p><b>Schuljahr 2024\/2025<\/b><\/p>\n\n\n\n<p><a href=\"https:\/\/wordpress.nibis.de\/bbsplan\/files\/2025\/09\/Praesentation-DB-Statistik-2024.pdf\" data-type=\"URL\" target=\"_blank\" rel=\"noreferrer noopener\">Pr\u00e4sentation DB Statistik 2024 \u00f6ffentliche BBS<\/a><\/p>\n\n\n\n<p><a href=\"https:\/\/wordpress.nibis.de\/bbsplan\/files\/2025\/09\/Praesentation-DB-Statistik-2024-Schulen-ifT.pdf\" data-type=\"URL\" target=\"_blank\" rel=\"noreferrer noopener\">Pr\u00e4sentation DB Statistik 2024 private BBS<\/a><\/p>\n\n\n\n<p><b>Schuljahr 2023\/2024<\/b><\/p>\n\n\n\n<p><a href=\"https:\/\/wordpress.nibis.de\/bbsplan\/files\/2025\/09\/Praesentation-DB-Statistik-2023.pdf\" data-type=\"URL\" target=\"_blank\" rel=\"noreferrer noopener\">Pr\u00e4sentation DB Statistik 2023 \u00f6ffentliche BBS<\/a><\/p>\n\n\n\n<p><a href=\"https:\/\/wordpress.nibis.de\/bbsplan\/files\/2023\/12\/Gesamtprotokoll-Dienstbesprechung-zur-Schulstatistik-2023.pdf\" target=\"_blank\" rel=\"noreferrer noopener\">Gesamtprotokoll Dienstbesprechung zur Schulstatistik 2023 \u00f6ffentliche BBS<\/a><\/p>\n\n\n\n<p><a href=\"https:\/\/wordpress.nibis.de\/bbsplan\/files\/2025\/09\/Praesentation-DB-Statistik-2023-Schulen-ifT.pdf\" data-type=\"URL\" target=\"_blank\" rel=\"noreferrer noopener\">Pr\u00e4sentation DB Statistik 2023 private BBS<\/a><\/p>\n\n\n\n<p><a rel=\"noreferrer noopener\" href=\"https:\/\/wordpress.nibis.de\/bbsplan\/files\/2023\/12\/Praesentation-DB-Statistik-2023.pdf\" data-type=\"URL\" target=\"_blank\"><\/a><a href=\"https:\/\/wordpress.nibis.de\/bbsplan\/files\/2023\/12\/Gesamtprotokoll_Dienstbesprechung_zur_Schulstatistik_2023_private_BBS.pdf\" data-type=\"URL\" data-id=\"https:\/\/wordpress.nibis.de\/bbsplan\/files\/2023\/12\/Gesamtprotokoll_Dienstbesprechung_zur_Schulstatistik_2023_private_BBS.pdf\" target=\"_blank\" rel=\"noreferrer noopener\">Gesamtprotokoll Dienstbesprechung zur Schulstatistik 2023 private BBS<\/a><\/p>\n\n\n\n<p><b>Schuljahr 2022\/2023<\/b><\/p>\n\n\n\n<p><a href=\"https:\/\/wordpress.nibis.de\/bbsplan\/files\/2025\/09\/Praesentation-DB-Statistik-2022.pdf\" target=\"_blank\" rel=\"noreferrer noopener\">Pr\u00e4sentation DB Statistik 2022 \u00f6ffentliche BBS<\/a><\/p>\n\n\n\n<p><a rel=\"noreferrer noopener\" href=\"https:\/\/wordpress.nibis.de\/bbsplan\/files\/2022\/11\/Gesamtprotokoll-Dienstbesprechung-zur-Schulstatistik-2022.pdf\" target=\"_blank\">Gesamtprotokoll Dienstbesprechung zur Schulstatistik 2022 \u00f6ffentliche BBS<\/a><\/p>\n\n\n\n<p><a href=\"https:\/\/wordpress.nibis.de\/bbsplan\/files\/2025\/09\/Praesentation-DB-Statistik-2022-Schulen-ifT-1.pdf\" target=\"_blank\" rel=\"noreferrer noopener\">Pr\u00e4sentation DB Statistik 2022 private BBS<\/a><\/p>\n\n\n\n<div class=\"wp-block-file\"><a id=\"wp-block-file--media-baced5a3-7449-407e-94b5-9c6465dbe4f8\" href=\"https:\/\/wordpress.nibis.de\/bbsplan\/files\/2022\/12\/Gesamtprotokoll-Dienstbesprechung-zur-Schulstatistik-2022-private-BBS.pdf\">Gesamtprotokoll Dienstbesprechung zur Schulstatistik 2022 private BBS<\/a><\/div>\n\n\n\n<p><\/p>\n\n\n\n<p><\/p>\n\n\n\n<p><b>Aus dem Schuljahr 2021\/2022:<\/b><\/p>\n\n\n\n<p><a href=\"https:\/\/wordpress.nibis.de\/bbsplan\/files\/2025\/09\/Praesentation-DB-Statistik-2021-oeffentliche-BBS-1.pdf\" target=\"_blank\" rel=\"noreferrer noopener\">Pr\u00e4sentation DB Statistik 2021 \u00f6ffentliche BBS<\/a><\/p>\n\n\n\n<div class=\"wp-block-file\"><a id=\"wp-block-file--media-7eb7b50e-606a-4376-b18e-c08cf6878a95\" href=\"https:\/\/wordpress.nibis.de\/bbsplan\/files\/2022\/05\/Gesamtprotokoll_Dienstbesprechung_zur_Schulstatistik_2021_oeffentliche_BBS.pdf\">Gesamtprotokoll Dienstbesprechung zur Schulstatistik 2021 \u00f6ffentliche BBS<\/a><\/div>\n\n\n\n<div class=\"wp-block-file\"><a id=\"wp-block-file--media-ad8fef02-6ebb-4edf-9d53-6f29e9ea810b\" href=\"https:\/\/wordpress.nibis.de\/bbsplan\/files\/2022\/05\/Gesamtprotokoll-Dienstbesprechung-zur-Schulstatistik-2021-private-BBS.pdf\">Gesamtprotokoll Dienstbesprechung zur Schulstatistik 2021 private BBS<\/a><\/div>\n\n\n\n<p><a href=\"https:\/\/wordpress.nibis.de\/bbsplan\/files\/2025\/09\/Praesentation-DB-Statistik-2021-private-BBS.pdf\" target=\"_blank\" rel=\"noreferrer noopener\">Pr\u00e4sentation DB Statistik 2021 private BBS<\/a><\/p>\n\n\n\n\n\n<p><\/p>\n","protected":false},"excerpt":{"rendered":"<p>Die f\u00fcr die berufsbildenden Schulen verpflichtenden Dienstbesprechungen zur Schulstatistik und zu den Neuerungen in BBS Planung sowie den weiteren Modulen werden vom Referat 42 des Nieders\u00e4chsischen Kultusministeriums organsiert. Die Einladungen erhalten Sie grunds\u00e4tzlich vom Dezernat Z \u2013 Team BBS \u2013 im RLSB L\u00fcneburg, das auch f\u00fcr die Anmeldebest\u00e4tigungen, Teilnahmebescheinigungen usw. zust\u00e4ndig ist. Schuljahr 2024\/2025 Pr\u00e4sentation [&hellip;]<\/p>\n","protected":false},"author":9192865,"featured_media":0,"parent":0,"menu_order":0,"comment_status":"closed","ping_status":"closed","template":"","meta":{"footnotes":""},"class_list":["post-12","page","type-page","status-publish","hentry"],"_links":{"self":[{"href":"https:\/\/wordpress.nibis.de\/bbsplan\/wp-json\/wp\/v2\/pages\/12","targetHints":{"allow":["GET"]}}],"collection":[{"href":"https:\/\/wordpress.nibis.de\/bbsplan\/wp-json\/wp\/v2\/pages"}],"about":[{"href":"https:\/\/wordpress.nibis.de\/bbsplan\/wp-json\/wp\/v2\/types\/page"}],"author":[{"embeddable":true,"href":"https:\/\/wordpress.nibis.de\/bbsplan\/wp-json\/wp\/v2\/users\/9192865"}],"replies":[{"embeddable":true,"href":"https:\/\/wordpress.nibis.de\/bbsplan\/wp-json\/wp\/v2\/comments?post=12"}],"version-history":[{"count":31,"href":"https:\/\/wordpress.nibis.de\/bbsplan\/wp-json\/wp\/v2\/pages\/12\/revisions"}],"predecessor-version":[{"id":618,"href":"https:\/\/wordpress.nibis.de\/bbsplan\/wp-json\/wp\/v2\/pages\/12\/revisions\/618"}],"wp:attachment":[{"href":"https:\/\/wordpress.nibis.de\/bbsplan\/wp-json\/wp\/v2\/media?parent=12"}],"curies":[{"name":"wp","href":"https:\/\/api.w.org\/{rel}","templated":true}]}}