{"id":14,"date":"2018-12-06T09:29:39","date_gmt":"2018-12-06T08:29:39","guid":{"rendered":"https:\/\/wordpress.nibis.de\/bbsplan\/?page_id=14"},"modified":"2026-03-11T09:20:07","modified_gmt":"2026-03-11T08:20:07","slug":"supportteam","status":"publish","type":"page","link":"https:\/\/wordpress.nibis.de\/bbsplan\/supportteam\/","title":{"rendered":"Supportteam"},"content":{"rendered":"<div id=\"mainContent\">\n<p><!-- InstanceBeginEditable name=\"Inhalt\" --><\/p>\n<p>BBS Planung, BBS Zeugnis enthalten ausf\u00fchrliche Hilfesysteme, die auch kontextsensitiv Informationen zu den entsprechenden Dialogen enthalten.<\/p>\n<p>Dar\u00fcberhinaus steht Ihnen ein Supportteam von Moderatoren zur Verf\u00fcgung. Die Moderatorinnen und Moderatoren verstehen sich als Team und tauschen untereinander und mit dem Entwickler-Team Problemstellungen und L\u00f6sungsans\u00e4tze aus. Es existieren dennoch Zust\u00e4ndigkeiten der Moderatorinnen und Moderatoren f\u00fcr einzelne Schulen. Das Moderatorenteam setzt sich aus Kolleginnen und Kollegen der Berufsbildenden Schulen zusammen. Die telefonische Ad hoc &#8211; Erreichbarkeit kann daher nicht gew\u00e4hrleistet werden. Der beste Weg der Kontaktaufnahme ist der Weg per eMail an Ihre zust\u00e4ndige Moderatorin oder Ihren Moderator.<\/p>\n<h3>Aufgaben der Moderatoren<\/h3>\n<ul>\n<li>Unterst\u00fctzung der Schulen (ggf. vor Ort)<\/li>\n<li>Durchf\u00fchrung von Schulungen entsprechend der Schuljahresplanung<\/li>\n<li>Ansprechpartner f\u00fcr MK und LSchB<\/li>\n<li>Zusammenarbeit mit dem Entwicklerteam durch Weitergabe von Fehlersituationen und Verbesserungsvorschl\u00e4gen und Durchf\u00fchrung von Funktionstests<\/li>\n<\/ul>\n<h3>Moderatoren<\/h3>\n<ul>\n<li>Wolf Bosse, BBS Winsen, w.bosse&lt;at&gt;bbswinsen.de<\/li>\n<li>Michael Falkenhain, BBS Ammerland, michael.falkenhain&lt;at&gt;bbs-ammerland.de<\/li>\n<li>Thomas Hartje, BBS 1 Osterode, thomas.hartje&lt;at&gt;bbs1osterode.de<\/li>\n<li>Annette Hermes, BBS Wechloy, a.hermes&lt;at&gt;bbs-wechloy.de<\/li>\n<li>Georg Kohnen, BBS Bersenbr\u00fcck, kohnen&lt;at&gt;bbs-bersenbrueck.de<\/li>\n<li>Markus Kriegel, Georg-Sonnin-Schule, kriegel&lt;at&gt;georg-sonnin-schule.de<\/li>\n<li>Torsten Lohmeier,\u00a0 BBS Gifhorn II, torsten.lohmeier&lt;at&gt;bbs2-gifhorn.de<\/li>\n<li>Mirko Pluciennik, BBS Gifhorn I, mirko.pluciennik&lt;at&gt;bbs1-gifhorn.de<\/li>\n<li>Torsten Hustert, BBS ME Hannover, torsten.hustert&lt;at&gt;bbs-me.de<\/li>\n<li>Heiko Seifert, HBS Nordhorn, seifert&lt;at&gt;hbs-nordhorn.de<\/li>\n<li>Simon Stockhorst, BBS Nordhorn Gewerbl., sstockhorst&lt;at&gt;gbs-grafschaft.de<\/li>\n<li>Bettina Szklany, BBS Haste, bettina.szklany&lt;at&gt;bbs-haste.net<\/li>\n<li>Maik Winkelmann, Technikakademie der Stadt Braunschweig, maik.winkelmann&lt;at&gt;wvss.de<\/li>\n<\/ul>\n<h3>Zust\u00e4ndigkeit der Moderatoren f\u00fcr die Schulen<\/h3>\n<p>Die folgenden \u00dcbersichten enthalten eine Zuordnung der Moderatorinnen und Moderatoren zu den berufsbildenden Schulen:<\/p>\n<\/div>\n\n\n<div data-wp-interactive=\"core\/file\" class=\"wp-block-file\"><object data-wp-bind--hidden=\"!state.hasPdfPreview\" hidden class=\"wp-block-file__embed\" data=\"https:\/\/wordpress.nibis.de\/bbsplan\/files\/2025\/02\/oeff_schulen_moderatoren_ort_2025.pdf\" type=\"application\/pdf\" style=\"width:100%;height:600px\" aria-label=\"Einbettung von oeff_schulen_moderatoren_ort_2025.\"><\/object><a id=\"wp-block-file--media-f7338c7d-be03-4dfc-ba17-68b0538fb251\" href=\"https:\/\/wordpress.nibis.de\/bbsplan\/files\/2025\/02\/oeff_schulen_moderatoren_ort_2025.pdf\">oeff_schulen_moderatoren_ort_2025<\/a><a href=\"https:\/\/wordpress.nibis.de\/bbsplan\/files\/2025\/02\/oeff_schulen_moderatoren_ort_2025.pdf\" class=\"wp-block-file__button wp-element-button\" download aria-describedby=\"wp-block-file--media-f7338c7d-be03-4dfc-ba17-68b0538fb251\">Herunterladen<\/a><\/div>\n\n\n\n<div class=\"wp-block-file\"><a id=\"wp-block-file--media-3a20ccab-d74d-4684-bfd4-5b9acf43b3cb\" href=\"https:\/\/wordpress.nibis.de\/bbsplan\/files\/2022\/11\/priv_schulen_moderatoren_ort_2022.pdf\">berufsbildende Schulen in freier Tr\u00e4gerschaft (sortiert nach Ort)<\/a><a href=\"https:\/\/wordpress.nibis.de\/bbsplan\/files\/2022\/11\/priv_schulen_moderatoren_ort_2022.pdf\" class=\"wp-block-file__button wp-element-button\" download aria-describedby=\"wp-block-file--media-3a20ccab-d74d-4684-bfd4-5b9acf43b3cb\">Herunterladen<\/a><\/div>\n\n\n\n\n\n<p><\/p>\n","protected":false},"excerpt":{"rendered":"<p>BBS Planung, BBS Zeugnis enthalten ausf\u00fchrliche Hilfesysteme, die auch kontextsensitiv Informationen zu den entsprechenden Dialogen enthalten. Dar\u00fcberhinaus steht Ihnen ein Supportteam von Moderatoren zur Verf\u00fcgung. Die Moderatorinnen und Moderatoren verstehen sich als Team und tauschen untereinander und mit dem Entwickler-Team Problemstellungen und L\u00f6sungsans\u00e4tze aus. Es existieren dennoch Zust\u00e4ndigkeiten der Moderatorinnen und Moderatoren f\u00fcr einzelne Schulen. [&hellip;]<\/p>\n","protected":false},"author":9192865,"featured_media":0,"parent":0,"menu_order":0,"comment_status":"closed","ping_status":"closed","template":"","meta":{"footnotes":""},"class_list":["post-14","page","type-page","status-publish","hentry"],"_links":{"self":[{"href":"https:\/\/wordpress.nibis.de\/bbsplan\/wp-json\/wp\/v2\/pages\/14","targetHints":{"allow":["GET"]}}],"collection":[{"href":"https:\/\/wordpress.nibis.de\/bbsplan\/wp-json\/wp\/v2\/pages"}],"about":[{"href":"https:\/\/wordpress.nibis.de\/bbsplan\/wp-json\/wp\/v2\/types\/page"}],"author":[{"embeddable":true,"href":"https:\/\/wordpress.nibis.de\/bbsplan\/wp-json\/wp\/v2\/users\/9192865"}],"replies":[{"embeddable":true,"href":"https:\/\/wordpress.nibis.de\/bbsplan\/wp-json\/wp\/v2\/comments?post=14"}],"version-history":[{"count":17,"href":"https:\/\/wordpress.nibis.de\/bbsplan\/wp-json\/wp\/v2\/pages\/14\/revisions"}],"predecessor-version":[{"id":647,"href":"https:\/\/wordpress.nibis.de\/bbsplan\/wp-json\/wp\/v2\/pages\/14\/revisions\/647"}],"wp:attachment":[{"href":"https:\/\/wordpress.nibis.de\/bbsplan\/wp-json\/wp\/v2\/media?parent=14"}],"curies":[{"name":"wp","href":"https:\/\/api.w.org\/{rel}","templated":true}]}}