{"id":7,"date":"2018-12-06T09:29:37","date_gmt":"2018-12-06T08:29:37","guid":{"rendered":"https:\/\/wordpress.nibis.de\/bbsplan\/?page_id=7"},"modified":"2018-12-06T09:55:23","modified_gmt":"2018-12-06T08:55:23","slug":"bbs-zeugnis","status":"publish","type":"page","link":"https:\/\/wordpress.nibis.de\/bbsplan\/bbs-zeugnis\/","title":{"rendered":"BBS Zeugnis"},"content":{"rendered":"<p>Die Datenbankanwendung &#8222;BBS Zeugnis&#8220; dient der Zeugnisschreibung f\u00fcr s\u00e4mtliche Schulformen der Berufsschule.<\/p>\n<p>Sie ist lauff\u00e4hig mit dem Programm Microsoft Access ab Access 2007 oder h\u00f6her auf Windows Betriebssystemen.<\/p>\n<p>Die Datenbankanwendung ist ein Modul der Programmgruppe BBS Planung und setzt dessen Installation und Verwendung voraus.<\/p>\n<p>Als Zusatzprogramm ist auch der BBS Zeugnis-Client verf\u00fcgbar, welcher eine Noteneingabe und Zeugnisbearbeitung in &#8222;verschlankter&#8220; Form erm\u00f6glicht.<\/p>\n<p>Im <u><a href=\"https:\/\/stabil.niedersachsen.de\/\" target=\"_blank\" rel=\"noopener\"> Downloadbereich<\/a><\/u> des Schulportals Niedersachsen stehen Ihnen jeweils die<\/p>\n<ul type=\"disc\">\n<li>aktuelle Vollversion von BBS Zeugnis sowie<\/li>\n<li>Updatemodule zur Verf\u00fcgung. Diese haben den Vorteil, dass nur sehr wenige Administrationsarbeiten notwendig sind, um zu einer neuen BBS Zeugnis-Version zu gelangen.<\/li>\n<\/ul>\n<p>Hinweis:<br \/>\nDas Zeugnismodul ist ein technisches Hilfsmittel zur Erstellung der Zeugnisse. Der Einsatz des Moduls \u00e4ndert nichts an der Situation, dass die Berufsbildende Schule f\u00fcr die Richtigkeit des Zeugnisses (einschlie\u00dflich aller seiner Elemente wie z.B. Bildungsgang, Abschl\u00fcsse, Vermerke, Noten) verantwortlich bleibt.<\/p>\n","protected":false},"excerpt":{"rendered":"<p>Die Datenbankanwendung &#8222;BBS Zeugnis&#8220; dient der Zeugnisschreibung f\u00fcr s\u00e4mtliche Schulformen der Berufsschule. Sie ist lauff\u00e4hig mit dem Programm Microsoft Access ab Access 2007 oder h\u00f6her auf Windows Betriebssystemen. Die Datenbankanwendung ist ein Modul der Programmgruppe BBS Planung und setzt dessen Installation und Verwendung voraus. Als Zusatzprogramm ist auch der BBS Zeugnis-Client verf\u00fcgbar, welcher eine Noteneingabe [&hellip;]<\/p>\n","protected":false},"author":9192865,"featured_media":0,"parent":0,"menu_order":0,"comment_status":"closed","ping_status":"closed","template":"","meta":{"footnotes":""},"class_list":["post-7","page","type-page","status-publish","hentry"],"_links":{"self":[{"href":"https:\/\/wordpress.nibis.de\/bbsplan\/wp-json\/wp\/v2\/pages\/7","targetHints":{"allow":["GET"]}}],"collection":[{"href":"https:\/\/wordpress.nibis.de\/bbsplan\/wp-json\/wp\/v2\/pages"}],"about":[{"href":"https:\/\/wordpress.nibis.de\/bbsplan\/wp-json\/wp\/v2\/types\/page"}],"author":[{"embeddable":true,"href":"https:\/\/wordpress.nibis.de\/bbsplan\/wp-json\/wp\/v2\/users\/9192865"}],"replies":[{"embeddable":true,"href":"https:\/\/wordpress.nibis.de\/bbsplan\/wp-json\/wp\/v2\/comments?post=7"}],"version-history":[{"count":2,"href":"https:\/\/wordpress.nibis.de\/bbsplan\/wp-json\/wp\/v2\/pages\/7\/revisions"}],"predecessor-version":[{"id":77,"href":"https:\/\/wordpress.nibis.de\/bbsplan\/wp-json\/wp\/v2\/pages\/7\/revisions\/77"}],"wp:attachment":[{"href":"https:\/\/wordpress.nibis.de\/bbsplan\/wp-json\/wp\/v2\/media?parent=7"}],"curies":[{"name":"wp","href":"https:\/\/api.w.org\/{rel}","templated":true}]}}