{"id":78,"date":"2018-12-06T09:56:15","date_gmt":"2018-12-06T08:56:15","guid":{"rendered":"https:\/\/wordpress.nibis.de\/bbsplan\/?page_id=78"},"modified":"2018-12-06T15:27:59","modified_gmt":"2018-12-06T14:27:59","slug":"letzte-aenderungen","status":"publish","type":"page","link":"https:\/\/wordpress.nibis.de\/bbsplan\/","title":{"rendered":"Letzte \u00c4nderungen"},"content":{"rendered":"\n<table id=\"tablepress-3\" class=\"tablepress tablepress-id-3\">\n<thead>\n<tr class=\"row-1\">\n\t<th class=\"column-1\">Datum<\/th><th class=\"column-2\">\u00c4nderung<\/th>\n<\/tr>\n<\/thead>\n<tbody class=\"row-striping row-hover\">\n<tr class=\"row-2\">\n\t<td class=\"column-1\">26.01.2026<\/td><td class=\"column-2\">Neue <a href=\"https:\/\/wordpress.nibis.de\/bbsplan\/schulungen\/\" \/>Schulungen<\/a> f\u00fcr 2026 hinzugef\u00fcgt<\/td>\n<\/tr>\n<tr class=\"row-3\">\n\t<td class=\"column-1\">08.01.2026<br \/>\n<br \/>\n<br \/>\n<br \/>\n<\/td><td class=\"column-2\">Neue <a href=\"https:\/\/wordpress.nibis.de\/bbsplan\/schulungen\/\" \/>Schulungen<\/a> f\u00fcr 2026 hinzugef\u00fcgt<\/td>\n<\/tr>\n<tr class=\"row-4\">\n\t<td class=\"column-1\">22.05.2025<\/td><td class=\"column-2\">Die Verlinkung zu den <a href=\"https:\/\/bildungsportal-niedersachsen.de\/berufliche-bildung\/schulverwaltungsprogramm\/lernvideos\" \/>Lernvideos<\/a>  wurde angepasst.<br \/>\n<\/td>\n<\/tr>\n<tr class=\"row-5\">\n\t<td class=\"column-1\">03.02.2025<\/td><td class=\"column-2\">Neue <a href=\"https:\/\/wordpress.nibis.de\/bbsplan\/schulungen\/\" \/>Schulungen<\/a> f\u00fcr 2025 hinzugef\u00fcgt<\/td>\n<\/tr>\n<tr class=\"row-6\">\n\t<td class=\"column-1\">27.12.2023<br \/>\n<\/td><td class=\"column-2\">Pr\u00e4sentation zur Dienstbesprechung zum Download zur Verf\u00fcgung gestellt.<br \/>\n<br \/>\n <a href=\"https:\/\/wordpress.nibis.de\/bbsplan\/informationsveranstaltungen-zur-statistik\/\">Informationsveranstaltungen zur Statistik<\/a> <\/td>\n<\/tr>\n<tr class=\"row-7\">\n\t<td class=\"column-1\">27.12.2023<\/td><td class=\"column-2\">Pr\u00e4sentation zur Dienstbesprechung der BBS in freier Tr\u00e4gerschaft zum Download zur Verf\u00fcgung gestellt.<br \/>\n<br \/>\n <a href=\"https:\/\/wordpress.nibis.de\/bbsplan\/informationsveranstaltungen-zur-statistik\/\">Informationsveranstaltungen zur Statistik<\/a> <\/td>\n<\/tr>\n<tr class=\"row-8\">\n\t<td class=\"column-1\">05.05.2023<\/td><td class=\"column-2\">Neue <a href=\"https:\/\/wordpress.nibis.de\/bbsplan\/schulungen\/\" \/>Schulungen<\/a> f\u00fcr 2023 hinzugef\u00fcgt<\/td>\n<\/tr>\n<tr class=\"row-9\">\n\t<td class=\"column-1\">04.11.2022<\/td><td class=\"column-2\">Pr\u00e4sentation zur Dienstbesprechung zum Download zur Verf\u00fcgung gestellt.<br \/>\n<br \/>\n <a href=\"https:\/\/wordpress.nibis.de\/bbsplan\/informationsveranstaltungen-zur-statistik\/\">Informationsveranstaltungen zur Statistik<\/a> <\/td>\n<\/tr>\n<tr class=\"row-10\">\n\t<td class=\"column-1\">15.12.2022<br \/>\n<\/td><td class=\"column-2\">Pr\u00e4sentation zur Dienstbesprechung der BBS in freier Tr\u00e4gerschaft zum Download zur Verf\u00fcgung gestellt.<br \/>\n<br \/>\n <a href=\"https:\/\/wordpress.nibis.de\/bbsplan\/informationsveranstaltungen-zur-statistik\/\">Informationsveranstaltungen zur Statistik<\/a> <\/td>\n<\/tr>\n<tr class=\"row-11\">\n\t<td class=\"column-1\">11.05.2022<\/td><td class=\"column-2\">Neue <a href=\"https:\/\/wordpress.nibis.de\/bbsplan\/schulungen\/\">Schulungen<\/a> f\u00fcr 2022 hinzugef\u00fcgt<\/td>\n<\/tr>\n<tr class=\"row-12\">\n\t<td class=\"column-1\">01.03.2022<\/td><td class=\"column-2\">Neue <a href=\"https:\/\/wordpress.nibis.de\/bbsplan\/schulungen\/\">Schulungen<\/a> f\u00fcr 2022 hinzugef\u00fcgt<\/td>\n<\/tr>\n<tr class=\"row-13\">\n\t<td class=\"column-1\">06.07.2021<\/td><td class=\"column-2\">Neue <a href=\"https:\/\/wordpress.nibis.de\/bbsplan\/schulungen\/\">Schulungen<\/a> f\u00fcr 2021 hinzugef\u00fcgt<\/td>\n<\/tr>\n<tr class=\"row-14\">\n\t<td class=\"column-1\">20.05.2021<\/td><td class=\"column-2\">Neue <a href=\"https:\/\/wordpress.nibis.de\/bbsplan\/schulungen\/\">Schulungen<\/a> f\u00fcr 2021 hinzugef\u00fcgt<\/td>\n<\/tr>\n<tr class=\"row-15\">\n\t<td class=\"column-1\">03.09.2020<\/td><td class=\"column-2\">Die Termine zu den Dienstbesprechungen zur Schulstatistik werden in K\u00fcrze bekanntgegeben. <\/td>\n<\/tr>\n<tr class=\"row-16\">\n\t<td class=\"column-1\">31.03.2020<\/td><td class=\"column-2\">Aus gegebenem Anlass wird die Veranstaltung 20.22.24 (Workshop BBS Zeugnis) am 16.05.2020, bis auf weiteres ersatzlos abgesagt.<\/td>\n<\/tr>\n<tr class=\"row-17\">\n\t<td class=\"column-1\">17.03.2020<\/td><td class=\"column-2\">Die Veranstaltung \"Einf\u00fchrung BBS Planung f\u00fcr die erweiterte Schulleitung\" (20.13.29) wurde abgesagt. <\/td>\n<\/tr>\n<tr class=\"row-18\">\n\t<td class=\"column-1\">27.02.2020<\/td><td class=\"column-2\">Neue <a href=\"https:\/\/wordpress.nibis.de\/bbsplan\/schulungen\/\">Schulungen<\/a> f\u00fcr das Schuljahr 2020\/2021 hinzugef\u00fcgt<\/td>\n<\/tr>\n<tr class=\"row-19\">\n\t<td class=\"column-1\">05.02.2020<\/td><td class=\"column-2\">Neue <a href=\"https:\/\/wordpress.nibis.de\/bbsplan\/schulungen\/\">Schulungen<\/a> hinzugef\u00fcgt<\/td>\n<\/tr>\n<tr class=\"row-20\">\n\t<td class=\"column-1\">23.01.2020<\/td><td class=\"column-2\">Neue <a href=\"https:\/\/wordpress.nibis.de\/bbsplan\/schulungen\/\">Schulungen<\/a> hinzugef\u00fcgt<\/td>\n<\/tr>\n<tr class=\"row-21\">\n\t<td class=\"column-1\">16.12.2019<\/td><td class=\"column-2\">Pr\u00e4sentation zur Dienstbesprechung zum Download zur Verf\u00fcgung gestellt.<br \/>\n<br \/>\n <a href=\"https:\/\/wordpress.nibis.de\/bbsplan\/informationsveranstaltungen-zur-statistik\/\">Informationsveranstaltungen zur Statistik<\/a> <\/td>\n<\/tr>\n<tr class=\"row-22\">\n\t<td class=\"column-1\">21.10.2019<\/td><td class=\"column-2\">\u00c4nderungen bei den Veranstaltungsorten <a href=\"https:\/\/wordpress.nibis.de\/bbsplan\/informationsveranstaltungen-zur-statistik\/\">Veranstaltungen zur Statistik <\/a>zum Schuljahr 2019\/2020<\/td>\n<\/tr>\n<tr class=\"row-23\">\n\t<td class=\"column-1\">20.09.2019<\/td><td class=\"column-2\">Neue <a href=\"https:\/\/wordpress.nibis.de\/bbsplan\/schulungen\/\">Schulungen<\/a> hinzugef\u00fcgt<\/td>\n<\/tr>\n<tr class=\"row-24\">\n\t<td class=\"column-1\">10.09.2019<\/td><td class=\"column-2\"><a href=\"https:\/\/wordpress.nibis.de\/bbsplan\/informationsveranstaltungen-zur-statistik\/\">Veranstaltungen zur Statistik <\/a>zum Schuljahr 2019\/2020 hinzugef\u00fcgt<\/td>\n<\/tr>\n<tr class=\"row-25\">\n\t<td class=\"column-1\">05.09.2019<\/td><td class=\"column-2\">Neue <a href=\"https:\/\/wordpress.nibis.de\/bbsplan\/schulungen\/\">Schulungen<\/a> hinzugef\u00fcgt<\/td>\n<\/tr>\n<tr class=\"row-26\">\n\t<td class=\"column-1\">21.03.2019<\/td><td class=\"column-2\">Neue <a href=\"https:\/\/wordpress.nibis.de\/bbsplan\/schulungen\/\">Schulungen<\/a> hinzugef\u00fcgt<\/td>\n<\/tr>\n<tr class=\"row-27\">\n\t<td class=\"column-1\">18.03.2019<\/td><td class=\"column-2\">Neue <a href=\"https:\/\/wordpress.nibis.de\/bbsplan\/schulungen\/\">Schulungen<\/a> hinzugef\u00fcgt<\/td>\n<\/tr>\n<tr class=\"row-28\">\n\t<td class=\"column-1\">02.11.2018<\/td><td class=\"column-2\">Bereitstellung der Anlagen unter <a href=\"https:\/\/wordpress.nibis.de\/bbsplan\/informationsveranstaltungen-zur-statistik\/\">Informationsveranstaltungen zur Statistik<\/a> f\u00fcr die \u00f6ffentlichen berufsbildenden Schulen und die Ersatzschulen<\/td>\n<\/tr>\n<tr class=\"row-29\">\n\t<td class=\"column-1\">28.03.2018<\/td><td class=\"column-2\">Termine zu den <a href=\"https:\/\/wordpress.nibis.de\/bbsplan\/schulungen\/\">Schulungsveranstaltungen BBS Planung <\/a> und zu den <a href=\"https:\/\/wordpress.nibis.de\/bbsplan\/informationsveranstaltungen-zur-statistik\/\">Informationsveranstaltungen zur Schulstatistik <\/a> wurden ver\u00f6ffentlicht.<\/td>\n<\/tr>\n<tr class=\"row-30\">\n\t<td class=\"column-1\">16.03.2018<\/td><td class=\"column-2\"> Termine zu den <a href=\"https:\/\/wordpress.nibis.de\/bbsplan\/schulungen\/\">Schulungsveranstaltungen BBS Planung<\/a> wurden ver\u00f6ffentlicht.<\/td>\n<\/tr>\n<tr class=\"row-31\">\n\t<td class=\"column-1\">01.03.2018<\/td><td class=\"column-2\">Neues <a href=\"http:\/\/bbs-planung-lernvideos.nibis.de\/videoZeugnisGrundlagenNotengewichtungsfaktoren.php\">Lernvideo zu Notengewichtungsfaktoren in BBS Zeugnis<\/a> ver\u00f6ffentlicht (BBS Zeugnis &gt;&gt;&gt; Grundlagen &gt;&gt;&gt; Notengewichtungsfaktoren).<\/td>\n<\/tr>\n<tr class=\"row-32\">\n\t<td class=\"column-1\">01.02.2018<\/td><td class=\"column-2\">Bereitstellung von BBS Planung 24.2 im<a href=\"https:\/\/stabil.niedersachsen.de\/\"> Schul-Portal Niedersachsen<\/a>.<\/td>\n<\/tr>\n<\/tbody>\n<\/table>\n<!-- #tablepress-3 from cache -->\n","protected":false},"excerpt":{"rendered":"","protected":false},"author":9192865,"featured_media":0,"parent":0,"menu_order":0,"comment_status":"closed","ping_status":"closed","template":"","meta":{"footnotes":""},"class_list":["post-78","page","type-page","status-publish","hentry"],"_links":{"self":[{"href":"https:\/\/wordpress.nibis.de\/bbsplan\/wp-json\/wp\/v2\/pages\/78","targetHints":{"allow":["GET"]}}],"collection":[{"href":"https:\/\/wordpress.nibis.de\/bbsplan\/wp-json\/wp\/v2\/pages"}],"about":[{"href":"https:\/\/wordpress.nibis.de\/bbsplan\/wp-json\/wp\/v2\/types\/page"}],"author":[{"embeddable":true,"href":"https:\/\/wordpress.nibis.de\/bbsplan\/wp-json\/wp\/v2\/users\/9192865"}],"replies":[{"embeddable":true,"href":"https:\/\/wordpress.nibis.de\/bbsplan\/wp-json\/wp\/v2\/comments?post=78"}],"version-history":[{"count":6,"href":"https:\/\/wordpress.nibis.de\/bbsplan\/wp-json\/wp\/v2\/pages\/78\/revisions"}],"predecessor-version":[{"id":135,"href":"https:\/\/wordpress.nibis.de\/bbsplan\/wp-json\/wp\/v2\/pages\/78\/revisions\/135"}],"wp:attachment":[{"href":"https:\/\/wordpress.nibis.de\/bbsplan\/wp-json\/wp\/v2\/media?parent=78"}],"curies":[{"name":"wp","href":"https:\/\/api.w.org\/{rel}","templated":true}]}}