{"id":139,"date":"2025-08-05T11:20:56","date_gmt":"2025-08-05T09:20:56","guid":{"rendered":"https:\/\/wordpress.nibis.de\/bes\/?page_id=139"},"modified":"2025-08-05T12:11:47","modified_gmt":"2025-08-05T10:11:47","slug":"uebergang-aus-der-allgemein-bildenden-schule","status":"publish","type":"page","link":"https:\/\/wordpress.nibis.de\/bes\/beratung\/uebergang-aus-der-allgemein-bildenden-schule\/","title":{"rendered":"\u00dcbergang aus der allgemein bildenden Schule"},"content":{"rendered":"\n<div class=\"wp-block-columns is-layout-flex wp-container-core-columns-is-layout-abceabcf wp-block-columns-is-layout-flex\">\n<div class=\"wp-block-column is-layout-flow wp-block-column-is-layout-flow\" style=\"--col-width:75%;flex-basis:75%\">\n<p>Beim \u00dcbergang von Jugendlichen aus den allgemeinbildenden Schulen, die noch nicht f\u00fcr eine Berufsausbildung oder den Besuch einer anderen beruflichen Vollzeitschule bef\u00e4higt sind, hat sich das im Folgenden beschriebene Verfahren bew\u00e4hrt.<\/p>\n\n\n\n<h2 class=\"wp-block-heading\">Verfahren des \u00dcbergangs<\/h2>\n\n\n\n<p>Die abgebenden Schulen melden in der Regel zum schul\u00fcblichen Anmeldetermin den berufsbildenden Schulen wie auch der Agentur f\u00fcr Arbeit die voraussichtlich abgehenden Jugendlichen mit ihren Berufsw\u00fcnschen. Dabei wird auch \u00fcber die Sch\u00fclerinnen und Sch\u00fcler informiert, bei denen bereits erkennbar ist, dass f\u00fcr sie eine andere F\u00f6rderungseinrichtung vorgesehen ist, wie z. B. ein Berufsbildungswerk oder eine Jugendwerkstatt.<\/p>\n\n\n\n<p>Bei Sch\u00fclerinnen und Sch\u00fclern mit Bedarf an sonderp\u00e4dagogischer Unterst\u00fctzung eignet sich hier das Instrument der Berufswegekonferenzen weitergegeben werden.<\/p>\n\n\n\n<h2 class=\"wp-block-heading\">Psychologisches Gutachten<\/h2>\n\n\n\n<p>Ein psychologisches Gutachten (PSU) wird von der Agentur f\u00fcr Arbeit (Reha-Abteilung) f\u00fcr Sch\u00fclerinnen und Sch\u00fcler erstellt, bei denen zu kl\u00e4ren ist, ob eine Reha-Ma\u00dfnahme von der Agentur f\u00fcr Arbeit angestrebt werden sollte. Vor Ort haben sich Absprachen mit allen beteiligten Einrichtungen bew\u00e4hrt.<\/p>\n\n\n\n<h2 class=\"wp-block-heading\">Abgleich vor den Sommerferien<\/h2>\n\n\n\n<p>Im M\u00e4rz\/April findet nach M\u00f6glichkeit ein Datenabgleich zwischen den beteiligten Schulen und der Agentur f\u00fcr Arbeit statt.<br>Nach den Zeugniskonferenzen der allgemeinbildenden Schulen, ca. 10 Tage vor den Sommerferien, sollte mit diesen noch einmal abgekl\u00e4rt werden, welche Anmeldungen f\u00fcr die Berufseinstiegsschule tats\u00e4chlich Bestand haben.<\/p>\n<\/div>\n\n\n\n<div class=\"wp-block-column has-background is-layout-flow wp-block-column-is-layout-flow\" style=\"--col-width:25%;background-color:#eaeaea;flex-basis:25%\">\n<h3 class=\"wp-block-heading\">Materialien<\/h3>\n\n\n\n<div class=\"wp-block-file\"><a id=\"wp-block-file--media-7ceec204-ca6e-4d8e-abc2-ac07bed5eb65\" href=\"https:\/\/wordpress.nibis.de\/bes\/files\/2025\/08\/Material_Handlungsoptionen_inklusive_BBS_2017.pdf\" target=\"_blank\" rel=\"noreferrer noopener\">Materialien Handlungsoptioneninklusive BBS<\/a><\/div>\n<\/div>\n<\/div>\n","protected":false},"excerpt":{"rendered":"<p>Beim \u00dcbergang von Jugendlichen aus den allgemeinbildenden Schulen, die noch nicht f\u00fcr eine Berufsausbildung oder den Besuch einer anderen beruflichen Vollzeitschule bef\u00e4higt sind, hat sich das im Folgenden beschriebene Verfahren bew\u00e4hrt. Verfahren des \u00dcbergangs Die abgebenden Schulen melden in der Regel zum schul\u00fcblichen Anmeldetermin den berufsbildenden Schulen wie auch der Agentur f\u00fcr Arbeit die voraussichtlich &hellip; <a href=\"https:\/\/wordpress.nibis.de\/bes\/beratung\/uebergang-aus-der-allgemein-bildenden-schule\/\" class=\"more-link\"><span class=\"screen-reader-text\">\u00dcbergang aus der allgemein bildenden Schule<\/span> weiterlesen <span class=\"meta-nav\">&rarr;<\/span><\/a><\/p>\n","protected":false},"author":9194621,"featured_media":0,"parent":19,"menu_order":1,"comment_status":"closed","ping_status":"closed","template":"","meta":{"footnotes":""},"class_list":["post-139","page","type-page","status-publish","hentry"],"_links":{"self":[{"href":"https:\/\/wordpress.nibis.de\/bes\/wp-json\/wp\/v2\/pages\/139","targetHints":{"allow":["GET"]}}],"collection":[{"href":"https:\/\/wordpress.nibis.de\/bes\/wp-json\/wp\/v2\/pages"}],"about":[{"href":"https:\/\/wordpress.nibis.de\/bes\/wp-json\/wp\/v2\/types\/page"}],"author":[{"embeddable":true,"href":"https:\/\/wordpress.nibis.de\/bes\/wp-json\/wp\/v2\/users\/9194621"}],"replies":[{"embeddable":true,"href":"https:\/\/wordpress.nibis.de\/bes\/wp-json\/wp\/v2\/comments?post=139"}],"version-history":[{"count":2,"href":"https:\/\/wordpress.nibis.de\/bes\/wp-json\/wp\/v2\/pages\/139\/revisions"}],"predecessor-version":[{"id":173,"href":"https:\/\/wordpress.nibis.de\/bes\/wp-json\/wp\/v2\/pages\/139\/revisions\/173"}],"up":[{"embeddable":true,"href":"https:\/\/wordpress.nibis.de\/bes\/wp-json\/wp\/v2\/pages\/19"}],"wp:attachment":[{"href":"https:\/\/wordpress.nibis.de\/bes\/wp-json\/wp\/v2\/media?parent=139"}],"curies":[{"name":"wp","href":"https:\/\/api.w.org\/{rel}","templated":true}]}}