{"id":14,"date":"2025-05-28T11:13:18","date_gmt":"2025-05-28T09:13:18","guid":{"rendered":"https:\/\/wordpress.nibis.de\/bes\/?page_id=14"},"modified":"2025-08-03T22:30:01","modified_gmt":"2025-08-03T20:30:01","slug":"willkommen-auf-den-online-materialien-der-berufseinstiegsschule","status":"publish","type":"page","link":"https:\/\/wordpress.nibis.de\/bes\/","title":{"rendered":"Willkommen auf den Online-Materialien der Berufseinstiegsschule"},"content":{"rendered":"\n<h2 class=\"wp-block-heading\">F\u00fcr n\u00e4here Information nutzen Sie bitte die Reiter in der Men\u00fcleiste.<\/h2>\n\n\n\n<p>In den Online-Materialien sind zusammengefasst:<\/p>\n\n\n\n<p>&#8222;Handlungskompetenz in der Berufseinstiegsschule Klasse 1&#8220;<\/p>\n\n\n\n<p>&#8222;Handreichung f\u00fcr die Berufseinstiegsschule Klasse 2 und die zugeh\u00f6rigen Rahmenrichtlinien&#8220;<\/p>\n\n\n\n<p>&#8222;Materialien f\u00fcr Schulsozialarbeit an berufsbildenden Schulen&#8220; (Beratung)<\/p>\n\n\n\n<p>&#8222;Handlungsoptionen f\u00fcr den Unterricht im Berufsbildungsbereich der Werkst\u00e4tten f\u00fcr behinderte Menschen&#8220; (Inklusion)<\/p>\n\n\n\n<p>&#8222;Handlungsoption f\u00fcr die inklusive berufsbildende Schule&#8220; (Inklusion)<\/p>\n","protected":false},"excerpt":{"rendered":"<p>F\u00fcr n\u00e4here Information nutzen Sie bitte die Reiter in der Men\u00fcleiste. In den Online-Materialien sind zusammengefasst: &#8222;Handlungskompetenz in der Berufseinstiegsschule Klasse 1&#8220; &#8222;Handreichung f\u00fcr die Berufseinstiegsschule Klasse 2 und die zugeh\u00f6rigen Rahmenrichtlinien&#8220; &#8222;Materialien f\u00fcr Schulsozialarbeit an berufsbildenden Schulen&#8220; (Beratung) &#8222;Handlungsoptionen f\u00fcr den Unterricht im Berufsbildungsbereich der Werkst\u00e4tten f\u00fcr behinderte Menschen&#8220; (Inklusion) &#8222;Handlungsoption f\u00fcr die inklusive &hellip; <a href=\"https:\/\/wordpress.nibis.de\/bes\/\" class=\"more-link\"><span class=\"screen-reader-text\">Willkommen auf den Online-Materialien der Berufseinstiegsschule<\/span> weiterlesen <span class=\"meta-nav\">&rarr;<\/span><\/a><\/p>\n","protected":false},"author":9194621,"featured_media":0,"parent":0,"menu_order":0,"comment_status":"closed","ping_status":"closed","template":"","meta":{"footnotes":""},"class_list":["post-14","page","type-page","status-publish","hentry"],"_links":{"self":[{"href":"https:\/\/wordpress.nibis.de\/bes\/wp-json\/wp\/v2\/pages\/14","targetHints":{"allow":["GET"]}}],"collection":[{"href":"https:\/\/wordpress.nibis.de\/bes\/wp-json\/wp\/v2\/pages"}],"about":[{"href":"https:\/\/wordpress.nibis.de\/bes\/wp-json\/wp\/v2\/types\/page"}],"author":[{"embeddable":true,"href":"https:\/\/wordpress.nibis.de\/bes\/wp-json\/wp\/v2\/users\/9194621"}],"replies":[{"embeddable":true,"href":"https:\/\/wordpress.nibis.de\/bes\/wp-json\/wp\/v2\/comments?post=14"}],"version-history":[{"count":3,"href":"https:\/\/wordpress.nibis.de\/bes\/wp-json\/wp\/v2\/pages\/14\/revisions"}],"predecessor-version":[{"id":94,"href":"https:\/\/wordpress.nibis.de\/bes\/wp-json\/wp\/v2\/pages\/14\/revisions\/94"}],"wp:attachment":[{"href":"https:\/\/wordpress.nibis.de\/bes\/wp-json\/wp\/v2\/media?parent=14"}],"curies":[{"name":"wp","href":"https:\/\/api.w.org\/{rel}","templated":true}]}}