{"id":143,"date":"2025-08-05T11:23:48","date_gmt":"2025-08-05T09:23:48","guid":{"rendered":"https:\/\/wordpress.nibis.de\/bes\/?page_id=143"},"modified":"2025-08-05T11:23:48","modified_gmt":"2025-08-05T09:23:48","slug":"eingangsberatung","status":"publish","type":"page","link":"https:\/\/wordpress.nibis.de\/bes\/beratung\/eingangsberatung\/","title":{"rendered":"Eingangsberatung"},"content":{"rendered":"\n<div class=\"wp-block-columns is-layout-flex wp-container-core-columns-is-layout-abceabcf wp-block-columns-is-layout-flex\">\n<div class=\"wp-block-column is-layout-flow wp-block-column-is-layout-flow\" style=\"--col-width:75%;flex-basis:75%\">\n<p>F\u00fcr alle Sch\u00fclerinnen und Sch\u00fcler der Berufseinstiegsschule ist die Eingangsberatung verpflichtend vgl. \u00a7 2 in Anlage 2 zu \u00a7 33 BbS-VO.<\/p>\n\n\n\n<p>Die Eingangsberatung, die vor der Klassenbildung erfolgt, ist f\u00fcr den Aufbau eines Vertrauensverh\u00e4ltnisses von gro\u00dfer Bedeutung. Die Einladung zu dieser Beratung ist so zu gestalten, dass die Sch\u00fclerinnen und Sch\u00fcler und die Erziehungsberechtigten sich individuell angesprochen f\u00fchlen. In dem Gespr\u00e4ch geht es prim\u00e4r darum, eine Entscheidung f\u00fcr die Zuordnung in eine Klassenstufe zu treffen. Zu diesem Zweck sollten der Berufswunsch der Sch\u00fclerin\/des Sch\u00fclers und die seitens der Schule angebotenen Fachrichtungen abgestimmt werden, so dass den Sch\u00fclerinnen und Sch\u00fclern ein m\u00f6glichst passendes Angebot unterbreitet werden kann.<\/p>\n\n\n\n<p>Dar\u00fcber hinaus werden pers\u00f6nliche und schulische Zielsetzungen thematisiert und dokumentiert sowie Hilfen zum Erreichen dieser Ziele angeboten. Besonders die M\u00f6glichkeiten und die Bedeutung der Qualifizierungsbausteine und des Betriebspraktikums sollen schon im Eingangsberatungsgespr\u00e4ch hervorgehoben werden. Weiterhin soll den Sch\u00fclerinnen und Sch\u00fclern die M\u00f6glichkeit zum Erwerb des Hauptschulabschlusses nach Klasse 2 aufgezeigt werden. Besonders in den Blick zu nehmen sind die verschiedenen \u00dcberg\u00e4nge innerhalb der Berufseinstiegsschule.<\/p>\n\n\n\n<p>Sch\u00fclerinnen und Sch\u00fcler, die nicht aus einer Abschlussklasse der allgemeinbildenden Schule kommen, k\u00f6nnen nur in die Klasse 1 eingeschult werden. In die Klasse 1 d\u00fcrfen allerdings nur Schulpflichtige eingeschult werden.<\/p>\n\n\n\n<p>In der Eingangsberatung wird gekl\u00e4rt, ob alle Voraussetzungen vorliegen, dass die Sch\u00fclerin oder der Sch\u00fcler den Hauptschulabschluss bereits in einem Jahr erwerben kann. Dann erfolgt die Einschulung in die Klasse 2. Wird jedoch bei der Sch\u00fclerin oder dem Sch\u00fcler ein individuellen F\u00f6rderbedarf festgestellt, so erfolgt die Einschulung in die Klasse 1.<\/p>\n<\/div>\n\n\n\n<div class=\"wp-block-column has-background is-layout-flow wp-block-column-is-layout-flow\" style=\"--col-width:25%;background-color:#eaeaea;flex-basis:25%\">\n<h3 class=\"wp-block-heading\">Materialien<\/h3>\n\n\n\n<div class=\"wp-block-file\"><a id=\"wp-block-file--media-21d89d31-2aaa-45c3-9086-937fc321ba8c\" href=\"https:\/\/wordpress.nibis.de\/bes\/files\/2025\/08\/Eingangsberatung.docx\" target=\"_blank\" rel=\"noreferrer noopener\">Vorlage Eingangsberatung<\/a><\/div>\n<\/div>\n<\/div>\n","protected":false},"excerpt":{"rendered":"<p>F\u00fcr alle Sch\u00fclerinnen und Sch\u00fcler der Berufseinstiegsschule ist die Eingangsberatung verpflichtend vgl. \u00a7 2 in Anlage 2 zu \u00a7 33 BbS-VO. Die Eingangsberatung, die vor der Klassenbildung erfolgt, ist f\u00fcr den Aufbau eines Vertrauensverh\u00e4ltnisses von gro\u00dfer Bedeutung. Die Einladung zu dieser Beratung ist so zu gestalten, dass die Sch\u00fclerinnen und Sch\u00fcler und die Erziehungsberechtigten sich &hellip; <a href=\"https:\/\/wordpress.nibis.de\/bes\/beratung\/eingangsberatung\/\" class=\"more-link\"><span class=\"screen-reader-text\">Eingangsberatung<\/span> weiterlesen <span class=\"meta-nav\">&rarr;<\/span><\/a><\/p>\n","protected":false},"author":9194621,"featured_media":0,"parent":19,"menu_order":1,"comment_status":"closed","ping_status":"closed","template":"","meta":{"footnotes":""},"class_list":["post-143","page","type-page","status-publish","hentry"],"_links":{"self":[{"href":"https:\/\/wordpress.nibis.de\/bes\/wp-json\/wp\/v2\/pages\/143","targetHints":{"allow":["GET"]}}],"collection":[{"href":"https:\/\/wordpress.nibis.de\/bes\/wp-json\/wp\/v2\/pages"}],"about":[{"href":"https:\/\/wordpress.nibis.de\/bes\/wp-json\/wp\/v2\/types\/page"}],"author":[{"embeddable":true,"href":"https:\/\/wordpress.nibis.de\/bes\/wp-json\/wp\/v2\/users\/9194621"}],"replies":[{"embeddable":true,"href":"https:\/\/wordpress.nibis.de\/bes\/wp-json\/wp\/v2\/comments?post=143"}],"version-history":[{"count":1,"href":"https:\/\/wordpress.nibis.de\/bes\/wp-json\/wp\/v2\/pages\/143\/revisions"}],"predecessor-version":[{"id":144,"href":"https:\/\/wordpress.nibis.de\/bes\/wp-json\/wp\/v2\/pages\/143\/revisions\/144"}],"up":[{"embeddable":true,"href":"https:\/\/wordpress.nibis.de\/bes\/wp-json\/wp\/v2\/pages\/19"}],"wp:attachment":[{"href":"https:\/\/wordpress.nibis.de\/bes\/wp-json\/wp\/v2\/media?parent=143"}],"curies":[{"name":"wp","href":"https:\/\/api.w.org\/{rel}","templated":true}]}}