{"id":145,"date":"2025-08-05T11:25:25","date_gmt":"2025-08-05T09:25:25","guid":{"rendered":"https:\/\/wordpress.nibis.de\/bes\/?page_id=145"},"modified":"2025-08-05T11:25:25","modified_gmt":"2025-08-05T09:25:25","slug":"beratungsgespraeche","status":"publish","type":"page","link":"https:\/\/wordpress.nibis.de\/bes\/beratung\/beratungsgespraeche\/","title":{"rendered":"Beratungsgespr\u00e4che"},"content":{"rendered":"\n<p>Unter den einzelnen Men\u00fcpunkten werden die Beratungsgespr\u00e4che der\u00a0<strong>Klasse 1<\/strong>\u00a0Vollzeit, der\u00a0<strong>Klasse 2<\/strong>\u00a0(Vollzeit und Teilzeit) und der Klasse\u00a0<strong>Sprache und Integration<\/strong>\u00a0(Vollzeit und Teilzeit) n\u00e4her beschrieben.<\/p>\n\n\n\n<h2 class=\"wp-block-heading\">Berufswahlentscheidung und au\u00dferschulische Hilfen<\/h2>\n\n\n\n<p>Sch\u00fclerinnen und Sch\u00fcler, die im Anschluss an die Berufseinstiegsschule weder eine Vollzeitschulform besuchen wollen noch eine Berufsausbildung oder eine berufliche T\u00e4tigkeit antreten, werden durch das Beratungsteam der Berufseinstiegsschule nochmals auf weitere M\u00f6glichkeiten f\u00fcr ihre berufliche Zukunft hingewiesen. Das Beratungsteam vermittelt diesen Jugendlichen weitere Gespr\u00e4chstermine bei der Agentur f\u00fcr Arbeit, um einen \u00dcbergang in Folgema\u00dfnahmen zur weiteren beruflichen Qualifizierung einzuleiten.<\/p>\n\n\n\n<p>F\u00fcr Sch\u00fclerinnen und Sch\u00fclern mit geistigen, k\u00f6rperlichen und\/oder seelischen Beeintr\u00e4chtigungen bzw. Behinderungen bietet die Agentur f\u00fcr Arbeit (Reha-Beratung) meist spezielle Qualifizierungsma\u00dfnahmen an. Den Sorgeberechtigten ist daher eine schnelle Kontaktaufnahme mit der Berufsberatung nahezulegen.<\/p>\n\n\n\n<p>Neben dem Beratungssystem der Schule ist oft die Nutzung eines Netzwerks weiterer F\u00f6rderm\u00f6glichkeiten zur Unterst\u00fctzung der pers\u00f6nlichen und beruflichen Entwicklung der Jugendlichen aus der Berufseinstiegsschule erforderlich.<\/p>\n\n\n\n<p>Zahlreiche au\u00dferschulische Einrichtungen bieten Hilfen an, wie z. B.:<\/p>\n\n\n\n<ul class=\"wp-block-list\"><li>Jugendamt,<\/li><li>JBA (Jugendberufsagentur), Agentur f\u00fcr Arbeit,<\/li><li>Ausl\u00e4nderamt,<\/li><li>Gesundheitsamt (psychosozialer Dienst),<\/li><li>Sozialamt,<\/li><li>Amtsgericht und Jugendgerichtshilfe,<\/li><li>RAN &#8211; Stellen,<\/li><li>Bildungstr\u00e4ger,<\/li><li>Verbraucherberatung,<\/li><li>Sucht- und Drogenberatungsstellen,<\/li><li>pro familia,<\/li><li>Schuldnerberatung,<\/li><li>Psychologische Beratungsstellen, Erziehungsberatung,<\/li><li>Krankenkassen,<\/li><li>u. a.<\/li><\/ul>\n","protected":false},"excerpt":{"rendered":"<p>Unter den einzelnen Men\u00fcpunkten werden die Beratungsgespr\u00e4che der\u00a0Klasse 1\u00a0Vollzeit, der\u00a0Klasse 2\u00a0(Vollzeit und Teilzeit) und der Klasse\u00a0Sprache und Integration\u00a0(Vollzeit und Teilzeit) n\u00e4her beschrieben. Berufswahlentscheidung und au\u00dferschulische Hilfen Sch\u00fclerinnen und Sch\u00fcler, die im Anschluss an die Berufseinstiegsschule weder eine Vollzeitschulform besuchen wollen noch eine Berufsausbildung oder eine berufliche T\u00e4tigkeit antreten, werden durch das Beratungsteam der Berufseinstiegsschule nochmals &hellip; <a href=\"https:\/\/wordpress.nibis.de\/bes\/beratung\/beratungsgespraeche\/\" class=\"more-link\"><span class=\"screen-reader-text\">Beratungsgespr\u00e4che<\/span> weiterlesen <span class=\"meta-nav\">&rarr;<\/span><\/a><\/p>\n","protected":false},"author":9194621,"featured_media":0,"parent":19,"menu_order":1,"comment_status":"closed","ping_status":"closed","template":"","meta":{"footnotes":""},"class_list":["post-145","page","type-page","status-publish","hentry"],"_links":{"self":[{"href":"https:\/\/wordpress.nibis.de\/bes\/wp-json\/wp\/v2\/pages\/145","targetHints":{"allow":["GET"]}}],"collection":[{"href":"https:\/\/wordpress.nibis.de\/bes\/wp-json\/wp\/v2\/pages"}],"about":[{"href":"https:\/\/wordpress.nibis.de\/bes\/wp-json\/wp\/v2\/types\/page"}],"author":[{"embeddable":true,"href":"https:\/\/wordpress.nibis.de\/bes\/wp-json\/wp\/v2\/users\/9194621"}],"replies":[{"embeddable":true,"href":"https:\/\/wordpress.nibis.de\/bes\/wp-json\/wp\/v2\/comments?post=145"}],"version-history":[{"count":1,"href":"https:\/\/wordpress.nibis.de\/bes\/wp-json\/wp\/v2\/pages\/145\/revisions"}],"predecessor-version":[{"id":146,"href":"https:\/\/wordpress.nibis.de\/bes\/wp-json\/wp\/v2\/pages\/145\/revisions\/146"}],"up":[{"embeddable":true,"href":"https:\/\/wordpress.nibis.de\/bes\/wp-json\/wp\/v2\/pages\/19"}],"wp:attachment":[{"href":"https:\/\/wordpress.nibis.de\/bes\/wp-json\/wp\/v2\/media?parent=145"}],"curies":[{"name":"wp","href":"https:\/\/api.w.org\/{rel}","templated":true}]}}