{"id":151,"date":"2025-08-05T11:29:47","date_gmt":"2025-08-05T09:29:47","guid":{"rendered":"https:\/\/wordpress.nibis.de\/bes\/?page_id=151"},"modified":"2025-08-05T11:29:47","modified_gmt":"2025-08-05T09:29:47","slug":"sprache-und-integration","status":"publish","type":"page","link":"https:\/\/wordpress.nibis.de\/bes\/beratung\/beratungsgespraeche\/sprache-und-integration\/","title":{"rendered":"Sprache und Integration"},"content":{"rendered":"\n<p>In der Klasse Sprache und Integration Vollzeit sind Beratungsgespr\u00e4che, orientiert am Beratungskonzept der Klasse 1, sehr empfehlenswert. M\u00f6gliche Inhalte der Beratung sind:<\/p>\n\n\n\n<ul class=\"wp-block-list\"><li>\u00dcbergang in die Klasse 2,<\/li><li>Klasse Sprache\/Integration Teilzeit,<\/li><li>\u00dcbergang in eine andere Schulform (Zugangsvoraussetzung pr\u00fcfen),<\/li><li>Berufsausbildung,<\/li><li>berufliche T\u00e4tigkeit,<\/li><li>u. a.<\/li><\/ul>\n","protected":false},"excerpt":{"rendered":"<p>In der Klasse Sprache und Integration Vollzeit sind Beratungsgespr\u00e4che, orientiert am Beratungskonzept der Klasse 1, sehr empfehlenswert. M\u00f6gliche Inhalte der Beratung sind: \u00dcbergang in die Klasse 2, Klasse Sprache\/Integration Teilzeit, \u00dcbergang in eine andere Schulform (Zugangsvoraussetzung pr\u00fcfen), Berufsausbildung, berufliche T\u00e4tigkeit, u. a.<\/p>\n","protected":false},"author":9194621,"featured_media":0,"parent":145,"menu_order":1,"comment_status":"closed","ping_status":"closed","template":"","meta":{"footnotes":""},"class_list":["post-151","page","type-page","status-publish","hentry"],"_links":{"self":[{"href":"https:\/\/wordpress.nibis.de\/bes\/wp-json\/wp\/v2\/pages\/151","targetHints":{"allow":["GET"]}}],"collection":[{"href":"https:\/\/wordpress.nibis.de\/bes\/wp-json\/wp\/v2\/pages"}],"about":[{"href":"https:\/\/wordpress.nibis.de\/bes\/wp-json\/wp\/v2\/types\/page"}],"author":[{"embeddable":true,"href":"https:\/\/wordpress.nibis.de\/bes\/wp-json\/wp\/v2\/users\/9194621"}],"replies":[{"embeddable":true,"href":"https:\/\/wordpress.nibis.de\/bes\/wp-json\/wp\/v2\/comments?post=151"}],"version-history":[{"count":1,"href":"https:\/\/wordpress.nibis.de\/bes\/wp-json\/wp\/v2\/pages\/151\/revisions"}],"predecessor-version":[{"id":152,"href":"https:\/\/wordpress.nibis.de\/bes\/wp-json\/wp\/v2\/pages\/151\/revisions\/152"}],"up":[{"embeddable":true,"href":"https:\/\/wordpress.nibis.de\/bes\/wp-json\/wp\/v2\/pages\/145"}],"wp:attachment":[{"href":"https:\/\/wordpress.nibis.de\/bes\/wp-json\/wp\/v2\/media?parent=151"}],"curies":[{"name":"wp","href":"https:\/\/api.w.org\/{rel}","templated":true}]}}