{"id":153,"date":"2025-08-05T11:33:46","date_gmt":"2025-08-05T09:33:46","guid":{"rendered":"https:\/\/wordpress.nibis.de\/bes\/?page_id=153"},"modified":"2025-08-05T12:20:54","modified_gmt":"2025-08-05T10:20:54","slug":"bedarf-an-sonderpaedagogischer-unterstuetzung","status":"publish","type":"page","link":"https:\/\/wordpress.nibis.de\/bes\/beratung\/beratungsgespraeche\/bedarf-an-sonderpaedagogischer-unterstuetzung\/","title":{"rendered":"Bedarf an sonderp\u00e4dagogischer Unterst\u00fctzung"},"content":{"rendered":"\n<h2 class=\"wp-block-heading\">Hinweise zum festgestellten Bedarf an sonderp\u00e4dagogischer Unterst\u00fctzung und Beantragung<\/h2>\n\n\n\n<p>Bei Sch\u00fclerinnen und Sch\u00fclern mit ausgewiesenem Bedarf an sonderp\u00e4dagogischer Unterst\u00fctzung in den F\u00f6rderschwerpunkten geistige Entwicklung, k\u00f6rperlich und motorische Entwicklung, Sehen und H\u00f6ren ist es wichtig, vor der Anmeldung an eine berufsbildende Schule, Kontakt mit dieser aufzunehmen. Bereits nach dem Halbjahreszeugnis sollte eine von der Schulleitung der abgebenden allgemein bildenden Schule einberufene Berufswegekonferenz durchgef\u00fchrt werden, um geeignete Vorkehrungen zur Unterst\u00fctzung und F\u00f6rderung im Vorfeld treffen zu k\u00f6nnen. Die Schulleitung der aufnehmenden berufsbildenden Schule kann auf Grundlage des festgestellten Bedarfs an sonderp\u00e4dagogischer Unterst\u00fctzung bis zu 5 Unterst\u00fctzungsstunden beim Regionalen Landesamt f\u00fcr Schule und Bildung (RLSB) beantragen.<\/p>\n\n\n\n<p>Grunds\u00e4tzlich ist eine Zusammenarbeit mit den&nbsp;Regionalen Beratungs- und Unterst\u00fctzungszentren Inklusive Schule&nbsp;(RZI) anzustreben, um Unterst\u00fctzungsbedarfe oder notwendige Ressourcen (z. B. F\u00f6rderstunden durch F\u00f6rderschullehrkr\u00e4fte,&nbsp;mobile Dienste, Lehrmittel, \u2026) zu definieren.<\/p>\n\n\n\n<hr class=\"wp-block-separator is-style-wide\" \/>\n\n\n\n<h4 class=\"wp-block-heading\">Weiterf\u00fchrende Links<\/h4>\n\n\n\n<p><a href=\"https:\/\/www.mk.niedersachsen.de\/startseite\/schule\/inklusive_schule\/rahmenkonzept_inklusive_schule\/regionale_strukturen\/regionale-strukturen-175281.html\" target=\"_blank\" rel=\"noreferrer noopener\">Link zu den Regionalen Beratungs- und Unterst\u00fctzungszentren (RZI)<\/a><\/p>\n\n\n\n<p><a href=\"https:\/\/bildungsportal-niedersachsen.de\/beratung-unterstuetzung\/onlineportal-bu\/paedagogische-und-psychologische-unterstuetzung\/sonderpaedagogische-unterstuetzung-und-inklusion\/mobile-dienste\" target=\"_blank\" rel=\"noreferrer noopener\">Link zu den mobilen Diensten<\/a><\/p>\n","protected":false},"excerpt":{"rendered":"<p>Hinweise zum festgestellten Bedarf an sonderp\u00e4dagogischer Unterst\u00fctzung und Beantragung Bei Sch\u00fclerinnen und Sch\u00fclern mit ausgewiesenem Bedarf an sonderp\u00e4dagogischer Unterst\u00fctzung in den F\u00f6rderschwerpunkten geistige Entwicklung, k\u00f6rperlich und motorische Entwicklung, Sehen und H\u00f6ren ist es wichtig, vor der Anmeldung an eine berufsbildende Schule, Kontakt mit dieser aufzunehmen. Bereits nach dem Halbjahreszeugnis sollte eine von der Schulleitung der &hellip; <a href=\"https:\/\/wordpress.nibis.de\/bes\/beratung\/beratungsgespraeche\/bedarf-an-sonderpaedagogischer-unterstuetzung\/\" class=\"more-link\"><span class=\"screen-reader-text\">Bedarf an sonderp\u00e4dagogischer Unterst\u00fctzung<\/span> weiterlesen <span class=\"meta-nav\">&rarr;<\/span><\/a><\/p>\n","protected":false},"author":9194621,"featured_media":0,"parent":145,"menu_order":1,"comment_status":"closed","ping_status":"closed","template":"","meta":{"footnotes":""},"class_list":["post-153","page","type-page","status-publish","hentry"],"_links":{"self":[{"href":"https:\/\/wordpress.nibis.de\/bes\/wp-json\/wp\/v2\/pages\/153","targetHints":{"allow":["GET"]}}],"collection":[{"href":"https:\/\/wordpress.nibis.de\/bes\/wp-json\/wp\/v2\/pages"}],"about":[{"href":"https:\/\/wordpress.nibis.de\/bes\/wp-json\/wp\/v2\/types\/page"}],"author":[{"embeddable":true,"href":"https:\/\/wordpress.nibis.de\/bes\/wp-json\/wp\/v2\/users\/9194621"}],"replies":[{"embeddable":true,"href":"https:\/\/wordpress.nibis.de\/bes\/wp-json\/wp\/v2\/comments?post=153"}],"version-history":[{"count":2,"href":"https:\/\/wordpress.nibis.de\/bes\/wp-json\/wp\/v2\/pages\/153\/revisions"}],"predecessor-version":[{"id":177,"href":"https:\/\/wordpress.nibis.de\/bes\/wp-json\/wp\/v2\/pages\/153\/revisions\/177"}],"up":[{"embeddable":true,"href":"https:\/\/wordpress.nibis.de\/bes\/wp-json\/wp\/v2\/pages\/145"}],"wp:attachment":[{"href":"https:\/\/wordpress.nibis.de\/bes\/wp-json\/wp\/v2\/media?parent=153"}],"curies":[{"name":"wp","href":"https:\/\/api.w.org\/{rel}","templated":true}]}}