{"id":159,"date":"2025-08-05T12:04:57","date_gmt":"2025-08-05T10:04:57","guid":{"rendered":"https:\/\/wordpress.nibis.de\/bes\/?page_id=159"},"modified":"2025-08-05T12:24:34","modified_gmt":"2025-08-05T10:24:34","slug":"potential-perspektive-2p","status":"publish","type":"page","link":"https:\/\/wordpress.nibis.de\/bes\/beratung\/kompetenzfeststellung\/potential-perspektive-2p\/","title":{"rendered":"Potential &amp; Perspektive (2P)"},"content":{"rendered":"\n<p>Im Vergleich zum Kompetenzcheck komPASS\u00b3, mit dem die berufsbildenden Schulen im Rahmen von SPRINT ausgestattet wurden, ist 2P rein computerbasiert und geht \u00fcber die Erhebung von beruflich relevanten Kompetenzen hinaus. Denn mit 2P k\u00f6nnen zeitlich effizient u. a. individuelle Lernst\u00e4nde in Deutsch (inkl. der Deutsch-Zertifizierung nach GER), Englisch und Mathematik ermittelt werden. Dar\u00fcber hinaus beinhaltet 2P auch kostenfreie standardisierte Tests zur Erhebung von kognitiven Basiskompetenzen.<br>Somit ist eine Kombination mit komPASS\u00b3 m\u00f6glich und auch vom MK ausdr\u00fccklich gew\u00fcnscht. (siehe Schreiben vom 17.08.2020)<\/p>\n\n\n\n<h2 class=\"wp-block-heading\">Das Verfahren<\/h2>\n\n\n\n<p>Das Diagnoseverfahren \u201e2P: Potenzial &amp; Perspektive\u201c, richtet sich grunds\u00e4tzlich an neu zugewanderte Sch\u00fclerinnen und Sch\u00fcler. Es kann aber ebenso in der Berufseinstiegsschule zur Erhebung von St\u00e4rken und Entwicklungspotenzialen hinsichtlich schulisch und beruflich relevanter Basiskompetenzen eingesetzt werden.<br>Dies geschieht mit Hilfe erprobter und standardisierter Tests, die kulturfair und spracharm entwickelt wurden. Die Auswertung der Tests in den verschiedenen Kompetenz- und Lernstandsbereichen erm\u00f6glicht die Einleitung und Realisierung individueller F\u00f6rderma\u00dfnahmen der Jugendlichen.. Die Ergebnisse und Folgerungen des Verfahrens 2P bilden eine stabile und aussagekr\u00e4ftige Grundlage f\u00fcr die schulische und berufliche Begleitung sowie Orientierung der Sch\u00fclerinnen und Sch\u00fcler.<\/p>\n\n\n\n<h2 class=\"wp-block-heading\">Die Entstehung<\/h2>\n\n\n\n<p>In seiner Ursprungsversion ist 2P | Potenzial &amp; Perspektive f\u00fcr neu Zugewanderte ab 10 Jahren konzipiert worden. Das Verfahren wird seit Januar 2016 von der MTO GmbH T\u00fcbingen im Auftrag des Ministeriums f\u00fcr Kultus, Jugend und Sport Baden-W\u00fcrttemberg wissenschaftlich entwickelt und erweitert. Die Entwicklung wird vom Bundesministerium f\u00fcr Bildung und Forschung finanziert. 2P | Potenzial &amp; Perspektive ist bundesweit die erste kultursensible und spracharme Potenzialanalyse und wird in Baden-W\u00fcrttemberg fl\u00e4chendeckend an allen allgemeinbildenden und beruflichen Schulen eingesetzt. Weitere Informationen zur Verfahrensentwicklung in Baden-W\u00fcrttemberg erhalten Sie auf der Seite des Kultusministeriums und der MTO GmbH. In Niedersachsen steht 2P seit September 2019 fl\u00e4chendeckend zur Verf\u00fcgung. Weitere Informationen auf der Seite des Nieders\u00e4chsischen Kultusministeriums.<br>Jede berufsbildende Schule in Niedersachsen verf\u00fcgt \u00fcber einen Zugang zu diesem Kompetenzfeststellungsverfahren und dieser ist bei der Schulleitung zu erhalten.<\/p>\n\n\n\n<h2 class=\"wp-block-heading\">2P \u2013 Auf einen Blick<\/h2>\n\n\n\n<ul class=\"wp-block-list\"><li>Sprachreduzierte und kulturfaire Erfassung der Kompetenzen<\/li><li>Ressourcenschonend durch bedienerfreundliche Online-Plattform<\/li><li>Flexibel und bed\u00fcrfnisorientiert durch Baustein-Prinzip<\/li><li>Wissenschaftlich erprobt mit \u00fcber 87.000 Baustein-Durchf\u00fchrungen durch mehr als 38.000 neu Zugewanderte (Stand M\u00e4rz 2020)<\/li><li>Einfach in der Durchf\u00fchrung und Auswertung<\/li><\/ul>\n\n\n\n<h4 class=\"wp-block-heading\">Ansatz<\/h4>\n\n\n\n<ul class=\"wp-block-list\"><li>sprachreduziert<\/li><li>kulturfair<\/li><li>online durchf\u00fchrbar<\/li><\/ul>\n\n\n\n<h4 class=\"wp-block-heading\">Bausteine<\/h4>\n\n\n\n<ul class=\"wp-block-list\"><li>Lernstand Deutsch<\/li><li>Lernstand Englisch<\/li><li>Lernstand Mathematik<\/li><li>Biografische Informationen<\/li><li>Methodische Kompetenz<\/li><li>Berufliche Orientierung<\/li><li>Soziale Kompetenz<\/li><li>Fachliche Kompetenz<\/li><\/ul>\n\n\n\n<h4 class=\"wp-block-heading\">Ziele<\/h4>\n\n\n\n<ul class=\"wp-block-list\"><li>Integration<\/li><li>F\u00f6rderung<\/li><li>Umgang mit Heterogenit\u00e4t<\/li><li>Diagnostik<\/li><\/ul>\n\n\n\n<hr class=\"wp-block-separator is-style-wide\" \/>\n\n\n\n<h4 class=\"wp-block-heading\">Weiterf\u00fchrende Links<\/h4>\n\n\n\n<p><a href=\"https:\/\/www.2p-mto.de\/\" target=\"_blank\" rel=\"noreferrer noopener\">Link zu MTO<\/a><\/p>\n\n\n\n<p><a href=\"https:\/\/plattform.2p.nibis.de\/site\/login\" target=\"_blank\" rel=\"noreferrer noopener\">Link zum Login zu 2P<\/a><\/p>\n\n\n\n<hr class=\"wp-block-separator is-style-wide\" \/>\n\n\n\n<p><em>Alle Informationen auf dieser Seite in Anlehnung an die Informationsschreiben durch das Kultusministerium vom August 2020.<\/em><\/p>\n","protected":false},"excerpt":{"rendered":"<p>Im Vergleich zum Kompetenzcheck komPASS\u00b3, mit dem die berufsbildenden Schulen im Rahmen von SPRINT ausgestattet wurden, ist 2P rein computerbasiert und geht \u00fcber die Erhebung von beruflich relevanten Kompetenzen hinaus. Denn mit 2P k\u00f6nnen zeitlich effizient u. a. individuelle Lernst\u00e4nde in Deutsch (inkl. der Deutsch-Zertifizierung nach GER), Englisch und Mathematik ermittelt werden. Dar\u00fcber hinaus beinhaltet &hellip; <a href=\"https:\/\/wordpress.nibis.de\/bes\/beratung\/kompetenzfeststellung\/potential-perspektive-2p\/\" class=\"more-link\"><span class=\"screen-reader-text\">Potential &amp; Perspektive (2P)<\/span> weiterlesen <span class=\"meta-nav\">&rarr;<\/span><\/a><\/p>\n","protected":false},"author":9194621,"featured_media":0,"parent":155,"menu_order":1,"comment_status":"closed","ping_status":"closed","template":"","meta":{"footnotes":""},"class_list":["post-159","page","type-page","status-publish","hentry"],"_links":{"self":[{"href":"https:\/\/wordpress.nibis.de\/bes\/wp-json\/wp\/v2\/pages\/159","targetHints":{"allow":["GET"]}}],"collection":[{"href":"https:\/\/wordpress.nibis.de\/bes\/wp-json\/wp\/v2\/pages"}],"about":[{"href":"https:\/\/wordpress.nibis.de\/bes\/wp-json\/wp\/v2\/types\/page"}],"author":[{"embeddable":true,"href":"https:\/\/wordpress.nibis.de\/bes\/wp-json\/wp\/v2\/users\/9194621"}],"replies":[{"embeddable":true,"href":"https:\/\/wordpress.nibis.de\/bes\/wp-json\/wp\/v2\/comments?post=159"}],"version-history":[{"count":2,"href":"https:\/\/wordpress.nibis.de\/bes\/wp-json\/wp\/v2\/pages\/159\/revisions"}],"predecessor-version":[{"id":178,"href":"https:\/\/wordpress.nibis.de\/bes\/wp-json\/wp\/v2\/pages\/159\/revisions\/178"}],"up":[{"embeddable":true,"href":"https:\/\/wordpress.nibis.de\/bes\/wp-json\/wp\/v2\/pages\/155"}],"wp:attachment":[{"href":"https:\/\/wordpress.nibis.de\/bes\/wp-json\/wp\/v2\/media?parent=159"}],"curies":[{"name":"wp","href":"https:\/\/api.w.org\/{rel}","templated":true}]}}