{"id":182,"date":"2025-08-05T12:36:26","date_gmt":"2025-08-05T10:36:26","guid":{"rendered":"https:\/\/wordpress.nibis.de\/bes\/?page_id=182"},"modified":"2025-08-05T12:36:26","modified_gmt":"2025-08-05T10:36:26","slug":"grundsaetze-des-unterrichts","status":"publish","type":"page","link":"https:\/\/wordpress.nibis.de\/bes\/klasse-1\/grundsaetze-des-unterrichts\/","title":{"rendered":"Grunds\u00e4tze des Unterrichts"},"content":{"rendered":"\n<h2 class=\"wp-block-heading\">F\u00e4cher\u00fcbergreifende Vermittlung von Kulturtechniken<\/h2>\n\n\n\n<p>Die Vermittlung von Lese-\/ Rechtschreibkompetenz, mathematischen Grundkenntnissen und gesellschaftspolitischen Inhalten ist nicht isoliert zu betrachten, sondern Bestandteil der Unterrichtsmodule und Qualifizierungsbausteine in der Klasse 1.<br>Ebenso sind das Verhalten der Jugendlichen untereinander, der Umgang zwischen Sch\u00fclerinnen, Sch\u00fclern und Lehrkr\u00e4ften, der regelm\u00e4\u00dfige Schulbesuch, das Geschehen auf dem Schulweg Teil des Lebens in der Gemeinschaft und in diesem Sinne Unterrichtsgegenstand.<\/p>\n\n\n\n<h2 class=\"wp-block-heading\">Situationsorientierte Handhabung der Unterrichtszeit<\/h2>\n\n\n\n<p>Der Umgang mit Jugendlichen in der Klasse 1 erfordert eine situationsorientierte Handhabung der Unterrichtszeiten durch die Lehrkr\u00e4fte. Die Schulleitung muss entsprechende Rahmenbedingungen schaffen. Unterrichtseinheiten m\u00fcssen durch methodisch abwechslungsreichen Unterricht und einen Wechsel zwischen eher \u201eoffenen\u201c Anforderungen und strukturierten Arbeitsphasen aufgelockert werden.<\/p>\n\n\n\n<h2 class=\"wp-block-heading\">Acht-Stunden-Tag<\/h2>\n\n\n\n<p>Um die Sch\u00fclerinnen und Sch\u00fcler auf den zuk\u00fcnftigen Rhythmus des Arbeitslebens vorzubereiten, ist es sinnvoll, je nach Zusammensetzung der Klasse &#8211; sp\u00e4testens im 2. Halbjahr &#8211; einen mindestens achtst\u00fcndigen Unterrichtstag in der Woche vorzusehen.<\/p>\n\n\n\n<h2 class=\"wp-block-heading\">Lernortwechsel<\/h2>\n\n\n\n<p>Unterricht in der Klasse 1 macht oft einen Lernortwechsel erforderlich. Durch entsprechende organisatorische Ma\u00dfnahmen, z. B. durch unb\u00fcrokratische Abmeldung im Sekretariat, sollte gew\u00e4hrleistet werden, dass die Lehrkraft mit ihrer Klasse den Unterrichtsraum und\/oder die Schule auch kurzfristig verlassen darf.<\/p>\n\n\n\n<h2 class=\"wp-block-heading\">Arbeitsbl\u00e4tter<\/h2>\n\n\n\n<p>Bei der Gestaltung und dem Einsatz von Arbeitsbl\u00e4ttern ist darauf zu achten,<\/p>\n\n\n\n<ul class=\"wp-block-list\"><li>m\u00f6glichst nur ein Arbeitsblatt f\u00fcr eine Unterrichtsstunde einzusetzen<\/li><li>Arbeitsbl\u00e4tter einheitlich zu gestalten (Blattumrandung mit Kopf- und Fu\u00dfzeile, Text und Aufgabenstellung auf einem Blatt)<\/li><li>dass die Kopf- und Fu\u00dfzeile eine Aufforderung zum Eintragen des Namens, Unterrichtsfaches, Bearbeitungsdatums und der Arbeitsblattnummer enth\u00e4lt<\/li><li>Textmenge und Informationsgehalt dem Auffassungsverm\u00f6gen der Sch\u00fclerinnen\/Sch\u00fcler entsprechend anzupassen<\/li><li>kurze und verst\u00e4ndliche Aufgabenstellungen zu formulieren<\/li><li>Arbeitsbl\u00e4tter ansprechend zu gestalten (Grafik, Comic usw.).<\/li><\/ul>\n\n\n\n<h2 class=\"wp-block-heading\">Digitale Medien<\/h2>\n\n\n\n<p>Um den Unterricht in der Klasse 1 zeitgem\u00e4\u00df zu gestalten, ist der Einsatz digitaler Medien unerl\u00e4sslich. Der Umgang mit diesen Medien ist Jugendlichen aus ihrem Alltag vertraut und wird in vielen Bereichen des t\u00e4glichen Lebens von ihnen erwartet. Gegen\u00fcber den traditionellen Printmedien sind Smartphone und das Bewegen Internet f\u00fcr sie zu den zentralen Medien geworden.<\/p>\n\n\n\n<p>Den Lehrkr\u00e4ften kommt die Aufgabe zu, an die Begeisterung und Kenntnisse der Jugendlichen anzukn\u00fcpfen und ihnen neue Nutzungsm\u00f6glichkeiten aufzuzeigen, die sie f\u00fcr den Erwerb schulischer und beruflicher Handlungskompetenzen einsetzen k\u00f6nnen.<\/p>\n\n\n\n<p>Dar\u00fcber hinaus birgt die Nutzung der digitalen Medien auch Konfliktpotential im sozialen Umfeld und im Kontakt mit Kriminalit\u00e4t. Dies sollte durch die Lehrkr\u00e4fte im Unterricht thematisiert und ggf. durch au\u00dferschulische Kooperationspartner unterst\u00fctzt werden. Ggf. sollte in diesem Zusammenhang auch die Problematik rassistischer und neonazistischer Angebote im Internet aufgegriffen werden.<\/p>\n\n\n\n<p>Die Erfahrungen der Sch\u00fclerinnen\/Sch\u00fcler mit digitalen Medien k\u00f6nnen genutzt werden, um zu berufsbezogenen Themen und Fragestellungen Informationen zu ermitteln und auszutauschen.<\/p>\n\n\n\n<h2 class=\"wp-block-heading\">Leistungsbewertung<\/h2>\n\n\n\n<p>Bei Jugendlichen der Klasse 1 ist die Leistungsbewertung aufgrund der Vorerfahrungen h\u00e4ufig negativ besetzt und sollte daher erst nach einer Eingew\u00f6hnungsphase beginnen. Sie hat sich an dem individuellen Lernzuwachs wie auch der Gesamtentwicklung der Pers\u00f6nlichkeit zu orientieren, die \u00fcber das gesamte Schuljahr zu dokumentieren ist. Mithilfe der Dokumentationen k\u00f6nnen Empfehlungen f\u00fcr den Besuch der Klasse 2 abgegeben werden. Diese wird durch die Zeugniskonferenz ausgesprochen und wird im Zeugnis dokumentiert. Kriterien f\u00fcr die Beurteilung der erfolgreichen Teilnahme legt die Klassenkonferenz sp\u00e4testens zu Beginn des Schuljahres fest. Dabei sind Lernentwicklung, Pers\u00f6nlichkeitsentwicklung, Arbeits- und Sozialverhalten und Basiskompetenzen der Sch\u00fclerinnen und Sch\u00fcler zu ber\u00fccksichtigen. Die schulinternen Kriterien f\u00fcr einen erfolgreichen \u00dcbergang in Klasse 2 sind fr\u00fchzeitig und transparent zu kommunizieren. Geeignet hierf\u00fcr ist z. B. die Eingangsberatung oder das 1. Beratungsgespr\u00e4ch.<br>M\u00fcndliche R\u00fcckmeldungen und Beurteilungen sind besonders geeignet, wenn Teilbegabungen oder Entwicklungen der Sch\u00fclerinnen und Sch\u00fcler hervorgehoben werden sollen.<\/p>\n\n\n\n<p>Das Anspruchsniveau sollte deutlich unter dem der Klasse 2 liegen.<\/p>\n\n\n\n<p>Beurteilungen werden von den Jugendlichen in der Regel nur dann angenommen, wenn sie die Pers\u00f6nlichkeit der Lehrkraft akzeptieren. Dar\u00fcber hinaus ist es wichtig, negative Bewertungen so zu begr\u00fcnden, dass f\u00fcr Sch\u00fclerinnen und Sch\u00fcler die Abweichungen von den Anforderungen deutlich werden und sie daraus f\u00fcr die Selbsteinsch\u00e4tzung ihres Verhaltens Schl\u00fcsse ziehen k\u00f6nnen.<\/p>\n","protected":false},"excerpt":{"rendered":"<p>F\u00e4cher\u00fcbergreifende Vermittlung von Kulturtechniken Die Vermittlung von Lese-\/ Rechtschreibkompetenz, mathematischen Grundkenntnissen und gesellschaftspolitischen Inhalten ist nicht isoliert zu betrachten, sondern Bestandteil der Unterrichtsmodule und Qualifizierungsbausteine in der Klasse 1.Ebenso sind das Verhalten der Jugendlichen untereinander, der Umgang zwischen Sch\u00fclerinnen, Sch\u00fclern und Lehrkr\u00e4ften, der regelm\u00e4\u00dfige Schulbesuch, das Geschehen auf dem Schulweg Teil des Lebens in der &hellip; <a href=\"https:\/\/wordpress.nibis.de\/bes\/klasse-1\/grundsaetze-des-unterrichts\/\" class=\"more-link\"><span class=\"screen-reader-text\">Grunds\u00e4tze des Unterrichts<\/span> weiterlesen <span class=\"meta-nav\">&rarr;<\/span><\/a><\/p>\n","protected":false},"author":9194621,"featured_media":0,"parent":20,"menu_order":1,"comment_status":"closed","ping_status":"closed","template":"","meta":{"footnotes":""},"class_list":["post-182","page","type-page","status-publish","hentry"],"_links":{"self":[{"href":"https:\/\/wordpress.nibis.de\/bes\/wp-json\/wp\/v2\/pages\/182","targetHints":{"allow":["GET"]}}],"collection":[{"href":"https:\/\/wordpress.nibis.de\/bes\/wp-json\/wp\/v2\/pages"}],"about":[{"href":"https:\/\/wordpress.nibis.de\/bes\/wp-json\/wp\/v2\/types\/page"}],"author":[{"embeddable":true,"href":"https:\/\/wordpress.nibis.de\/bes\/wp-json\/wp\/v2\/users\/9194621"}],"replies":[{"embeddable":true,"href":"https:\/\/wordpress.nibis.de\/bes\/wp-json\/wp\/v2\/comments?post=182"}],"version-history":[{"count":1,"href":"https:\/\/wordpress.nibis.de\/bes\/wp-json\/wp\/v2\/pages\/182\/revisions"}],"predecessor-version":[{"id":183,"href":"https:\/\/wordpress.nibis.de\/bes\/wp-json\/wp\/v2\/pages\/182\/revisions\/183"}],"up":[{"embeddable":true,"href":"https:\/\/wordpress.nibis.de\/bes\/wp-json\/wp\/v2\/pages\/20"}],"wp:attachment":[{"href":"https:\/\/wordpress.nibis.de\/bes\/wp-json\/wp\/v2\/media?parent=182"}],"curies":[{"name":"wp","href":"https:\/\/api.w.org\/{rel}","templated":true}]}}