{"id":20,"date":"2025-05-28T11:20:41","date_gmt":"2025-05-28T09:20:41","guid":{"rendered":"https:\/\/wordpress.nibis.de\/bes\/?page_id=20"},"modified":"2025-08-05T12:26:28","modified_gmt":"2025-08-05T10:26:28","slug":"klasse-1","status":"publish","type":"page","link":"https:\/\/wordpress.nibis.de\/bes\/klasse-1\/","title":{"rendered":"Klasse 1"},"content":{"rendered":"\n<p>In der Klasse 1 lernen Sch\u00fclerinnen und Sch\u00fcler unterschiedlichster Herkunft aus vielen Schulformen der allgemeinbildenden Schulen gemeinsam. Aufgrund ihres individuellen F\u00f6rderbedarfes oder eines fehlenden Schulabschlusses ist es ihnen noch nicht m\u00f6glich die Klasse 2 der Berufseinstiegsschule zu besuchen. F\u00fcr den Unterricht in der Klasse 1 gibt es genauso wie in der vorherigen Schulform, dem Berufsvorbereitungsjahr, keine curricularen Vorgaben. Der Freiraum der Lehrkr\u00e4fte, die ihnen anvertrauten Jugendlichen optimal und individuell zu f\u00f6rdern steht hier klar im Fokus, dies wiederum erfordert von den Lehrkr\u00e4ften eine hohe p\u00e4dagogische Kompetenz.<\/p>\n\n\n\n<p>H\u00e4ufig ist zu beobachten, dass ein weit gesteckter Handlungsspielraum besonders neu einsteigende Lehrkr\u00e4fte eher verunsichert. Die immer wieder gestellte Frage lautet: \u201eDarf ich das denn?\u201c, obwohl doch alle Lehrerinnen und Lehrer und auch alle Sozialp\u00e4dagoginnen und Sozialp\u00e4dagogen \u00fcber eine qualifizierte Ausbildung verf\u00fcgen, die zu selbstst\u00e4ndigem Handeln bef\u00e4higt. Eine solche Bef\u00e4higung ist auch zwingend erforderlich, denn alle in der Klasse 1 der Berufseinstiegsschule t\u00e4tigen Kolleginnen und Kollegen tragen eine hohe Verantwortung f\u00fcr jede einzelne Sch\u00fclerin und f\u00fcr jeden einzelnen Sch\u00fcler. Wenn aus dieser F\u00fcrsorge heraus Unterricht bzw. individuelle F\u00f6rderkonzepte entwickelt werden, muss im Zweifel die Frage lauten: \u201eWo steht, dass ich das nicht darf?\u201c<\/p>\n","protected":false},"excerpt":{"rendered":"<p>In der Klasse 1 lernen Sch\u00fclerinnen und Sch\u00fcler unterschiedlichster Herkunft aus vielen Schulformen der allgemeinbildenden Schulen gemeinsam. Aufgrund ihres individuellen F\u00f6rderbedarfes oder eines fehlenden Schulabschlusses ist es ihnen noch nicht m\u00f6glich die Klasse 2 der Berufseinstiegsschule zu besuchen. F\u00fcr den Unterricht in der Klasse 1 gibt es genauso wie in der vorherigen Schulform, dem Berufsvorbereitungsjahr, &hellip; <a href=\"https:\/\/wordpress.nibis.de\/bes\/klasse-1\/\" class=\"more-link\"><span class=\"screen-reader-text\">Klasse 1<\/span> weiterlesen <span class=\"meta-nav\">&rarr;<\/span><\/a><\/p>\n","protected":false},"author":9194621,"featured_media":0,"parent":0,"menu_order":0,"comment_status":"closed","ping_status":"closed","template":"","meta":{"footnotes":""},"class_list":["post-20","page","type-page","status-publish","hentry"],"_links":{"self":[{"href":"https:\/\/wordpress.nibis.de\/bes\/wp-json\/wp\/v2\/pages\/20","targetHints":{"allow":["GET"]}}],"collection":[{"href":"https:\/\/wordpress.nibis.de\/bes\/wp-json\/wp\/v2\/pages"}],"about":[{"href":"https:\/\/wordpress.nibis.de\/bes\/wp-json\/wp\/v2\/types\/page"}],"author":[{"embeddable":true,"href":"https:\/\/wordpress.nibis.de\/bes\/wp-json\/wp\/v2\/users\/9194621"}],"replies":[{"embeddable":true,"href":"https:\/\/wordpress.nibis.de\/bes\/wp-json\/wp\/v2\/comments?post=20"}],"version-history":[{"count":2,"href":"https:\/\/wordpress.nibis.de\/bes\/wp-json\/wp\/v2\/pages\/20\/revisions"}],"predecessor-version":[{"id":179,"href":"https:\/\/wordpress.nibis.de\/bes\/wp-json\/wp\/v2\/pages\/20\/revisions\/179"}],"wp:attachment":[{"href":"https:\/\/wordpress.nibis.de\/bes\/wp-json\/wp\/v2\/media?parent=20"}],"curies":[{"name":"wp","href":"https:\/\/api.w.org\/{rel}","templated":true}]}}