{"id":217,"date":"2025-08-05T12:55:32","date_gmt":"2025-08-05T10:55:32","guid":{"rendered":"https:\/\/wordpress.nibis.de\/bes\/?page_id=217"},"modified":"2025-08-05T12:56:21","modified_gmt":"2025-08-05T10:56:21","slug":"individualisiertes-lernen","status":"publish","type":"page","link":"https:\/\/wordpress.nibis.de\/bes\/klasse-1\/grundsaetze-des-unterrichts\/individualisiertes-lernen\/","title":{"rendered":"Individualisiertes Lernen"},"content":{"rendered":"\n<p>Dem Grundsatz der individuellen F\u00f6rderung im handlungsorientierten Unterricht wird Rechnung getragen durch binnendifferenziertes Vorgehen. Bei der Binnendifferenzierung k\u00f6nnen durch die Variierung der Aufgabenstellung, der Inhalte, der Methoden, der Materialien, des Lerntempos, der Interessen usf. die Sch\u00fclerinnen und Sch\u00fcler individuell gef\u00f6rdert und gefordert werden.<br>Hierzu ist es sinnvoll, die Lernvoraussetzungen der Sch\u00fclerinnen und Sch\u00fcler so gut wie m\u00f6glich zu kennen.<\/p>\n\n\n\n<p>Arbeiten alle Sch\u00fclerinnen und Sch\u00fcler am gleichen Thema, ist Differenzierung m\u00f6glich durch:<\/p>\n\n\n\n<ul class=\"wp-block-list\"><li>Aufgabenstellungen mit unterschiedlichem Anforderungsniveau<\/li><li>und\/oder Anzahl der Aufgaben,<\/li><li>Tipp- oder Hilfskarten, bzw. anderen L\u00f6sungshilfen (ebenfalls auf unterschiedlichen Niveaus),<\/li><li>verschiedenen Lernzug\u00e4ngen (praktisch, zeichnerisch, schriftlich, digital, spielerisch, etc.),<\/li><li>unterschiedliche \u201eLernprodukte\u201c,<\/li><li>Partner- und Gruppenarbeiten,<\/li><li>\u2026.<\/li><\/ul>\n\n\n\n<p>Auch unterschiedliche Teilaufgaben nach Schwierigkeitsgrad zu vergeben, ist eine M\u00f6glichkeit.<\/p>\n\n\n\n<p>\u00c4hnlich ist das Prinzip, Sch\u00fclerinnen und Sch\u00fcler an unterschiedlichen Themen arbeiten zu lassen, die sie sich ggf. auch selbst ausw\u00e4hlen k\u00f6nnen.<\/p>\n\n\n\n<h2 class=\"wp-block-heading\">Methoden<\/h2>\n\n\n\n<p>Bew\u00e4hrt haben verschiedene Formen von \u201eFreiarbeit\u201c, wie z.B. Lerntheken, Stationenlernen, Wochenplanarbeit, etc. bei denen durch die unterschiedlichen Aufgabenstellungen und die \u00fcberwiegend individuelle Zeitplanung differenziertes Arbeiten gut erm\u00f6glicht werden kann.<\/p>\n","protected":false},"excerpt":{"rendered":"<p>Dem Grundsatz der individuellen F\u00f6rderung im handlungsorientierten Unterricht wird Rechnung getragen durch binnendifferenziertes Vorgehen. Bei der Binnendifferenzierung k\u00f6nnen durch die Variierung der Aufgabenstellung, der Inhalte, der Methoden, der Materialien, des Lerntempos, der Interessen usf. die Sch\u00fclerinnen und Sch\u00fcler individuell gef\u00f6rdert und gefordert werden.Hierzu ist es sinnvoll, die Lernvoraussetzungen der Sch\u00fclerinnen und Sch\u00fcler so gut wie &hellip; <a href=\"https:\/\/wordpress.nibis.de\/bes\/klasse-1\/grundsaetze-des-unterrichts\/individualisiertes-lernen\/\" class=\"more-link\"><span class=\"screen-reader-text\">Individualisiertes Lernen<\/span> weiterlesen <span class=\"meta-nav\">&rarr;<\/span><\/a><\/p>\n","protected":false},"author":9194621,"featured_media":0,"parent":182,"menu_order":1,"comment_status":"closed","ping_status":"closed","template":"","meta":{"footnotes":""},"class_list":["post-217","page","type-page","status-publish","hentry"],"_links":{"self":[{"href":"https:\/\/wordpress.nibis.de\/bes\/wp-json\/wp\/v2\/pages\/217","targetHints":{"allow":["GET"]}}],"collection":[{"href":"https:\/\/wordpress.nibis.de\/bes\/wp-json\/wp\/v2\/pages"}],"about":[{"href":"https:\/\/wordpress.nibis.de\/bes\/wp-json\/wp\/v2\/types\/page"}],"author":[{"embeddable":true,"href":"https:\/\/wordpress.nibis.de\/bes\/wp-json\/wp\/v2\/users\/9194621"}],"replies":[{"embeddable":true,"href":"https:\/\/wordpress.nibis.de\/bes\/wp-json\/wp\/v2\/comments?post=217"}],"version-history":[{"count":1,"href":"https:\/\/wordpress.nibis.de\/bes\/wp-json\/wp\/v2\/pages\/217\/revisions"}],"predecessor-version":[{"id":218,"href":"https:\/\/wordpress.nibis.de\/bes\/wp-json\/wp\/v2\/pages\/217\/revisions\/218"}],"up":[{"embeddable":true,"href":"https:\/\/wordpress.nibis.de\/bes\/wp-json\/wp\/v2\/pages\/182"}],"wp:attachment":[{"href":"https:\/\/wordpress.nibis.de\/bes\/wp-json\/wp\/v2\/media?parent=217"}],"curies":[{"name":"wp","href":"https:\/\/api.w.org\/{rel}","templated":true}]}}