{"id":221,"date":"2025-08-05T13:11:01","date_gmt":"2025-08-05T11:11:01","guid":{"rendered":"https:\/\/wordpress.nibis.de\/bes\/?page_id=221"},"modified":"2025-08-05T13:11:01","modified_gmt":"2025-08-05T11:11:01","slug":"qualifizierungsbausteine","status":"publish","type":"page","link":"https:\/\/wordpress.nibis.de\/bes\/klasse-1\/grundsaetze-des-unterrichts\/qualifizierungsbausteine\/","title":{"rendered":"Qualifizierungsbausteine"},"content":{"rendered":"\n<div class=\"wp-block-columns is-layout-flex wp-container-core-columns-is-layout-abceabcf wp-block-columns-is-layout-flex\">\n<div class=\"wp-block-column is-layout-flow wp-block-column-is-layout-flow\" style=\"--col-width:75%;flex-basis:75%\">\n<h2 class=\"wp-block-heading\">Konzept<\/h2>\n\n\n\n<p>Der berufsbezogene Lernbereich der Klasse 1 Vollzeit wird in Qualifizierungsbausteinen unterrichtet, um dem zweij\u00e4hrigen Bildungsgang der Berufseinstiegsschule eine gemeinsame Struktur zu geben.<\/p>\n\n\n\n<p>Diese beziehen sich in Theorie und Praxis auf mindestens eine Fachrichtung. Im Rahmen dieser Qualifizierungsbausteine erwerben die Sch\u00fclerinnen und Sch\u00fcler grundlegende berufliche Kompetenzen aus den den Fachrichtungen zugrundeliegenden Berufsfeldern. Jeder Qualifizierungsbaustein umfasst jeweils mindestens 60 und h\u00f6chstens 120 Zeitstunden.<\/p>\n\n\n\n<p>Grunds\u00e4tzlich gilt: Die Anforderungen der Qualifizierungsbausteine sollen \u00fcber die zweij\u00e4hrige Laufzeit der Berufseinstiegsschule hinweg ansteigen. Insbesondere in der Klasse 1 sollen die ausgew\u00e4hlten Kompetenzen und die Beschreibung der Qualifizierungsbausteine motivierend auf die Sch\u00fclerinnen und Sch\u00fcler wirken und deren pers\u00f6nliche Kompetenzen und Interessen in den Mittelpunkt stellen.<\/p>\n\n\n\n<p>Die Berufseinstiegsschule ist in ihrer Zielrichtung der Berufsorientierung und -vorbereitung eindeutig von der beruflichen Grundbildung zu differenzieren.<\/p>\n\n\n\n<p>Um Sch\u00fclerinnen und Sch\u00fclern einen leichteren Zugang zu den Lerninhalten des berufs\u00fcbergreifenden Lernbereichs der Unterrichtsmodule I und II zu verschaffen, soll dieser grunds\u00e4tzlich auf die Handlungsergebnisse der Qualifizierungsbausteine des berufsbezogenen Lernbereichs aufbauen. (vgl. Unterrichtsmodule)<\/p>\n\n\n\n<p>Die praktischen Inhalte von Qualifizierungsbausteinen k\u00f6nnen ganz oder teilweise in qualifizierten au\u00dferschulischen Einrichtungen vermittelt werden.<\/p>\n\n\n\n<h2 class=\"wp-block-heading\">Didaktische Ausrichtung der Qualifizierungsbausteine<\/h2>\n\n\n\n<p>Das f\u00fcr jeden Qualifizierungsbaustein zu erstellende Kompetenzbild beschreibt die angestrebten Ergebnisse eines Qualifizierungsprozesses, es enth\u00e4lt keine Vorgaben \u00fcber die Gestaltung des Unterrichts. Deshalb ist f\u00fcr jeden einzelnen Qualifizierungsbaustein ein entsprechendes Curriculum gemeinsam von den beteiligten Theorie- und Praxislehrkr\u00e4ften zu erarbeiten. Es ber\u00fccksichtigt die Gegebenheiten der zur Verf\u00fcgung stehenden Werkst\u00e4tten bzw. der kooperierenden Betriebe und es orientiert sich an den Interessen und Lernvoraussetzungen der Jugendlichen. Da sich einzelne Faktoren durchaus \u00e4ndern, ist dieses Curriculum nicht statisch, sondern immer wieder den ver\u00e4nderten aktuellen Situationen anzupassen. Es handelt sich also um ein \u201eoffenes\u201c Curriculum mit verschiedenen Lernsituationen.<\/p>\n\n\n\n<h2 class=\"wp-block-heading\">Bewertungsgrunds\u00e4tze<\/h2>\n\n\n\n<p>Die Anforderungen der Qualifizierungsbausteine sollen \u00fcber die zweij\u00e4hrige Laufzeit der Berufseinstiegsschule hinweg ansteigen. Dies zeigt sich in den Handlungsergebnissen, der Bearbeitungszeit, den angepassten Bewertungsma\u00dfst\u00e4ben und letztlich auch in der Bezeichnung der Qualifizierungsbausteine in Klasse 1 und Klasse 2.<\/p>\n\n\n\n<p>Die Handlungsergebnisse sollen in ihrer Komplexit\u00e4t den Anforderungen an eine individuelle F\u00f6rderung in Klasse 1 angeglichen werden. Hier sind u.a. individuelle Hilfen oder auch eine Wahlm\u00f6glichkeit von Handlungsergebnissen denkbar. Auch die Bewertungsma\u00dfst\u00e4be sind in Bezug auf die fachliche Korrektheit und den allgemeinen Qualit\u00e4tsanspruch entsprechend auszurichten. Die angewandten Bewertungskriterien, -b\u00f6gen und -ma\u00dfst\u00e4be m\u00fcssen transparent und den Sch\u00fclerinnen und Sch\u00fclern bekannt sein.<\/p>\n<\/div>\n\n\n\n<div class=\"wp-block-column has-background is-layout-flow wp-block-column-is-layout-flow\" style=\"--col-width:25%;background-color:#eaeaea;flex-basis:25%\">\n<h4 class=\"wp-block-heading\">Materialien<\/h4>\n\n\n\n<p>Hier befinden sich Vorlagen und Beispiele<\/p>\n\n\n\n<div class=\"wp-block-file\"><a id=\"wp-block-file--media-d2422b76-15f0-4a0c-b397-d41bfeaf1415\" href=\"https:\/\/wordpress.nibis.de\/bes\/files\/2025\/08\/Muster_Kompetenzbild_1.pdf\" target=\"_blank\" rel=\"noreferrer noopener\">Musterkompetenzbild<\/a><\/div>\n\n\n\n<div class=\"wp-block-file\"><a id=\"wp-block-file--media-570c834a-ef3a-45f8-8dac-049d70cb074a\" href=\"https:\/\/wordpress.nibis.de\/bes\/files\/2025\/08\/Kompetenzbild_Eierspeisen.pdf\" target=\"_blank\" rel=\"noreferrer noopener\">Beispiel Kompetenzbild &#8222;Herstellung von Eierspeisen&#8220;<\/a><\/div>\n\n\n\n<div class=\"wp-block-file\"><a id=\"wp-block-file--media-be9eff0e-351c-4466-be78-3410da5ab4e9\" href=\"https:\/\/wordpress.nibis.de\/bes\/files\/2025\/08\/Kompetenzbild_Tapezieren.pdf\" target=\"_blank\" rel=\"noreferrer noopener\">Beispiel Kompetenzbild &#8222;Tapezieren&#8220;<\/a><\/div>\n\n\n\n<div class=\"wp-block-file\"><a id=\"wp-block-file--media-459385eb-f985-443b-988f-b372fd69e4c9\" href=\"https:\/\/wordpress.nibis.de\/bes\/files\/2025\/08\/Kompetenzbild_Schluesselanhaenger.pdf\" target=\"_blank\" rel=\"noreferrer noopener\">Beispiel Kompetenzbild &#8222;Schl\u00fcsselanh\u00e4nger&#8220;<\/a><\/div>\n\n\n\n<div class=\"wp-block-file\"><a id=\"wp-block-file--media-e8377654-f23a-4a97-aeff-ad77f9683199\" href=\"https:\/\/wordpress.nibis.de\/bes\/files\/2025\/08\/Aufbau_Inhalt_1.pdf\" target=\"_blank\" rel=\"noreferrer noopener\">Aufbau und Inhalt Kompetenzbild<\/a><\/div>\n<\/div>\n<\/div>\n\n\n\n<p><\/p>\n","protected":false},"excerpt":{"rendered":"<p>Konzept Der berufsbezogene Lernbereich der Klasse 1 Vollzeit wird in Qualifizierungsbausteinen unterrichtet, um dem zweij\u00e4hrigen Bildungsgang der Berufseinstiegsschule eine gemeinsame Struktur zu geben. Diese beziehen sich in Theorie und Praxis auf mindestens eine Fachrichtung. Im Rahmen dieser Qualifizierungsbausteine erwerben die Sch\u00fclerinnen und Sch\u00fcler grundlegende berufliche Kompetenzen aus den den Fachrichtungen zugrundeliegenden Berufsfeldern. Jeder Qualifizierungsbaustein umfasst &hellip; <a href=\"https:\/\/wordpress.nibis.de\/bes\/klasse-1\/grundsaetze-des-unterrichts\/qualifizierungsbausteine\/\" class=\"more-link\"><span class=\"screen-reader-text\">Qualifizierungsbausteine<\/span> weiterlesen <span class=\"meta-nav\">&rarr;<\/span><\/a><\/p>\n","protected":false},"author":9194621,"featured_media":0,"parent":182,"menu_order":1,"comment_status":"closed","ping_status":"closed","template":"","meta":{"footnotes":""},"class_list":["post-221","page","type-page","status-publish","hentry"],"_links":{"self":[{"href":"https:\/\/wordpress.nibis.de\/bes\/wp-json\/wp\/v2\/pages\/221","targetHints":{"allow":["GET"]}}],"collection":[{"href":"https:\/\/wordpress.nibis.de\/bes\/wp-json\/wp\/v2\/pages"}],"about":[{"href":"https:\/\/wordpress.nibis.de\/bes\/wp-json\/wp\/v2\/types\/page"}],"author":[{"embeddable":true,"href":"https:\/\/wordpress.nibis.de\/bes\/wp-json\/wp\/v2\/users\/9194621"}],"replies":[{"embeddable":true,"href":"https:\/\/wordpress.nibis.de\/bes\/wp-json\/wp\/v2\/comments?post=221"}],"version-history":[{"count":1,"href":"https:\/\/wordpress.nibis.de\/bes\/wp-json\/wp\/v2\/pages\/221\/revisions"}],"predecessor-version":[{"id":222,"href":"https:\/\/wordpress.nibis.de\/bes\/wp-json\/wp\/v2\/pages\/221\/revisions\/222"}],"up":[{"embeddable":true,"href":"https:\/\/wordpress.nibis.de\/bes\/wp-json\/wp\/v2\/pages\/182"}],"wp:attachment":[{"href":"https:\/\/wordpress.nibis.de\/bes\/wp-json\/wp\/v2\/media?parent=221"}],"curies":[{"name":"wp","href":"https:\/\/api.w.org\/{rel}","templated":true}]}}