{"id":23,"date":"2025-05-28T11:20:41","date_gmt":"2025-05-28T09:20:41","guid":{"rendered":"https:\/\/wordpress.nibis.de\/bes\/?page_id=23"},"modified":"2025-08-06T10:39:08","modified_gmt":"2025-08-06T08:39:08","slug":"inklusion","status":"publish","type":"page","link":"https:\/\/wordpress.nibis.de\/bes\/inklusion\/","title":{"rendered":"Inklusion"},"content":{"rendered":"\n<p>In der Berufseinstiegsschule Klasse 1 und in der Klasse Sprache \/ Integration Teilzeit steht die individuelle F\u00f6rderung von Sch\u00fclerinnen und Sch\u00fclern im Zusammenspiel mit der beruflichen Orientierung im Vordergrund. Die Berufseinstiegsschule stellt mit diesem Angebot die zweij\u00e4hrige F\u00f6rderung von Sch\u00fclerinnen und Sch\u00fcler mit den unterschiedlichen Bedarfen an sonderp\u00e4dagogischer Unterst\u00fctzung zur Verf\u00fcgung.<\/p>\n","protected":false},"excerpt":{"rendered":"<p>In der Berufseinstiegsschule Klasse 1 und in der Klasse Sprache \/ Integration Teilzeit steht die individuelle F\u00f6rderung von Sch\u00fclerinnen und Sch\u00fclern im Zusammenspiel mit der beruflichen Orientierung im Vordergrund. Die Berufseinstiegsschule stellt mit diesem Angebot die zweij\u00e4hrige F\u00f6rderung von Sch\u00fclerinnen und Sch\u00fcler mit den unterschiedlichen Bedarfen an sonderp\u00e4dagogischer Unterst\u00fctzung zur Verf\u00fcgung.<\/p>\n","protected":false},"author":9194621,"featured_media":0,"parent":0,"menu_order":0,"comment_status":"closed","ping_status":"closed","template":"","meta":{"footnotes":""},"class_list":["post-23","page","type-page","status-publish","hentry"],"_links":{"self":[{"href":"https:\/\/wordpress.nibis.de\/bes\/wp-json\/wp\/v2\/pages\/23","targetHints":{"allow":["GET"]}}],"collection":[{"href":"https:\/\/wordpress.nibis.de\/bes\/wp-json\/wp\/v2\/pages"}],"about":[{"href":"https:\/\/wordpress.nibis.de\/bes\/wp-json\/wp\/v2\/types\/page"}],"author":[{"embeddable":true,"href":"https:\/\/wordpress.nibis.de\/bes\/wp-json\/wp\/v2\/users\/9194621"}],"replies":[{"embeddable":true,"href":"https:\/\/wordpress.nibis.de\/bes\/wp-json\/wp\/v2\/comments?post=23"}],"version-history":[{"count":3,"href":"https:\/\/wordpress.nibis.de\/bes\/wp-json\/wp\/v2\/pages\/23\/revisions"}],"predecessor-version":[{"id":375,"href":"https:\/\/wordpress.nibis.de\/bes\/wp-json\/wp\/v2\/pages\/23\/revisions\/375"}],"wp:attachment":[{"href":"https:\/\/wordpress.nibis.de\/bes\/wp-json\/wp\/v2\/media?parent=23"}],"curies":[{"name":"wp","href":"https:\/\/api.w.org\/{rel}","templated":true}]}}