{"id":231,"date":"2025-08-05T13:21:49","date_gmt":"2025-08-05T11:21:49","guid":{"rendered":"https:\/\/wordpress.nibis.de\/bes\/?page_id=231"},"modified":"2025-08-05T13:21:49","modified_gmt":"2025-08-05T11:21:49","slug":"doppelbesetzung","status":"publish","type":"page","link":"https:\/\/wordpress.nibis.de\/bes\/klasse-1\/doppelbesetzung\/","title":{"rendered":"Doppelbesetzung"},"content":{"rendered":"\n<p>Aus p\u00e4dagogischen Gr\u00fcnden k\u00f6nnen bis zu vier Unterrichtsstunden mit doppelter Lehrkraftbesetzung durchgef\u00fchrt werden. Diese Stunden sind jedoch auf das Stundenma\u00df der Klasse anzurechnen. (vgl. 4.1.1 EB-BbS)<\/p>\n\n\n\n<p>Dies er\u00f6ffnet zum Beispiel die M\u00f6glichkeit,<\/p>\n\n\n\n<ul class=\"wp-block-list\"><li>bestimmte Unterrichtsinhalte gemeinsam mit Theorie- und Praxislehrkr\u00e4ften zu unterrichten,<\/li><li>vor\u00fcbergehend einzelne Jugendliche speziell zu f\u00f6rdern,<\/li><li>erh\u00f6hten Lehrkr\u00e4fteeinsatz w\u00e4hrend einer Projektphase zu realisieren oder<\/li><li>Sozialtraining in der Klasse durchzuf\u00fchren.<\/li><\/ul>\n","protected":false},"excerpt":{"rendered":"<p>Aus p\u00e4dagogischen Gr\u00fcnden k\u00f6nnen bis zu vier Unterrichtsstunden mit doppelter Lehrkraftbesetzung durchgef\u00fchrt werden. Diese Stunden sind jedoch auf das Stundenma\u00df der Klasse anzurechnen. (vgl. 4.1.1 EB-BbS) Dies er\u00f6ffnet zum Beispiel die M\u00f6glichkeit, bestimmte Unterrichtsinhalte gemeinsam mit Theorie- und Praxislehrkr\u00e4ften zu unterrichten, vor\u00fcbergehend einzelne Jugendliche speziell zu f\u00f6rdern, erh\u00f6hten Lehrkr\u00e4fteeinsatz w\u00e4hrend einer Projektphase zu realisieren oder &hellip; <a href=\"https:\/\/wordpress.nibis.de\/bes\/klasse-1\/doppelbesetzung\/\" class=\"more-link\"><span class=\"screen-reader-text\">Doppelbesetzung<\/span> weiterlesen <span class=\"meta-nav\">&rarr;<\/span><\/a><\/p>\n","protected":false},"author":9194621,"featured_media":0,"parent":20,"menu_order":1,"comment_status":"closed","ping_status":"closed","template":"","meta":{"footnotes":""},"class_list":["post-231","page","type-page","status-publish","hentry"],"_links":{"self":[{"href":"https:\/\/wordpress.nibis.de\/bes\/wp-json\/wp\/v2\/pages\/231","targetHints":{"allow":["GET"]}}],"collection":[{"href":"https:\/\/wordpress.nibis.de\/bes\/wp-json\/wp\/v2\/pages"}],"about":[{"href":"https:\/\/wordpress.nibis.de\/bes\/wp-json\/wp\/v2\/types\/page"}],"author":[{"embeddable":true,"href":"https:\/\/wordpress.nibis.de\/bes\/wp-json\/wp\/v2\/users\/9194621"}],"replies":[{"embeddable":true,"href":"https:\/\/wordpress.nibis.de\/bes\/wp-json\/wp\/v2\/comments?post=231"}],"version-history":[{"count":1,"href":"https:\/\/wordpress.nibis.de\/bes\/wp-json\/wp\/v2\/pages\/231\/revisions"}],"predecessor-version":[{"id":232,"href":"https:\/\/wordpress.nibis.de\/bes\/wp-json\/wp\/v2\/pages\/231\/revisions\/232"}],"up":[{"embeddable":true,"href":"https:\/\/wordpress.nibis.de\/bes\/wp-json\/wp\/v2\/pages\/20"}],"wp:attachment":[{"href":"https:\/\/wordpress.nibis.de\/bes\/wp-json\/wp\/v2\/media?parent=231"}],"curies":[{"name":"wp","href":"https:\/\/api.w.org\/{rel}","templated":true}]}}