{"id":235,"date":"2025-08-05T13:27:46","date_gmt":"2025-08-05T11:27:46","guid":{"rendered":"https:\/\/wordpress.nibis.de\/bes\/?page_id=235"},"modified":"2025-08-05T13:27:46","modified_gmt":"2025-08-05T11:27:46","slug":"klassenfahrten","status":"publish","type":"page","link":"https:\/\/wordpress.nibis.de\/bes\/klasse-1\/klassenfahrten\/","title":{"rendered":"Klassenfahrten"},"content":{"rendered":"\n<h2 class=\"wp-block-heading\">\u201eSchulfahrten\u201c Erlass des MK<\/h2>\n\n\n\n<p>In der BES Klasse 1 besteht die M\u00f6glichkeit, Klassenfahrten und Schullandheimaufenthalte durchzuf\u00fchren. Der geltende Erlass (SchulfahrtenRdErl. d. MK v. 1.11.2015 &#8211; 26 &#8211; 82 021 (SVBl. 11\/2015 S. 542), ge\u00e4ndert durch RdErl. vom 1.11.2017 (SVBl. Nr.11\/2017 S. 628) und vom 1.11.2020 (SVBl. Nr.11\/2020 S. 538) &#8211; VORIS 22410 -) sieht daf\u00fcr insgesamt 10 Unterrichtstage vor, davon 6 Tage f\u00fcr einen Schullandheimaufenthalt.<\/p>\n\n\n\n<h2 class=\"wp-block-heading\">Vorbereitung<\/h2>\n\n\n\n<p>In der Vorbereitung der Klassenfahrt bzw. des Schullandheimaufenthaltes sollten Lehrkr\u00e4fte und Sch\u00fclerinnen\/Sch\u00fcler sich \u00fcber einen geeigneten Zeitraum und eine sinnvolle Programmgestaltung verst\u00e4ndigen sowie verbindliche Absprachen treffen. Selbstverst\u00e4ndlich sind dabei auch die Eltern\/Erziehungsberechtigten einzubeziehen.<\/p>\n\n\n\n<p>Es ist ratsam, dass zwei Lehrkr\u00e4fte die Vorbereitung und Durchf\u00fchrung der Klassenfahrt \u00fcbernehmen, auch die Zusammenarbeit mit einer \u201ePartnerklasse\u201c bietet sich an.<\/p>\n\n\n\n<p>Der Erlass \u201eSchulfahrten\u201c des MK enth\u00e4lt als Anlagen eine \u201eMerkliste\u201c f\u00fcr die Durchf\u00fchrung von Klassenfahrten und Schullandaufenthalten sowie eine Empfehlung f\u00fcr die \u201eErkl\u00e4rung der Erziehungsberechtigten\u201c.<\/p>\n\n\n\n<h2 class=\"wp-block-heading\">Nachbereitung<\/h2>\n\n\n\n<p>Bei der Nachbereitung k\u00f6nnen die Sch\u00fclerinnen\/ Sch\u00fcler z. B. im Rahmen eines Projektes \u00fcber Erlebnisse und Ergebnisse der Fahrt berichten und evtl. Fotos und Filmaufnahmen pr\u00e4sentieren.<\/p>\n","protected":false},"excerpt":{"rendered":"<p>\u201eSchulfahrten\u201c Erlass des MK In der BES Klasse 1 besteht die M\u00f6glichkeit, Klassenfahrten und Schullandheimaufenthalte durchzuf\u00fchren. Der geltende Erlass (SchulfahrtenRdErl. d. MK v. 1.11.2015 &#8211; 26 &#8211; 82 021 (SVBl. 11\/2015 S. 542), ge\u00e4ndert durch RdErl. vom 1.11.2017 (SVBl. Nr.11\/2017 S. 628) und vom 1.11.2020 (SVBl. Nr.11\/2020 S. 538) &#8211; VORIS 22410 -) sieht daf\u00fcr &hellip; <a href=\"https:\/\/wordpress.nibis.de\/bes\/klasse-1\/klassenfahrten\/\" class=\"more-link\"><span class=\"screen-reader-text\">Klassenfahrten<\/span> weiterlesen <span class=\"meta-nav\">&rarr;<\/span><\/a><\/p>\n","protected":false},"author":9194621,"featured_media":0,"parent":20,"menu_order":1,"comment_status":"closed","ping_status":"closed","template":"","meta":{"footnotes":""},"class_list":["post-235","page","type-page","status-publish","hentry"],"_links":{"self":[{"href":"https:\/\/wordpress.nibis.de\/bes\/wp-json\/wp\/v2\/pages\/235","targetHints":{"allow":["GET"]}}],"collection":[{"href":"https:\/\/wordpress.nibis.de\/bes\/wp-json\/wp\/v2\/pages"}],"about":[{"href":"https:\/\/wordpress.nibis.de\/bes\/wp-json\/wp\/v2\/types\/page"}],"author":[{"embeddable":true,"href":"https:\/\/wordpress.nibis.de\/bes\/wp-json\/wp\/v2\/users\/9194621"}],"replies":[{"embeddable":true,"href":"https:\/\/wordpress.nibis.de\/bes\/wp-json\/wp\/v2\/comments?post=235"}],"version-history":[{"count":1,"href":"https:\/\/wordpress.nibis.de\/bes\/wp-json\/wp\/v2\/pages\/235\/revisions"}],"predecessor-version":[{"id":236,"href":"https:\/\/wordpress.nibis.de\/bes\/wp-json\/wp\/v2\/pages\/235\/revisions\/236"}],"up":[{"embeddable":true,"href":"https:\/\/wordpress.nibis.de\/bes\/wp-json\/wp\/v2\/pages\/20"}],"wp:attachment":[{"href":"https:\/\/wordpress.nibis.de\/bes\/wp-json\/wp\/v2\/media?parent=235"}],"curies":[{"name":"wp","href":"https:\/\/api.w.org\/{rel}","templated":true}]}}