{"id":237,"date":"2025-08-05T13:37:01","date_gmt":"2025-08-05T11:37:01","guid":{"rendered":"https:\/\/wordpress.nibis.de\/bes\/?page_id=237"},"modified":"2025-08-05T13:37:58","modified_gmt":"2025-08-05T11:37:58","slug":"schulpflichterfuellung","status":"publish","type":"page","link":"https:\/\/wordpress.nibis.de\/bes\/klasse-1\/schulpflichterfuellung\/","title":{"rendered":"Schulpflichterf\u00fcllung (\u00a769 Abs. 4 NSchG)"},"content":{"rendered":"\n<div class=\"wp-block-columns is-layout-flex wp-container-core-columns-is-layout-abceabcf wp-block-columns-is-layout-flex\">\n<div class=\"wp-block-column is-layout-flow wp-block-column-is-layout-flow\" style=\"--col-width:75%;flex-basis:75%\">\n<h2 class=\"wp-block-heading\">Ausz\u00fcge aus dem Nieders\u00e4chsischen Schulgesetz \u00a7 69 Abs. 4 NSchG:<\/h2>\n\n\n\n<p>&#8222;[1] Schulpflichtige Jugendliche im Sekundarbereich II, die nicht in einem Berufsausbildungsverh\u00e4ltnis stehen und in besonderem Ma\u00dfe auf sozialp\u00e4dagogische Hilfe angewiesen sind, k\u00f6nnen ihre Schulpflicht durch den Besuch einer Jugend Werkstatt erf\u00fcllen, die auf eine Berufsausbildung oder eine berufliche T\u00e4tigkeit vorbereitet.<\/p>\n\n\n\n<p>[2] In besonders begr\u00fcndeten Ausnahmef\u00e4llen kann die Berufseinstiegsschule (\u00a7 17 Abs. 2 Satz 3) auch die Erf\u00fcllung der Schulpflicht durch den Besuch einer anderen Einrichtung mit der in Satz 1 genannten Aufgabenstellung gestatten.<\/p>\n\n\n\n<p>[3] Die Erf\u00fcllung der Schulpflicht erfolgt auf der Grundlage eines einzelfallbezogenen F\u00f6rderplans, der von der Einrichtung nach Satz 1 oder 2 und der Berufseinstiegsschule (\u00a7 17 Abs. 2 Satz 3) gemeinsam aufzustellen ist.&#8220;<\/p>\n\n\n\n<p>Die <strong>Berufsbildende Schule<\/strong> ist verantwortlich f\u00fcr die F\u00f6rderpl\u00e4ne<strong> <\/strong>in der Berufseinstiegsschule<strong> Klasse 1<\/strong>. Sie kooperiert mit <sup>[1]<\/sup>:<\/p>\n\n\n\n<ul class=\"wp-block-list\"><li><strong>Jugendwerkstatt<\/strong><\/li><li><strong>Betrieben<\/strong> (in Einzelf\u00e4llen)<\/li><li><strong>Sozialen Einrichtungen<\/strong> (in Einzelf\u00e4llen)<\/li><li><strong>Lehrg\u00e4ngen etc.<\/strong> (in Einzelf\u00e4llen)<\/li><\/ul>\n\n\n\n<p>[1] Am Ende des Schuljahres erhalten alle Teilnehmenden eine Bescheinigung \u00fcber die Erf\u00fcllung der Schulpflicht nach \u00a7 69 Abs. 4 NSchG von der zust\u00e4ndigen berufsbildenden Schule.<\/p>\n<\/div>\n\n\n\n<div class=\"wp-block-column has-background is-layout-flow wp-block-column-is-layout-flow\" style=\"--col-width:25%;background-color:#eaeaea;flex-basis:25%\">\n<h4 class=\"wp-block-heading\">Materialien<\/h4>\n\n\n\n<div class=\"wp-block-file\"><a id=\"wp-block-file--media-9630e8e5-9db7-45e7-ba77-2bbc4b797835\" href=\"https:\/\/wordpress.nibis.de\/bes\/files\/2025\/08\/Foerderplan.pdf\" target=\"_blank\" rel=\"noreferrer noopener\">F\u00f6rderplan<\/a><\/div>\n\n\n\n<div class=\"wp-block-file\"><a id=\"wp-block-file--media-030e43ee-57ac-4e49-add7-4dda011c605f\" href=\"https:\/\/wordpress.nibis.de\/bes\/files\/2025\/08\/Hilfen_zum_Foerderplan.pdf\" target=\"_blank\" rel=\"noreferrer noopener\">Hilfen zum F\u00f6rderplan<\/a><\/div>\n<\/div>\n<\/div>\n","protected":false},"excerpt":{"rendered":"<p>Ausz\u00fcge aus dem Nieders\u00e4chsischen Schulgesetz \u00a7 69 Abs. 4 NSchG: &#8222;[1] Schulpflichtige Jugendliche im Sekundarbereich II, die nicht in einem Berufsausbildungsverh\u00e4ltnis stehen und in besonderem Ma\u00dfe auf sozialp\u00e4dagogische Hilfe angewiesen sind, k\u00f6nnen ihre Schulpflicht durch den Besuch einer Jugend Werkstatt erf\u00fcllen, die auf eine Berufsausbildung oder eine berufliche T\u00e4tigkeit vorbereitet. [2] In besonders begr\u00fcndeten Ausnahmef\u00e4llen &hellip; <a href=\"https:\/\/wordpress.nibis.de\/bes\/klasse-1\/schulpflichterfuellung\/\" class=\"more-link\"><span class=\"screen-reader-text\">Schulpflichterf\u00fcllung (\u00a769 Abs. 4 NSchG)<\/span> weiterlesen <span class=\"meta-nav\">&rarr;<\/span><\/a><\/p>\n","protected":false},"author":9194621,"featured_media":0,"parent":20,"menu_order":1,"comment_status":"closed","ping_status":"closed","template":"","meta":{"footnotes":""},"class_list":["post-237","page","type-page","status-publish","hentry"],"_links":{"self":[{"href":"https:\/\/wordpress.nibis.de\/bes\/wp-json\/wp\/v2\/pages\/237","targetHints":{"allow":["GET"]}}],"collection":[{"href":"https:\/\/wordpress.nibis.de\/bes\/wp-json\/wp\/v2\/pages"}],"about":[{"href":"https:\/\/wordpress.nibis.de\/bes\/wp-json\/wp\/v2\/types\/page"}],"author":[{"embeddable":true,"href":"https:\/\/wordpress.nibis.de\/bes\/wp-json\/wp\/v2\/users\/9194621"}],"replies":[{"embeddable":true,"href":"https:\/\/wordpress.nibis.de\/bes\/wp-json\/wp\/v2\/comments?post=237"}],"version-history":[{"count":2,"href":"https:\/\/wordpress.nibis.de\/bes\/wp-json\/wp\/v2\/pages\/237\/revisions"}],"predecessor-version":[{"id":239,"href":"https:\/\/wordpress.nibis.de\/bes\/wp-json\/wp\/v2\/pages\/237\/revisions\/239"}],"up":[{"embeddable":true,"href":"https:\/\/wordpress.nibis.de\/bes\/wp-json\/wp\/v2\/pages\/20"}],"wp:attachment":[{"href":"https:\/\/wordpress.nibis.de\/bes\/wp-json\/wp\/v2\/media?parent=237"}],"curies":[{"name":"wp","href":"https:\/\/api.w.org\/{rel}","templated":true}]}}