{"id":24,"date":"2025-05-28T11:20:41","date_gmt":"2025-05-28T09:20:41","guid":{"rendered":"https:\/\/wordpress.nibis.de\/bes\/?page_id=24"},"modified":"2025-08-06T11:56:46","modified_gmt":"2025-08-06T09:56:46","slug":"praktikum","status":"publish","type":"page","link":"https:\/\/wordpress.nibis.de\/bes\/praktikum\/","title":{"rendered":"Praktikum"},"content":{"rendered":"\n<p>Im \u00dcbergang von der Schule in den Beruf kommt dem Betriebspraktikum eine besondere Bedeutung zu. Die Sch\u00fclerinnen und Sch\u00fcler sollten m\u00f6glichst fr\u00fchzeitig an einen Betrieb herangef\u00fchrt werden. Schon den Bewerbungsprozess empfinden viele als kaum zu bew\u00e4ltigende Herausforderung. Sie ben\u00f6tigen Unterst\u00fctzung und klare Vorgaben.<\/p>\n\n\n\n<p>Im Betriebspraktikum erhalten sie einen Einblick in allgemeine betriebliche Abl\u00e4ufe. Sowohl die Sch\u00fclerinnen und Sch\u00fcler als auch die Mitarbeiter in den Betrieben bekommen die Gelegenheit, einander \u00fcber ein Vorstellungsgespr\u00e4ch hinaus kennen zu lernen. Oft ergibt sich daraus ein Angebot f\u00fcr eine Ausbildung oder eine Erwerbst\u00e4tigkeit nach Abschluss des Schuljahres. In jedem Fall f\u00f6rdern die Erfahrungen im Betrieb den Prozess der Berufsorientierung. Die richtige Berufswahlentscheidung ist eine wesentliche Voraussetzung f\u00fcr eine erfolgreiche Integration in den Arbeitsmarkt.<\/p>\n","protected":false},"excerpt":{"rendered":"<p>Im \u00dcbergang von der Schule in den Beruf kommt dem Betriebspraktikum eine besondere Bedeutung zu. Die Sch\u00fclerinnen und Sch\u00fcler sollten m\u00f6glichst fr\u00fchzeitig an einen Betrieb herangef\u00fchrt werden. Schon den Bewerbungsprozess empfinden viele als kaum zu bew\u00e4ltigende Herausforderung. Sie ben\u00f6tigen Unterst\u00fctzung und klare Vorgaben. Im Betriebspraktikum erhalten sie einen Einblick in allgemeine betriebliche Abl\u00e4ufe. Sowohl die &hellip; <a href=\"https:\/\/wordpress.nibis.de\/bes\/praktikum\/\" class=\"more-link\"><span class=\"screen-reader-text\">Praktikum<\/span> weiterlesen <span class=\"meta-nav\">&rarr;<\/span><\/a><\/p>\n","protected":false},"author":9194621,"featured_media":0,"parent":0,"menu_order":0,"comment_status":"closed","ping_status":"closed","template":"","meta":{"footnotes":""},"class_list":["post-24","page","type-page","status-publish","hentry"],"_links":{"self":[{"href":"https:\/\/wordpress.nibis.de\/bes\/wp-json\/wp\/v2\/pages\/24","targetHints":{"allow":["GET"]}}],"collection":[{"href":"https:\/\/wordpress.nibis.de\/bes\/wp-json\/wp\/v2\/pages"}],"about":[{"href":"https:\/\/wordpress.nibis.de\/bes\/wp-json\/wp\/v2\/types\/page"}],"author":[{"embeddable":true,"href":"https:\/\/wordpress.nibis.de\/bes\/wp-json\/wp\/v2\/users\/9194621"}],"replies":[{"embeddable":true,"href":"https:\/\/wordpress.nibis.de\/bes\/wp-json\/wp\/v2\/comments?post=24"}],"version-history":[{"count":2,"href":"https:\/\/wordpress.nibis.de\/bes\/wp-json\/wp\/v2\/pages\/24\/revisions"}],"predecessor-version":[{"id":420,"href":"https:\/\/wordpress.nibis.de\/bes\/wp-json\/wp\/v2\/pages\/24\/revisions\/420"}],"wp:attachment":[{"href":"https:\/\/wordpress.nibis.de\/bes\/wp-json\/wp\/v2\/media?parent=24"}],"curies":[{"name":"wp","href":"https:\/\/api.w.org\/{rel}","templated":true}]}}