{"id":242,"date":"2025-08-05T13:51:02","date_gmt":"2025-08-05T11:51:02","guid":{"rendered":"https:\/\/wordpress.nibis.de\/bes\/?page_id=242"},"modified":"2025-08-05T13:51:02","modified_gmt":"2025-08-05T11:51:02","slug":"jugendwerkstatt","status":"publish","type":"page","link":"https:\/\/wordpress.nibis.de\/bes\/klasse-1\/schulpflichterfuellung\/jugendwerkstatt\/","title":{"rendered":"Jugendwerkstatt"},"content":{"rendered":"\n<div class=\"wp-block-columns is-layout-flex wp-container-core-columns-is-layout-abceabcf wp-block-columns-is-layout-flex\">\n<div class=\"wp-block-column is-layout-flow wp-block-column-is-layout-flow\" style=\"--col-width:75%;flex-basis:75%\">\n<h2 class=\"wp-block-heading\">Schulpflichterf\u00fcllung nach \u00a7 69 Abs.4 in einer Jugendwerkstatt<\/h2>\n\n\n\n<p>Im Rahmen einer individuellen einzelfallbezogenen F\u00f6rderung k\u00f6nnen Jugendliche ihre Schulpflicht in einer Jugendwerkstatt erf\u00fcllen.<\/p>\n\n\n\n<p>Jugendwerkst\u00e4tten bieten benachteiligten Jugendlichen mit besonderem F\u00f6rderbedarf in verschiedenen Arbeitsfeldern Arbeits- und Qualifizierungsm\u00f6glichkeiten. Ziel dieser Angebote ist die Integration in den Ausbildungs- und Arbeitsmarkt.<\/p>\n\n\n\n<p>Die Jugendlichen sind an der zust\u00e4ndigen berufsbildenden Schule angemeldet und bleiben w\u00e4hrend des gesamten Schuljahres Sch\u00fclerinnen und Sch\u00fcler der Schule. Die Betreuung der Jugendlichen ist Aufgabe der Schule.<br>F\u00fcr die berufsbildenden Schulen gibt es keine feste Anzahl an Pl\u00e4tzen in einer Jugendwerkstatt. Der Bedarf an Pl\u00e4tzen muss durch die Schule fr\u00fchzeitig mit den Jugendwerkst\u00e4tten kommuniziert werden. Die Jugendwerkst\u00e4tten k\u00f6nnen pro Schuljahr insgesamt 6 Pl\u00e4tze f\u00fcr schulpflichtige Sch\u00fclerinnen und Sch\u00fcler der allgemein bildenden Schulen und der berufsbildenden Schulen vorhalten.<\/p>\n\n\n\n<p>Die Erf\u00fcllung der Schulpflicht nach \u00a7 69 Abs.4 in einer Jugendwerkstatt setzt voraus, dass Sch\u00fclerinnen und Sch\u00fcler einen sozialp\u00e4dagogische F\u00f6rderbedarf aufweisen. Das bedeutet, dass es sich um Sch\u00fclerinnen und Sch\u00fcler handelt, die durch schulische Arbeitsformen nicht oder nur schwer ansprechbar sind und aufgrund sozialer und individueller Benachteiligung im besonderen Ma\u00dfe einer sozialp\u00e4dagogischen F\u00f6rderung bed\u00fcrfen (z. B. Schulverweigerer, demotivierte, schulm\u00fcde Jugendliche). Mangelhafte\/ungen\u00fcgende Leistungen, ein Bedarf an sonderp\u00e4dagogischer Unterst\u00fctzung oder Wohnortn\u00e4he sind keine Gr\u00fcnde, die zu einer Aufnahme in eine Jugendwerkstatt f\u00fchren.<\/p>\n\n\n\n<p>Beteilgt sind:<\/p>\n\n\n\n<ul class=\"wp-block-list\"><li>abgebende Schule,<\/li><li>aufnehmende Schule,<\/li><li>Jugendwerkstatt,<\/li><li>Sorgeberechtigte und ggf.<\/li><li>Jugendamt,<\/li><li>PACE (Pro-Aktiv-Center),<\/li><li>JBA (Jugendberufsagentur),<\/li><li>Agentur f\u00fcr Arbeit,<\/li><li>u. a.<\/li><\/ul>\n\n\n\n<h2 class=\"wp-block-heading\">Aufnahmeausschuss<\/h2>\n\n\n\n<p>Im Einzugsbereich der f\u00fcr die Erf\u00fcllung der Schulpflicht vorgesehenen Jugendwerkst\u00e4tten empfiehlt es sich, an den berufsbildenden Schulen Aufnahmeaussch\u00fcsse zu bilden. Diese Aussch\u00fcsse k\u00f6nnen z. B. mit Vertreterinnen\/Vertretern aus folgenden Bereichen besetzt werden:<\/p>\n\n\n\n<ul class=\"wp-block-list\"><li>Sekundarbereich I,<\/li><li>Sekundarbereich II (Berufsbildende Schule),<\/li><li>Jugendwerkstatt,<\/li><li>Jugendamt,<\/li><li>PACE (Pro-Aktiv-Center) und<\/li><li>JBA (Jugendberufsagentur), Agentur f\u00fcr Arbeit.<\/li><\/ul>\n<\/div>\n\n\n\n<div class=\"wp-block-column has-background is-layout-flow wp-block-column-is-layout-flow\" style=\"--col-width:25%;background-color:#eaeaea;flex-basis:25%\">\n<h4 class=\"wp-block-heading\">Materialien<\/h4>\n\n\n\n<p>Schulpflichterf\u00fcllung nach \u00a7 69 Abs. 4 NSchG in der Jugendwerkstatt am Beispiel vom Berufsschulzentrum am Westerberg Osnabr\u00fcck<\/p>\n\n\n\n<div class=\"wp-block-file\"><a id=\"wp-block-file--media-b7492fe9-40f1-47a9-a558-b2e4e4e4b588\" href=\"https:\/\/wordpress.nibis.de\/bes\/files\/2025\/08\/umsetzungsbeispiel_jugendwerkstatt.pdf\" target=\"_blank\" rel=\"noreferrer noopener\">Prozessablauf<\/a><\/div>\n<\/div>\n<\/div>\n","protected":false},"excerpt":{"rendered":"<p>Schulpflichterf\u00fcllung nach \u00a7 69 Abs.4 in einer Jugendwerkstatt Im Rahmen einer individuellen einzelfallbezogenen F\u00f6rderung k\u00f6nnen Jugendliche ihre Schulpflicht in einer Jugendwerkstatt erf\u00fcllen. Jugendwerkst\u00e4tten bieten benachteiligten Jugendlichen mit besonderem F\u00f6rderbedarf in verschiedenen Arbeitsfeldern Arbeits- und Qualifizierungsm\u00f6glichkeiten. Ziel dieser Angebote ist die Integration in den Ausbildungs- und Arbeitsmarkt. Die Jugendlichen sind an der zust\u00e4ndigen berufsbildenden Schule angemeldet &hellip; <a href=\"https:\/\/wordpress.nibis.de\/bes\/klasse-1\/schulpflichterfuellung\/jugendwerkstatt\/\" class=\"more-link\"><span class=\"screen-reader-text\">Jugendwerkstatt<\/span> weiterlesen <span class=\"meta-nav\">&rarr;<\/span><\/a><\/p>\n","protected":false},"author":9194621,"featured_media":0,"parent":237,"menu_order":1,"comment_status":"closed","ping_status":"closed","template":"","meta":{"footnotes":""},"class_list":["post-242","page","type-page","status-publish","hentry"],"_links":{"self":[{"href":"https:\/\/wordpress.nibis.de\/bes\/wp-json\/wp\/v2\/pages\/242","targetHints":{"allow":["GET"]}}],"collection":[{"href":"https:\/\/wordpress.nibis.de\/bes\/wp-json\/wp\/v2\/pages"}],"about":[{"href":"https:\/\/wordpress.nibis.de\/bes\/wp-json\/wp\/v2\/types\/page"}],"author":[{"embeddable":true,"href":"https:\/\/wordpress.nibis.de\/bes\/wp-json\/wp\/v2\/users\/9194621"}],"replies":[{"embeddable":true,"href":"https:\/\/wordpress.nibis.de\/bes\/wp-json\/wp\/v2\/comments?post=242"}],"version-history":[{"count":1,"href":"https:\/\/wordpress.nibis.de\/bes\/wp-json\/wp\/v2\/pages\/242\/revisions"}],"predecessor-version":[{"id":243,"href":"https:\/\/wordpress.nibis.de\/bes\/wp-json\/wp\/v2\/pages\/242\/revisions\/243"}],"up":[{"embeddable":true,"href":"https:\/\/wordpress.nibis.de\/bes\/wp-json\/wp\/v2\/pages\/237"}],"wp:attachment":[{"href":"https:\/\/wordpress.nibis.de\/bes\/wp-json\/wp\/v2\/media?parent=242"}],"curies":[{"name":"wp","href":"https:\/\/api.w.org\/{rel}","templated":true}]}}