{"id":246,"date":"2025-08-05T14:20:37","date_gmt":"2025-08-05T12:20:37","guid":{"rendered":"https:\/\/wordpress.nibis.de\/bes\/?page_id=246"},"modified":"2025-08-05T14:20:37","modified_gmt":"2025-08-05T12:20:37","slug":"zeugnisse","status":"publish","type":"page","link":"https:\/\/wordpress.nibis.de\/bes\/klasse-1\/zeugnisse\/","title":{"rendered":"Zeugnisse"},"content":{"rendered":"\n<div class=\"wp-block-columns is-layout-flex wp-container-core-columns-is-layout-abceabcf wp-block-columns-is-layout-flex\">\n<div class=\"wp-block-column is-layout-flow wp-block-column-is-layout-flow\" style=\"--col-width:75%;flex-basis:75%\">\n<p>Die Sch\u00fclerinnen und Sch\u00fcler der Klasse 1 erhalten ein Halbjahreszeugnis und ein Jahreszeugnis, in denen die Unterrichtsmodule des berufs\u00fcbergreifenden Lernbereichs und die Qualifizierungsbausteine des berufsbezogenen Lernbereichs bewertet werden.<\/p>\n\n\n\n<h2 class=\"wp-block-heading\">Berufs\u00fcbergreifender Lernbereich<\/h2>\n\n\n\n<p>In der Bildungsgang- bzw. Klassenkonferenz verabschiedet die Schule die Aufteilung der Lerninhalte f\u00e4cher\u00fcbergreifend auf die Unterrichtsmodule und \u00fcbergreifende Lernsituationen. In diesem Zusammenhang wird die Gewichtung f\u00fcr die Bewertung des jeweiligen Unterrichtsmoduls festgelegt. Die Gewichtung und Beurteilungskriterien sind den Lernenden zwingend zu Beginn des Schuljahres mitzuteilen. Die Zeugniskonferenz beschlie\u00dft unter Ber\u00fccksichtigung der Bewertung der unterrichtenden Lehrkr\u00e4fte und der festgelegten Gewichtung die Note des Unterrichtsmoduls.<br>Die Konferenz legt ebenfalls die Gewichtung der Unterrichtsmodule zur Berechnung der Gesamtbewertung des berufs\u00fcbergreifenden Lernbereichs fest.<\/p>\n\n\n\n<p>Eine Aufteilung auf die beiden Unterrichtsmodule mit den jeweiligen Anteilen zu 50 % hat sich als ung\u00fcnstig erwiesen, da im Falle einer Bewertung zwischen zwei Noten (beispielsweise 3,5) auf die schlechtere Bewertung gerundet wird.<\/p>\n\n\n\n<h2 class=\"wp-block-heading\">Berufsbezogener Lernbereich<\/h2>\n\n\n\n<p>Die Bewertungskriterien und die Gewichtung der Qualifizierungsbausteine sind ebenfalls durch die Klassen- bzw. Bildungsgangkonferenz festzulegen und anschlie\u00dfend zu kommunizieren.<\/p>\n\n\n\n<h2 class=\"wp-block-heading\">Empfehlung f\u00fcr Klasse 2<\/h2>\n\n\n\n<p>Am Ende der Klasse 1 spricht die Zeugniskonferenz eine Empfehlung zum Besuch der Kasse 2 aus, wenn zu erwarten ist, dass das Bildungsgangziel \u201eHauptschulabschluss\u201c realistisch erreichbar erscheint; die Empfehlung ist im Jahreszeugnis auszuweisen. Grundlage dieser Beurteilung sind nicht in erster Linie die Noten im Jahreszeugnis, sondern die individuelle Pers\u00f6nlichkeits- und Lernentwicklung, das Arbeits- bzw. Sozialverhalten und die Basiskompetenzen (mathematische und sprachliche Kompetenz). Die Entwicklung ist nachzuweisen bzw. zu dokumentieren. Hilfreich ist dabei das Kompetenzfeststellungsverfahren 2P \u2013 Potenzial und Perspektive.<\/p>\n\n\n\n<p>Sollte sich bereits in der Zeugniskonferenz zum Halbjahreszeugnis abzeichnen, dass eine Empfehlung bei gleichbleibenden Leistungen nicht zu erwarten ist, sind die Sch\u00fclerinnen und Sch\u00fcler sowie die Erziehungs- bzw. Sorgeberechtigten ggf. schriftlich zu informieren. (siehe auch \u00dcbergangsberatung)<\/p>\n\n\n\n<h2 class=\"wp-block-heading\">Europ\u00e4ischer Qualifikationsrahmen Niveau 1<\/h2>\n\n\n\n<p>Die Niveaustufe 1 wird auf dem Zeugnis der Klasse 1 nur dann vermerkt, wenn Leistungen nachgewiesen wurden, die dem \u00a7 23 Abs. 2 Satz 2 BbS-VO entsprechen. Das bedeutet, dass alle Lernbereiche jeweils mit mindestens der Note \u201eausreichend\u201d bewertet worden sind und die den Lernbereichen zugeordneten Unterrichtsmodule und Qualifizierungsbausteine insgesamt entweder in nicht mehr als zwei F\u00e4llen die Note \u201emangelhaft\u201d oder h\u00f6chstens in einem Fall die Note \u201eungen\u00fcgend\u201d aufweisen.<\/p>\n\n\n\n<h2 class=\"wp-block-heading\">Anlagen zum Zeugnis<\/h2>\n\n\n\n<h3 class=\"wp-block-heading\"><strong>Bescheinigung \u00fcber die in den Unterrichtsmodulen angestrebten Kompetenzen im berufs\u00fcbergreifenden Lernbereich<\/strong><\/h3>\n\n\n\n<p>In dieser Bescheinigung als Anlage zum Zeugnis werden die in dieser Klasse oder in diesem Bildungsgang im berufs\u00fcbergreifenden Lernbereich angestrebten, nicht aber individuell erlangten Kompetenzen ausgewiesen. Sie sollten nach Personalen Kompetenzen (aufgeschl\u00fcsselt in Selbstkompetenzen und Sozialkompetenzen) und Fachkompetenzen gegliedert sein.<\/p>\n\n\n\n<h3 class=\"wp-block-heading\"><strong>Kompetenzbilder der Qualifizierungsbausteine<\/strong><\/h3>\n\n\n\n<p>Mit dem Zeugnis werden die Kompetenzbilder der Qualifizierungsbausteine ausgegeben. Auf separate Zertifikate wird verzichtet, da die Bewertung der Qualifizierungsbausteine im Zeugnis ausgewiesen ist.<\/p>\n<\/div>\n\n\n\n<div class=\"wp-block-column has-background is-layout-flow wp-block-column-is-layout-flow\" style=\"--col-width:25%;background-color:#eaeaea;flex-basis:25%\">\n<h4 class=\"wp-block-heading\">Materialien<\/h4>\n\n\n\n<div class=\"wp-block-file\"><a id=\"wp-block-file--media-1f1585ab-6025-4dfe-bb85-774b6093ef5d\" href=\"https:\/\/wordpress.nibis.de\/bes\/files\/2025\/08\/Zeugnis_BES_Klasse_1.pdf\" target=\"_blank\" rel=\"noreferrer noopener\">Beispielzeugnis<\/a><\/div>\n\n\n\n<div class=\"wp-block-file\"><a id=\"wp-block-file--media-9ee11a98-499e-474e-bc68-fac4798199af\" href=\"https:\/\/wordpress.nibis.de\/bes\/files\/2025\/08\/Bescheinigung_Zeugnis_BES_Klasse_1.pdf\" target=\"_blank\" rel=\"noreferrer noopener\">Bescheinigung berufs\u00fcbergreifender Lernbereich<\/a><\/div>\n\n\n\n<div class=\"wp-block-file\"><a id=\"wp-block-file--media-e31ab56e-52d0-4119-8d74-36bb2ac39b82\" href=\"https:\/\/wordpress.nibis.de\/bes\/files\/2025\/08\/Erlass_Zeugnisse_in_der_BES_SuS_GE.pdf\" target=\"_blank\" rel=\"noreferrer noopener\">Erlass Zeugnis GE<\/a><\/div>\n\n\n\n<div class=\"wp-block-file\"><a id=\"wp-block-file--media-5a032c84-1e04-4d95-bdc8-f6189423afa6\" href=\"https:\/\/wordpress.nibis.de\/bes\/files\/2025\/08\/Zeugnis_BES_Klasse_1_SuS_GE_mit_Anhang.pdf\" target=\"_blank\" rel=\"noreferrer noopener\">Beispielzeugnis GE<\/a><\/div>\n\n\n\n<div class=\"wp-block-file\"><a id=\"wp-block-file--media-5d51ade2-7fc8-448d-a6ee-21411c96361c\" href=\"https:\/\/wordpress.nibis.de\/bes\/files\/2025\/08\/Beobachtungsbogen_Handlungskompetenz.pdf\" target=\"_blank\" rel=\"noreferrer noopener\">Beobachtungsbogen Handlungskompetenz<\/a><\/div>\n<\/div>\n<\/div>\n","protected":false},"excerpt":{"rendered":"<p>Die Sch\u00fclerinnen und Sch\u00fcler der Klasse 1 erhalten ein Halbjahreszeugnis und ein Jahreszeugnis, in denen die Unterrichtsmodule des berufs\u00fcbergreifenden Lernbereichs und die Qualifizierungsbausteine des berufsbezogenen Lernbereichs bewertet werden. Berufs\u00fcbergreifender Lernbereich In der Bildungsgang- bzw. Klassenkonferenz verabschiedet die Schule die Aufteilung der Lerninhalte f\u00e4cher\u00fcbergreifend auf die Unterrichtsmodule und \u00fcbergreifende Lernsituationen. In diesem Zusammenhang wird die Gewichtung &hellip; <a href=\"https:\/\/wordpress.nibis.de\/bes\/klasse-1\/zeugnisse\/\" class=\"more-link\"><span class=\"screen-reader-text\">Zeugnisse<\/span> weiterlesen <span class=\"meta-nav\">&rarr;<\/span><\/a><\/p>\n","protected":false},"author":9194621,"featured_media":0,"parent":20,"menu_order":1,"comment_status":"closed","ping_status":"closed","template":"","meta":{"footnotes":""},"class_list":["post-246","page","type-page","status-publish","hentry"],"_links":{"self":[{"href":"https:\/\/wordpress.nibis.de\/bes\/wp-json\/wp\/v2\/pages\/246","targetHints":{"allow":["GET"]}}],"collection":[{"href":"https:\/\/wordpress.nibis.de\/bes\/wp-json\/wp\/v2\/pages"}],"about":[{"href":"https:\/\/wordpress.nibis.de\/bes\/wp-json\/wp\/v2\/types\/page"}],"author":[{"embeddable":true,"href":"https:\/\/wordpress.nibis.de\/bes\/wp-json\/wp\/v2\/users\/9194621"}],"replies":[{"embeddable":true,"href":"https:\/\/wordpress.nibis.de\/bes\/wp-json\/wp\/v2\/comments?post=246"}],"version-history":[{"count":1,"href":"https:\/\/wordpress.nibis.de\/bes\/wp-json\/wp\/v2\/pages\/246\/revisions"}],"predecessor-version":[{"id":247,"href":"https:\/\/wordpress.nibis.de\/bes\/wp-json\/wp\/v2\/pages\/246\/revisions\/247"}],"up":[{"embeddable":true,"href":"https:\/\/wordpress.nibis.de\/bes\/wp-json\/wp\/v2\/pages\/20"}],"wp:attachment":[{"href":"https:\/\/wordpress.nibis.de\/bes\/wp-json\/wp\/v2\/media?parent=246"}],"curies":[{"name":"wp","href":"https:\/\/api.w.org\/{rel}","templated":true}]}}