{"id":25,"date":"2025-05-28T11:20:41","date_gmt":"2025-05-28T09:20:41","guid":{"rendered":"https:\/\/wordpress.nibis.de\/bes\/?page_id=25"},"modified":"2025-08-06T12:32:22","modified_gmt":"2025-08-06T10:32:22","slug":"ida","status":"publish","type":"page","link":"https:\/\/wordpress.nibis.de\/bes\/ida\/","title":{"rendered":"IdA"},"content":{"rendered":"\n<h2 class=\"wp-block-heading\">Integration neu zugewanderter Jugendlicher durch Sprachbildung, Ausbildungsvorbereitung und betriebliche Erfahrung (IdA)<\/h2>\n\n\n\n<p>Neu zugewanderten Jugendlichen das deutsche System der beruflichen Bildung nahebringen und dabei gleichzeitig sprachliche Fertigkeiten trainieren \u2013 das ist das Ziel der Unterrichtsmaterialien, die im Rahmen des Innovationsvorhabens IdA (Integration neu zugewanderter Jugendlicher durch Sprachbildung, Ausbildungsvorbereitung und betriebliche Erfahrung) erarbeitet wurden. Die Materialien stehen allen berufsbildenden Schulen in Niedersachsen f\u00fcr den Einsatz im Unterricht und in der Beratung von zugewanderten Sch\u00fclerinnen und Sch\u00fclern zur Verf\u00fcgung.<\/p>\n\n\n\n<p>Das Materialpaket umfasst zum einen Arbeitsbl\u00e4tter und Ideen zur Unterrichtsgestaltung zu den Themen \u201eAnkommen in der Klasse \/ Schule\u201c, \u201eAnkommen im Sozialraum\u201c, \u201eLernen lernen\u201c, \u201eOrientierung in der deutschen Berufsbildung\u201c, \u201eBerufsorientierung\u201c und \u201eVorbereitung auf die Berufsausbildung\u201c. Die Materialien sind kompetenzorientiert angelegt und bieten Lehrkr\u00e4ften vielf\u00e4ltige M\u00f6glichkeiten, um mit jugendlichen Zuwanderern zu arbeiten und den \u00dcbergang von der Schule in eine Ausbildung oder in den Beruf erfolgreich zu gestalten. Teil des Materialpakets ist zum anderen die \u201eBerufsWegeBox\u201c. Anhand von Informationskarten erm\u00f6glicht sie eine \u00fcbersichtliche Darstellung der Wege im System der beruflichen Bildung in Deutschland im Allgemeinen und in Niedersachsen im Besonderen.<\/p>\n\n\n\n<p>Die Materialien wurden im Rahmen des Innovationsvorhabens IdA durch den Projekttr\u00e4ger ibbw-consult GmbH \u2013 Institut f\u00fcr berufsbezogene Beratung und Weiterbildung aus G\u00f6ttingen seit August 2016 gemeinsam mit den folgenden vier berufsbildenden Schulen erarbeitet:<\/p>\n\n\n\n<ul class=\"wp-block-list\"><li>Anna-Siemsen-Schule, BBS 7 der Region Hannover<\/li><li>BBS Walter-Gropius-Schule, Hildesheim<\/li><li>Berufsbildende Schulen Goslar-Ba\u00dfgeige \/ Seesen<\/li><li>Berufsschulzentrum am Westerberg, Osnabr\u00fcck<\/li><\/ul>\n\n\n\n<p>Die Materialien f\u00fcr den Unterrichtseinsatz wurden im Schuljahr 2017 \/ 18 erprobt und liegen jetzt f\u00fcr die kostenlose Nutzung an allen berufsbildenden Schulen in Niedersachsen vor und k\u00f6nnen auf den folgenden Seiten heruntergeladen werden.<\/p>\n","protected":false},"excerpt":{"rendered":"<p>Integration neu zugewanderter Jugendlicher durch Sprachbildung, Ausbildungsvorbereitung und betriebliche Erfahrung (IdA) Neu zugewanderten Jugendlichen das deutsche System der beruflichen Bildung nahebringen und dabei gleichzeitig sprachliche Fertigkeiten trainieren \u2013 das ist das Ziel der Unterrichtsmaterialien, die im Rahmen des Innovationsvorhabens IdA (Integration neu zugewanderter Jugendlicher durch Sprachbildung, Ausbildungsvorbereitung und betriebliche Erfahrung) erarbeitet wurden. Die Materialien stehen &hellip; <a href=\"https:\/\/wordpress.nibis.de\/bes\/ida\/\" class=\"more-link\"><span class=\"screen-reader-text\">IdA<\/span> weiterlesen <span class=\"meta-nav\">&rarr;<\/span><\/a><\/p>\n","protected":false},"author":9194621,"featured_media":0,"parent":0,"menu_order":0,"comment_status":"closed","ping_status":"closed","template":"","meta":{"footnotes":""},"class_list":["post-25","page","type-page","status-publish","hentry"],"_links":{"self":[{"href":"https:\/\/wordpress.nibis.de\/bes\/wp-json\/wp\/v2\/pages\/25","targetHints":{"allow":["GET"]}}],"collection":[{"href":"https:\/\/wordpress.nibis.de\/bes\/wp-json\/wp\/v2\/pages"}],"about":[{"href":"https:\/\/wordpress.nibis.de\/bes\/wp-json\/wp\/v2\/types\/page"}],"author":[{"embeddable":true,"href":"https:\/\/wordpress.nibis.de\/bes\/wp-json\/wp\/v2\/users\/9194621"}],"replies":[{"embeddable":true,"href":"https:\/\/wordpress.nibis.de\/bes\/wp-json\/wp\/v2\/comments?post=25"}],"version-history":[{"count":3,"href":"https:\/\/wordpress.nibis.de\/bes\/wp-json\/wp\/v2\/pages\/25\/revisions"}],"predecessor-version":[{"id":434,"href":"https:\/\/wordpress.nibis.de\/bes\/wp-json\/wp\/v2\/pages\/25\/revisions\/434"}],"wp:attachment":[{"href":"https:\/\/wordpress.nibis.de\/bes\/wp-json\/wp\/v2\/media?parent=25"}],"curies":[{"name":"wp","href":"https:\/\/api.w.org\/{rel}","templated":true}]}}