{"id":284,"date":"2025-08-05T16:17:42","date_gmt":"2025-08-05T14:17:42","guid":{"rendered":"https:\/\/wordpress.nibis.de\/bes\/?page_id=284"},"modified":"2025-08-05T16:17:42","modified_gmt":"2025-08-05T14:17:42","slug":"nachteilsausgleich","status":"publish","type":"page","link":"https:\/\/wordpress.nibis.de\/bes\/klasse-2\/nachteilsausgleich\/","title":{"rendered":"Nachteilsausgleich"},"content":{"rendered":"\n<div class=\"wp-block-columns is-layout-flex wp-container-core-columns-is-layout-abceabcf wp-block-columns-is-layout-flex\">\n<div class=\"wp-block-column is-layout-flow wp-block-column-is-layout-flow\" style=\"--col-width:75%;flex-basis:75%\">\n<p>Einer der Grundgedanken der Berufseinstiegsschule ist, jede Sch\u00fclerin und jeden Sch\u00fcler individuell zu f\u00f6rdern. Nun kann es sein, dass eine Sch\u00fclerin oder ein Sch\u00fcler einen Nachteil hat, welcher dem Ziel des Erreichens des Hauptschulabschlusses entgegensteht. Die Berufseinstiegsschule Klasse 2 kann im zielgleichen Unterricht vielen besonderen Herausforderungen mit einem p\u00e4dagogischen Nachteilsausgleich begegnen, um Chancengleichheit herzustellen.<\/p>\n\n\n\n<p>Die Sch\u00fclerinnen und Sch\u00fcler sowie die Sorgeberechtigten brauchen weder einen Nachweis oder \u00e4rztliches Attest zu erbringen noch einen Antrag auf Nachteilsausgleich zu stellen. Sie k\u00f6nnen in der Eingangsberatung auf einen Nachteil der Sch\u00fclerin bzw. des Sch\u00fclers hinweisen.<\/p>\n\n\n\n<p>Die Lehrkr\u00e4fte stellen im Rahmen ihrer Unterrichtsbeobachtung vorliegende Nachteile fest und beraten mit den Sorgeberechtigten das weitere Vorgehen. Durch die Klassenkonferenz wird der Nachteilsausgleich beschlossen und ist somit f\u00fcr alle unterrichtenden Lehrkr\u00e4fte verbindlich. Wichtig ist, dass es darum geht, einen Nachteil auszugleichen und so den Zugang zur Aufgabenstellung zu erm\u00f6glichen, sodass die Sch\u00fclerin oder der Sch\u00fcler ihre bzw. seine Leistung erbringen kann. Es darf kein Vorteil gegen\u00fcber den anderen Sch\u00fclerinnen und Sch\u00fclern der Klasse daraus entstehen.<\/p>\n\n\n\n<p>Es kann sinnvoll sein, neben den vorgesehenen Teilnehmerinnen und Teilnehmern der Klassenkonferenz auch weitere Vertreterinnen bzw. Vertreter, z. B. Schulsozialarbeit, Fachkraft f\u00fcr Inklusionsprozesse, externe Beratung, mobiler Dienst oder auch besonders geschulte Lehrkr\u00e4fte einzuladen. Die Konferenz ber\u00e4t gemeinsam mit der betroffenen Sch\u00fclerin bzw. dem betroffenen Sch\u00fcler und den Sorgeberechtigten, welcher Nachteilsausgleich zielf\u00fchrend ist. Dabei ist grunds\u00e4tzlich alles in Betracht zu ziehen, was der Sch\u00fclerin bzw. dem Sch\u00fcler hilft, seinen Nachteil individuell auszugleichen. Der Schwierigkeitsgrad darf im Zusammenhang mit der Bewertung nicht reduziert werden.<\/p>\n\n\n\n<p>&#8222;Der Nachteilsausgleich bezieht sich auf Hilfen, mit denen die Sch\u00fclerinnen und Sch\u00fcler in die Lage versetzt werden, den Leistungsanforderungen im zielgleichen Unterricht zu entsprechen, ohne diese Anforderungen im Schwierigkeitsgrad zu reduzieren. Art und Weise solcher Hilfen h\u00e4ngen von den Umst\u00e4nden des Einzelfalls ab.&#8220; (vgl. Aufsatz &#8222;Nachteilsausgleich aus p\u00e4dagogischer Perspektive&#8220;, Dr. Peter Wachtel, Nina von Zimmermann, SVBl 11\/2013)<\/p>\n\n\n\n<p>Es ist ratsam, m\u00f6glichst fr\u00fchzeitig eine Klassenkonferenz anzuberaumen, damit die Sch\u00fclerin bzw. der Sch\u00fcler von Anfang an unterst\u00fctzt werden kann.<\/p>\n\n\n\n<p>M\u00f6gliche Ma\u00dfnahmen zum Nachteilsausgleich:<\/p>\n\n\n\n<ul class=\"wp-block-list\"><li>mehr Zeit bei der Bearbeitung von Aufgaben,<\/li><li>zus\u00e4tzliche m\u00fcndliche Erl\u00e4uterungen zu den Aufgaben,<\/li><li>Arbeitsbl\u00e4tter und Klassenarbeiten in vereinfachter oder leichter Sprache gestalten, angepasste Schriftgr\u00f6\u00dfen bzw. Schriftarten verwenden oder die Klassenarbeit bzw. das Arbeitsblatt strukturell optimieren,<\/li><li>m\u00fcndliche statt schriftliche (oder andersherum) Leistungsbewertungen,<\/li><li>angepasste Gestaltung des Sitzplatzes im Klassenzimmer oder in der Werkstatt,<\/li><li>Nutzung von analogen oder digitalen Nachschlagewerken,<\/li><li>&#8230;<\/li><\/ul>\n\n\n\n<p>Weitere Anregungen sind im Nachteilsausgleich f\u00fcr behinderte Auszubildende zu finden.<\/p>\n<\/div>\n\n\n\n<div class=\"wp-block-column has-background is-layout-flow wp-block-column-is-layout-flow\" style=\"--col-width:25%;background-color:#eaeaea;flex-basis:25%\">\n<h4 class=\"wp-block-heading\">Materialien<\/h4>\n\n\n\n<div class=\"wp-block-file\"><a id=\"wp-block-file--media-d321f749-43a0-47cb-8ae9-2e0703227639\" href=\"https:\/\/wordpress.nibis.de\/bes\/files\/2025\/08\/Nachteilsausgleich_Zimmermann_Wachtel.pdf\" target=\"_blank\" rel=\"noreferrer noopener\">Nachteilsausgleich aus p\u00e4dagogischer Perspektive<\/a><\/div>\n\n\n\n<div class=\"wp-block-file\"><a id=\"wp-block-file--media-ad58b264-b1ed-49f3-9ba0-b3c93154cd79\" href=\"https:\/\/wordpress.nibis.de\/bes\/files\/2025\/08\/praxisband_nachteilsausgleich.pdf\" target=\"_blank\" rel=\"noreferrer noopener\">Nachteilsausgleich f\u00fcr behinderte Auszubildende<\/a><\/div>\n<\/div>\n<\/div>\n","protected":false},"excerpt":{"rendered":"<p>Einer der Grundgedanken der Berufseinstiegsschule ist, jede Sch\u00fclerin und jeden Sch\u00fcler individuell zu f\u00f6rdern. Nun kann es sein, dass eine Sch\u00fclerin oder ein Sch\u00fcler einen Nachteil hat, welcher dem Ziel des Erreichens des Hauptschulabschlusses entgegensteht. Die Berufseinstiegsschule Klasse 2 kann im zielgleichen Unterricht vielen besonderen Herausforderungen mit einem p\u00e4dagogischen Nachteilsausgleich begegnen, um Chancengleichheit herzustellen. Die &hellip; <a href=\"https:\/\/wordpress.nibis.de\/bes\/klasse-2\/nachteilsausgleich\/\" class=\"more-link\"><span class=\"screen-reader-text\">Nachteilsausgleich<\/span> weiterlesen <span class=\"meta-nav\">&rarr;<\/span><\/a><\/p>\n","protected":false},"author":9194621,"featured_media":0,"parent":21,"menu_order":1,"comment_status":"closed","ping_status":"closed","template":"","meta":{"footnotes":""},"class_list":["post-284","page","type-page","status-publish","hentry"],"_links":{"self":[{"href":"https:\/\/wordpress.nibis.de\/bes\/wp-json\/wp\/v2\/pages\/284","targetHints":{"allow":["GET"]}}],"collection":[{"href":"https:\/\/wordpress.nibis.de\/bes\/wp-json\/wp\/v2\/pages"}],"about":[{"href":"https:\/\/wordpress.nibis.de\/bes\/wp-json\/wp\/v2\/types\/page"}],"author":[{"embeddable":true,"href":"https:\/\/wordpress.nibis.de\/bes\/wp-json\/wp\/v2\/users\/9194621"}],"replies":[{"embeddable":true,"href":"https:\/\/wordpress.nibis.de\/bes\/wp-json\/wp\/v2\/comments?post=284"}],"version-history":[{"count":1,"href":"https:\/\/wordpress.nibis.de\/bes\/wp-json\/wp\/v2\/pages\/284\/revisions"}],"predecessor-version":[{"id":285,"href":"https:\/\/wordpress.nibis.de\/bes\/wp-json\/wp\/v2\/pages\/284\/revisions\/285"}],"up":[{"embeddable":true,"href":"https:\/\/wordpress.nibis.de\/bes\/wp-json\/wp\/v2\/pages\/21"}],"wp:attachment":[{"href":"https:\/\/wordpress.nibis.de\/bes\/wp-json\/wp\/v2\/media?parent=284"}],"curies":[{"name":"wp","href":"https:\/\/api.w.org\/{rel}","templated":true}]}}