{"id":296,"date":"2025-08-05T16:44:27","date_gmt":"2025-08-05T14:44:27","guid":{"rendered":"https:\/\/wordpress.nibis.de\/bes\/?page_id=296"},"modified":"2025-08-05T16:44:27","modified_gmt":"2025-08-05T14:44:27","slug":"teilzeit-mit-eq","status":"publish","type":"page","link":"https:\/\/wordpress.nibis.de\/bes\/klasse-2\/organisation-des-unterrichts\/berufsbezogener-lernbereich\/teilzeit-mit-eq\/","title":{"rendered":"Teilzeit mit EQ"},"content":{"rendered":"\n<p>Um einen Hauptschulabschluss in Verbindung mit einem EQ-Vertrag (wie unten beschrieben) zu erwerben, ist die erfolgreiche Teilnahme am berufs\u00fcbergreifenden Unterricht entsprechend der&nbsp;<em>Stundentafel<\/em>&nbsp;der Klasse 2 Voraussetzung. Im&nbsp;<em>Zeugnis<\/em>&nbsp;erscheint ein entsprechender Vermerk, dass der Hauptschulabschluss im Zusammenhang mit dem Zertifikat \u00fcber den erfolgreichen Abschluss der gef\u00f6rderten EQ-Ma\u00dfnahme g\u00fcltig ist.<\/p>\n\n\n\n<p>Hinweise zur Einstiegsqualifizierung<\/p>\n\n\n\n<figure class=\"wp-block-table\"><table><tbody><tr><td><strong>Angebot<\/strong><\/td><td><strong>Einstiegsqualifizierung (EQ) nach \u00a754a SGB III<\/strong><\/td><\/tr><tr><td>Zielgruppen \/<br>Individuelle Problemlagen<\/td><td>F\u00f6rderungsf\u00e4hig sind:<br>1. bei der Agentur f\u00fcr Arbeit gemeldete Ausbildungsbewerberinnen und -bewerber mit aus individuellen Gr\u00fcnden eingeschr\u00e4nkten Vermittlungsperspektiven, die auch nach den bundesweiten Nachvermittlungsaktionen keine Ausbildungsstelle haben,<br>2. Ausbildungssuchende, die noch nicht in vollem Ma\u00dfe \u00fcber die erforderliche Ausbildungsreife verf\u00fcgen, und<br>3. lernbeeintr\u00e4chtigte und sozial benachteiligte Ausbildungssuchende.<br>Die Vollzeitschulpflicht muss erf\u00fcllt sein.<\/td><\/tr><tr><td>Ziel<\/td><td>&#8211; Vorbereitung\/Anbahnung einer betrieblichen Berufsausbildung<br>&#8211; Vermittlung und Vertiefung von Grundlagen f\u00fcr den Erwerb beruflicher Handlungsf\u00e4higkeit<br>&#8211; Erwerb eines Kammerzertifikats \u00fcber eine erfolgreiche Teilnahme<br>&#8211; ggf. Vermittlung von Ausbildungsbausteinen anerkannter Ausbildungsberufe (sofern diese bereits vom BiBB entwickelt wurden)<\/td><\/tr><tr><td>Dauer<\/td><td>&#8211; mindestens 6 Monate jedoch bis maximal 12 Monate<br>&#8211; auch in Teilzeitform m\u00f6glich bei Erziehung eigener Kinder oder Pflege von Familienangeh\u00f6rigen (mind. 20 Wochenstunden)<br>&#8211; befristet bis zum Ende des Monats vor Ausbildungsbeginn (01.08 \/ 01.09 eines Jahres)<\/td><\/tr><tr><td>Lernorte<\/td><td>&#8211; Betrieb (grds. mind. 70 % der Gesamtzeit, Ausnahme bei Besuch eines Sprachkurses + Vorliegen eines entsprechenden TV: dann mind. 50 % der Gesamtzeit)<br>&#8211; gerne mit Berufsschule<sup>[1]<\/sup><\/td><\/tr><tr><td>Konzeption<\/td><td>Junge Menschen haben die M\u00f6glichkeit, \u00fcber ein Praktikum in einem Betrieb den ausgew\u00e4hlten Beruf intensiv kennen zu lernen und hierbei zu pr\u00fcfen, ob er passend ist. Der Betrieb kann im Gegenzug den jungen Menschen kennenlernen und seine F\u00e4higkeiten erproben. Hierdurch steigen die Chancen, danach in Ausbildung \u00fcbernommen zu werden.<br>Sollte dies nicht gelingen, sind die erworbenen Grundkenntnisse n\u00fctzlich, um sich in einem anderen Betrieb zu bewerben.<\/td><\/tr><tr><td>F\u00f6rderung durch AG<\/td><td>ab 01.08.2019: 243,- \u20ac (Prak.-verg. f\u00fcr Tn) + 121,- \u20ac (SV-Pauschale)<br>ab 01.08.2020: 247,- \u20ac (Prak.-verg. f\u00fcr Tn) + xxx,- \u20ac (SV-Pauschale)<\/td><\/tr><tr><td>zust\u00e4ndige Institution<\/td><td>BA \/ JC<\/td><\/tr><tr><td>Anschlussoption<\/td><td>Berufsausbildung<\/td><\/tr><\/tbody><\/table><\/figure>\n\n\n\n<p class=\"has-text-align-right\">Quelle: Regionaldirektion Niedersachsen\/Bremen, Stand Januar 2020<\/p>\n\n\n\n<hr class=\"wp-block-separator is-style-wide\" \/>\n\n\n\n<p>[1] vgl. Text oben<\/p>\n","protected":false},"excerpt":{"rendered":"<p>Um einen Hauptschulabschluss in Verbindung mit einem EQ-Vertrag (wie unten beschrieben) zu erwerben, ist die erfolgreiche Teilnahme am berufs\u00fcbergreifenden Unterricht entsprechend der&nbsp;Stundentafel&nbsp;der Klasse 2 Voraussetzung. Im&nbsp;Zeugnis&nbsp;erscheint ein entsprechender Vermerk, dass der Hauptschulabschluss im Zusammenhang mit dem Zertifikat \u00fcber den erfolgreichen Abschluss der gef\u00f6rderten EQ-Ma\u00dfnahme g\u00fcltig ist. Hinweise zur Einstiegsqualifizierung Angebot Einstiegsqualifizierung (EQ) nach \u00a754a SGB &hellip; <a href=\"https:\/\/wordpress.nibis.de\/bes\/klasse-2\/organisation-des-unterrichts\/berufsbezogener-lernbereich\/teilzeit-mit-eq\/\" class=\"more-link\"><span class=\"screen-reader-text\">Teilzeit mit EQ<\/span> weiterlesen <span class=\"meta-nav\">&rarr;<\/span><\/a><\/p>\n","protected":false},"author":9194621,"featured_media":0,"parent":292,"menu_order":1,"comment_status":"closed","ping_status":"closed","template":"","meta":{"footnotes":""},"class_list":["post-296","page","type-page","status-publish","hentry"],"_links":{"self":[{"href":"https:\/\/wordpress.nibis.de\/bes\/wp-json\/wp\/v2\/pages\/296","targetHints":{"allow":["GET"]}}],"collection":[{"href":"https:\/\/wordpress.nibis.de\/bes\/wp-json\/wp\/v2\/pages"}],"about":[{"href":"https:\/\/wordpress.nibis.de\/bes\/wp-json\/wp\/v2\/types\/page"}],"author":[{"embeddable":true,"href":"https:\/\/wordpress.nibis.de\/bes\/wp-json\/wp\/v2\/users\/9194621"}],"replies":[{"embeddable":true,"href":"https:\/\/wordpress.nibis.de\/bes\/wp-json\/wp\/v2\/comments?post=296"}],"version-history":[{"count":1,"href":"https:\/\/wordpress.nibis.de\/bes\/wp-json\/wp\/v2\/pages\/296\/revisions"}],"predecessor-version":[{"id":297,"href":"https:\/\/wordpress.nibis.de\/bes\/wp-json\/wp\/v2\/pages\/296\/revisions\/297"}],"up":[{"embeddable":true,"href":"https:\/\/wordpress.nibis.de\/bes\/wp-json\/wp\/v2\/pages\/292"}],"wp:attachment":[{"href":"https:\/\/wordpress.nibis.de\/bes\/wp-json\/wp\/v2\/media?parent=296"}],"curies":[{"name":"wp","href":"https:\/\/api.w.org\/{rel}","templated":true}]}}