{"id":298,"date":"2025-08-05T16:56:42","date_gmt":"2025-08-05T14:56:42","guid":{"rendered":"https:\/\/wordpress.nibis.de\/bes\/?page_id=298"},"modified":"2025-08-05T16:56:42","modified_gmt":"2025-08-05T14:56:42","slug":"rahmenrichtlinien","status":"publish","type":"page","link":"https:\/\/wordpress.nibis.de\/bes\/klasse-2\/rahmenrichtlinien\/","title":{"rendered":"Rahmenrichtlinien"},"content":{"rendered":"\n<div class=\"wp-block-columns is-layout-flex wp-container-core-columns-is-layout-abceabcf wp-block-columns-is-layout-flex\">\n<div class=\"wp-block-column is-layout-flow wp-block-column-is-layout-flow\" style=\"--col-width:75%;flex-basis:75%\">\n<p>Auf der rechten Seite finden Sie die g\u00fcltigen Rahmenrichtlinien f\u00fcr den berufs\u00fcbergreifenden und den berufsbezogenen Lernbereich zum Download.<\/p>\n\n\n\n<p>Rahmenrichtlinien bilden die Grundlage f\u00fcr den Unterricht im berufsbezogenen Lernbereich und in den F\u00e4chern des berufs\u00fcbergreifenden Lernbereiches. Sie weisen Mindestanforderungen aus und schreiben die zu entwickelnden Kompetenzen sowie die didaktischen Grunds\u00e4tze f\u00fcr den Unterricht verbindlich vor. Die Zeitrichtwerte sowie die Hinweise zum Unterricht und zur Methodik stellen Empfehlungen dar und sind als Anregungen f\u00fcr die Lehrkr\u00e4fte zu verstehen.<\/p>\n\n\n\n<p>Im Zuge der Einf\u00fchrung der Berufseinstiegsschule wurden die Rahmenrichtlinien f\u00fcr den berufsbezogenen Lernbereich der bisherigen Berufseinstiegsklasse grundlegend \u00fcberarbeitet und an die Bedingungen der Berufseinstiegsschule \u2013 Klasse 2 \u2013 angepasst.<\/p>\n\n\n\n<p>Ebenfalls \u00fcberarbeitet wurden die Rahmenrichtlinien f\u00fcr die folgenden F\u00e4cher des berufs\u00fcbergreifenden Lernbereiches:<\/p>\n\n\n\n<ul class=\"wp-block-list\"><li>Deutsch<\/li><li>Mathematik<\/li><li>Englisch<\/li><\/ul>\n\n\n\n<p>Die Rahmenrichtlinien f\u00fcr die folgenden F\u00e4cher des berufs\u00fcbergreifenden Lernbereiches werden aktuell nicht angepasst, da diese Schulform \u00fcbergreifend konzipiert wurden:<\/p>\n\n\n\n<ul class=\"wp-block-list\"><li>Politik<\/li><li>Sport<\/li><li>Evangelische Religion<\/li><li>Katholische Religion<\/li><li>Werte und Normen<\/li><\/ul>\n\n\n\n<p>Eine Anpassung erfolgt im Rahmen der n\u00e4chsten grunds\u00e4tzlichen \u00dcberarbeitung bzw. Neufassung.<\/p>\n<\/div>\n\n\n\n<div class=\"wp-block-column has-background is-layout-flow wp-block-column-is-layout-flow\" style=\"--col-width:25%;background-color:#eaeaea;flex-basis:25%\">\n<h4 class=\"wp-block-heading\">Materialien<\/h4>\n\n\n\n<p>Rahmenrichtlinien berufs\u00fcbergreifender Lernbereich<\/p>\n\n\n\n<div class=\"wp-block-file\"><a id=\"wp-block-file--media-0d5f2751-cfeb-4a6d-a222-6934084ada48\" href=\"https:\/\/wordpress.nibis.de\/bes\/files\/2025\/08\/Rahmenrichtlinien_Deutsch.pdf\" target=\"_blank\" rel=\"noreferrer noopener\">Rahmenrichtlinien Deutsch<\/a><\/div>\n\n\n\n<div class=\"wp-block-file\"><a id=\"wp-block-file--media-8bd80e99-147c-4dd2-b535-229adb63aa82\" href=\"https:\/\/wordpress.nibis.de\/bes\/files\/2025\/08\/Rahmenrichtlinien_Englisch.pdf\" target=\"_blank\" rel=\"noreferrer noopener\">Rahmenrichtlinien Englisch<\/a><\/div>\n\n\n\n<div class=\"wp-block-file\"><a id=\"wp-block-file--media-3b29057b-39f7-4ad6-b6a0-1823b1de9ea6\" href=\"https:\/\/wordpress.nibis.de\/bes\/files\/2025\/08\/Rahmenrichtlinien_Mathematik.pdf\" target=\"_blank\" rel=\"noreferrer noopener\">Rahmenrichtlinien Mathematik<\/a><\/div>\n\n\n\n<div class=\"wp-block-file\"><a id=\"wp-block-file--media-90948310-7dad-48b3-b222-e4d41f48bb4f\" href=\"https:\/\/wordpress.nibis.de\/bes\/files\/2025\/08\/Rahmenrichtlinien_Politik.pdf\" target=\"_blank\" rel=\"noreferrer noopener\">Rahmenrichtlinien Politik<\/a><\/div>\n\n\n\n<div class=\"wp-block-file\"><a id=\"wp-block-file--media-340c454a-41fe-4340-a311-e61637ed3801\" href=\"https:\/\/wordpress.nibis.de\/bes\/files\/2025\/08\/Rahmenrichtlinien_Sport.pdf\" target=\"_blank\" rel=\"noreferrer noopener\">Rahmenrichtlinien Sport<\/a><\/div>\n\n\n\n<div class=\"wp-block-file\"><a id=\"wp-block-file--media-6ee0f3af-00d9-41dd-bd77-b14ac2939c49\" href=\"https:\/\/wordpress.nibis.de\/bes\/files\/2025\/08\/Rahmenrichtlinien_ev_Religion.pdf\" target=\"_blank\" rel=\"noreferrer noopener\">Rahmenrichtlinien evangelische Religion<\/a><\/div>\n\n\n\n<div class=\"wp-block-file\"><a id=\"wp-block-file--media-3a77339d-b11e-4a27-bafb-6d2339ceefe8\" href=\"https:\/\/wordpress.nibis.de\/bes\/files\/2025\/08\/Rahmenrichtlinien_kat_Religion.pdf\" target=\"_blank\" rel=\"noreferrer noopener\">Rahmenrichtlinien katholische Religion<\/a><\/div>\n\n\n\n<div class=\"wp-block-file\"><a id=\"wp-block-file--media-b34e8630-286c-49e4-a8ee-20d211f2c788\" href=\"https:\/\/wordpress.nibis.de\/bes\/files\/2025\/08\/Rahmenrichtlinien_WuN.pdf\" target=\"_blank\" rel=\"noreferrer noopener\">Rahmenrichtlinien Werte und Normen<\/a><\/div>\n\n\n\n<h4 class=\"wp-block-heading\">Materialien<\/h4>\n\n\n\n<div class=\"wp-block-file\"><a id=\"wp-block-file--media-4515212b-0eee-4c60-8288-b94567e8f22a\" href=\"https:\/\/wordpress.nibis.de\/bes\/files\/2025\/08\/Rahmenrichtlinien_BB_Lernbereich.pdf\" target=\"_blank\" rel=\"noreferrer noopener\">Rahmenrichtlinie Berufsbezogener Lernbereich<\/a><\/div>\n<\/div>\n<\/div>\n","protected":false},"excerpt":{"rendered":"<p>Auf der rechten Seite finden Sie die g\u00fcltigen Rahmenrichtlinien f\u00fcr den berufs\u00fcbergreifenden und den berufsbezogenen Lernbereich zum Download. Rahmenrichtlinien bilden die Grundlage f\u00fcr den Unterricht im berufsbezogenen Lernbereich und in den F\u00e4chern des berufs\u00fcbergreifenden Lernbereiches. Sie weisen Mindestanforderungen aus und schreiben die zu entwickelnden Kompetenzen sowie die didaktischen Grunds\u00e4tze f\u00fcr den Unterricht verbindlich vor. Die &hellip; <a href=\"https:\/\/wordpress.nibis.de\/bes\/klasse-2\/rahmenrichtlinien\/\" class=\"more-link\"><span class=\"screen-reader-text\">Rahmenrichtlinien<\/span> weiterlesen <span class=\"meta-nav\">&rarr;<\/span><\/a><\/p>\n","protected":false},"author":9194621,"featured_media":0,"parent":21,"menu_order":1,"comment_status":"closed","ping_status":"closed","template":"","meta":{"footnotes":""},"class_list":["post-298","page","type-page","status-publish","hentry"],"_links":{"self":[{"href":"https:\/\/wordpress.nibis.de\/bes\/wp-json\/wp\/v2\/pages\/298","targetHints":{"allow":["GET"]}}],"collection":[{"href":"https:\/\/wordpress.nibis.de\/bes\/wp-json\/wp\/v2\/pages"}],"about":[{"href":"https:\/\/wordpress.nibis.de\/bes\/wp-json\/wp\/v2\/types\/page"}],"author":[{"embeddable":true,"href":"https:\/\/wordpress.nibis.de\/bes\/wp-json\/wp\/v2\/users\/9194621"}],"replies":[{"embeddable":true,"href":"https:\/\/wordpress.nibis.de\/bes\/wp-json\/wp\/v2\/comments?post=298"}],"version-history":[{"count":1,"href":"https:\/\/wordpress.nibis.de\/bes\/wp-json\/wp\/v2\/pages\/298\/revisions"}],"predecessor-version":[{"id":299,"href":"https:\/\/wordpress.nibis.de\/bes\/wp-json\/wp\/v2\/pages\/298\/revisions\/299"}],"up":[{"embeddable":true,"href":"https:\/\/wordpress.nibis.de\/bes\/wp-json\/wp\/v2\/pages\/21"}],"wp:attachment":[{"href":"https:\/\/wordpress.nibis.de\/bes\/wp-json\/wp\/v2\/media?parent=298"}],"curies":[{"name":"wp","href":"https:\/\/api.w.org\/{rel}","templated":true}]}}