{"id":302,"date":"2025-08-05T17:05:23","date_gmt":"2025-08-05T15:05:23","guid":{"rendered":"https:\/\/wordpress.nibis.de\/bes\/?page_id=302"},"modified":"2025-08-05T17:05:23","modified_gmt":"2025-08-05T15:05:23","slug":"abschlusspruefung","status":"publish","type":"page","link":"https:\/\/wordpress.nibis.de\/bes\/klasse-2\/abschlusspruefung\/","title":{"rendered":"Abschlusspr\u00fcfung"},"content":{"rendered":"\n<p>Im berufs\u00fcbergreifenden Lernbereich ist in den F\u00e4chern Deutsch\/Kommunikation und Mathematik je eine Klausurarbeit<sup>[1]<\/sup>&nbsp;mit einer Bearbeitungszeit von 90 Minuten zu schreiben. Da in Lernsituationen unterrichtet wird (vgl. Schucu-BBS), ist es empfehlenswert, auch Klausurarbeiten handlungsorientiert anzulegen.<\/p>\n\n\n\n<p>Gem\u00e4\u00df \u00a7 3 Abs. 3 Anlage 2 zu \u00a7 33 BbS-VO, entf\u00e4llt die Pflicht einen Pr\u00fcfungsausschuss zu bilden.<\/p>\n\n\n\n<p>Im berufsbezogenen Lernbereich wird am Ende eines jeden Qualifizierungsbausteins eine schriftliche und praktische Pr\u00fcfung durchgef\u00fchrt.<\/p>\n\n\n\n<p>Die Lehrkr\u00e4fte, die die Sch\u00fclerin oder den Sch\u00fcler in dem Fach oder dem Qualifizierungsbaustein planm\u00e4\u00dfig unterrichten, w\u00e4hlen die Pr\u00fcfungsaufgaben aus und bewerten die Arbeiten. Die Note flie\u00dft in die Gesamtbewertung f\u00fcr das jeweilige Fach bzw. den Qualifizierungsbaustein mit ein. Mit welcher Gewichtung dies zu geschehen hat, ist durch die BbS-VO nicht vorgegeben. Hier\u00fcber entscheidet die Klassenkonferenz eigenst\u00e4ndig. Innerhalb der Schule sollen die Bewertungskriterien f\u00fcr den gesamten Bildungsgang, unabh\u00e4ngig von der Fachrichtung, einheitlich gelten und m\u00fcssen zu Beginn des Schuljahrs bekannt sein.<\/p>\n\n\n\n<hr class=\"wp-block-separator is-style-wide\" \/>\n\n\n\n<p>[1] \u00a7 3 Anlage 2 zu \u00a7 33 BbS-VO.<br>Beispiel: Insgesamt werden&nbsp;drei Leistungsfeststellungen&nbsp;mit den Noten:&nbsp;-befriedigend-, -gut-, -gut-&nbsp;erbracht. Diese drei Noten werden gleich gewichtet.<br>Die&nbsp;Klausurarbeit&nbsp;wird mit&nbsp;befriedigend&nbsp;bewertet und hier&nbsp;doppelt&nbsp;gewichtet&nbsp;(die Gewichtung wird von der Klassenkonferenz festgelegt &#8211; hier am Beispiel Gewichtung 2).<br>Die Gesamtnote errechnet sich dann wie folgt:&nbsp;3&nbsp;+&nbsp;2&nbsp;+&nbsp;2&nbsp;+&nbsp;3&nbsp;+&nbsp;3&nbsp;= 13 : 5 =&nbsp;2,6.<\/p>\n","protected":false},"excerpt":{"rendered":"<p>Im berufs\u00fcbergreifenden Lernbereich ist in den F\u00e4chern Deutsch\/Kommunikation und Mathematik je eine Klausurarbeit[1]&nbsp;mit einer Bearbeitungszeit von 90 Minuten zu schreiben. Da in Lernsituationen unterrichtet wird (vgl. Schucu-BBS), ist es empfehlenswert, auch Klausurarbeiten handlungsorientiert anzulegen. Gem\u00e4\u00df \u00a7 3 Abs. 3 Anlage 2 zu \u00a7 33 BbS-VO, entf\u00e4llt die Pflicht einen Pr\u00fcfungsausschuss zu bilden. Im berufsbezogenen Lernbereich &hellip; <a href=\"https:\/\/wordpress.nibis.de\/bes\/klasse-2\/abschlusspruefung\/\" class=\"more-link\"><span class=\"screen-reader-text\">Abschlusspr\u00fcfung<\/span> weiterlesen <span class=\"meta-nav\">&rarr;<\/span><\/a><\/p>\n","protected":false},"author":9194621,"featured_media":0,"parent":21,"menu_order":1,"comment_status":"closed","ping_status":"closed","template":"","meta":{"footnotes":""},"class_list":["post-302","page","type-page","status-publish","hentry"],"_links":{"self":[{"href":"https:\/\/wordpress.nibis.de\/bes\/wp-json\/wp\/v2\/pages\/302","targetHints":{"allow":["GET"]}}],"collection":[{"href":"https:\/\/wordpress.nibis.de\/bes\/wp-json\/wp\/v2\/pages"}],"about":[{"href":"https:\/\/wordpress.nibis.de\/bes\/wp-json\/wp\/v2\/types\/page"}],"author":[{"embeddable":true,"href":"https:\/\/wordpress.nibis.de\/bes\/wp-json\/wp\/v2\/users\/9194621"}],"replies":[{"embeddable":true,"href":"https:\/\/wordpress.nibis.de\/bes\/wp-json\/wp\/v2\/comments?post=302"}],"version-history":[{"count":1,"href":"https:\/\/wordpress.nibis.de\/bes\/wp-json\/wp\/v2\/pages\/302\/revisions"}],"predecessor-version":[{"id":303,"href":"https:\/\/wordpress.nibis.de\/bes\/wp-json\/wp\/v2\/pages\/302\/revisions\/303"}],"up":[{"embeddable":true,"href":"https:\/\/wordpress.nibis.de\/bes\/wp-json\/wp\/v2\/pages\/21"}],"wp:attachment":[{"href":"https:\/\/wordpress.nibis.de\/bes\/wp-json\/wp\/v2\/media?parent=302"}],"curies":[{"name":"wp","href":"https:\/\/api.w.org\/{rel}","templated":true}]}}