{"id":304,"date":"2025-08-05T17:08:59","date_gmt":"2025-08-05T15:08:59","guid":{"rendered":"https:\/\/wordpress.nibis.de\/bes\/?page_id=304"},"modified":"2025-08-05T17:08:59","modified_gmt":"2025-08-05T15:08:59","slug":"zeugnisse","status":"publish","type":"page","link":"https:\/\/wordpress.nibis.de\/bes\/klasse-2\/zeugnisse\/","title":{"rendered":"Zeugnisse"},"content":{"rendered":"\n<div class=\"wp-block-columns is-layout-flex wp-container-core-columns-is-layout-abceabcf wp-block-columns-is-layout-flex\">\n<div class=\"wp-block-column is-layout-flow wp-block-column-is-layout-flow\" style=\"--col-width:75%;flex-basis:75%\">\n<p>Die Sch\u00fclerinnen und Sch\u00fcler der Berufseinstiegsschule Klasse 2 erhalten sowohl zum Halbjahr als auch zum Schuljahresende ein Zeugnis<sup>[1]<\/sup>. In den Zeugnissen werden die Noten aller F\u00e4cher und Qualifizierungsbausteine einzeln erfasst. Aus den jeweiligen Einzelnoten ergibt sich die entsprechende Lernbereichsnote.<\/p>\n\n\n\n<p>\u00dcber die Benotung der Leistungen in den Lernbereichen entscheiden die Lehrkr\u00e4fte, die den Unterricht in dem jeweiligen Lernbereich planm\u00e4\u00dfig erteilt haben.<\/p>\n\n\n\n<p>Der Abschluss wird vergeben, wenn beide Lernbereiche mindestens mit der Note \u201eausreichend\u201c bewertet worden sind und in den Lernbereichen zugeordneten F\u00e4chern und Qualifizierungsbausteinen insgesamt entweder in nicht mehr als zwei F\u00e4llen die Note \u201emangelhaft\u201c oder h\u00f6chstens in einem Fall die Note \u201eungen\u00fcgend\u201c erreicht worden ist.<sup>[2]<\/sup><\/p>\n\n\n\n<p>Die Abstufung in den Zeugnissen erfolgt in der bekannten Notenskala von \u201esehr gut\u201c bis \u201eungen\u00fcgend\u201c.<br>Bei einem erfolgreichen Besuch der Berufseinstiegsschule Klasse 2 wird der Hauptschulabschluss erworben (vgl. \u00a7 25 BbS-VO). Der Hauptschulabschluss wird auch dann auf dem Abschlusszeugnis bescheinigt, wenn dieser Abschluss bereits zu einem fr\u00fcheren Zeitpunkt erworben wurde (vgl. Anlage 2 zu \u00a7 33, BbS-VO).<\/p>\n\n\n\n<p>Wird die Berufseinstiegsschule Klasse 2 nicht erfolgreich abgeschlossen, ist eine Wiederholung einmal m\u00f6glich. Eine Anrechnung des Besuchs der Berufseinstiegsschule Klasse 2 auf eine Berufsausbildung erfolgt nicht.<\/p>\n<\/div>\n\n\n\n<div class=\"wp-block-column has-background is-layout-flow wp-block-column-is-layout-flow\" style=\"--col-width:25%;background-color:#eaeaea;flex-basis:25%\">\n<h4 class=\"wp-block-heading\">Materialien<\/h4>\n\n\n\n<div class=\"wp-block-file\"><a id=\"wp-block-file--media-dbdad19a-41f9-4c8c-95ed-1ef10870ba82\" href=\"https:\/\/wordpress.nibis.de\/bes\/files\/2025\/08\/Zeugnis_BES_Klasse_2_Vollzeit.pdf\" target=\"_blank\" rel=\"noreferrer noopener\">Beispielzeugnis Klasse 2 Vollzeit<\/a><\/div>\n\n\n\n<div class=\"wp-block-file\"><a id=\"wp-block-file--media-b5a78aa4-b91b-43b6-aa6a-d563d1c26b9b\" href=\"https:\/\/wordpress.nibis.de\/bes\/files\/2025\/08\/Zeugnis_BES_Klasse_2_Teilzeit.pdf\" target=\"_blank\" rel=\"noreferrer noopener\">Beispielzeugnis Klasse 2 Teilzeit<\/a><\/div>\n<\/div>\n<\/div>\n\n\n\n<hr class=\"wp-block-separator is-style-wide\" \/>\n\n\n\n<p>[1] Ein Halbjahreszeugnis zum Schulhalbjahr, ein Zeugnis, ein Abschlusszeugnis oder ein Abgangszeugnis zum Schuljahresende, vgl. \u00a723 und \u00a724 BbS-VO.<\/p>\n\n\n\n<p>[2] vgl. \u00a723 BbS-VO<\/p>\n","protected":false},"excerpt":{"rendered":"<p>Die Sch\u00fclerinnen und Sch\u00fcler der Berufseinstiegsschule Klasse 2 erhalten sowohl zum Halbjahr als auch zum Schuljahresende ein Zeugnis[1]. In den Zeugnissen werden die Noten aller F\u00e4cher und Qualifizierungsbausteine einzeln erfasst. Aus den jeweiligen Einzelnoten ergibt sich die entsprechende Lernbereichsnote. \u00dcber die Benotung der Leistungen in den Lernbereichen entscheiden die Lehrkr\u00e4fte, die den Unterricht in dem &hellip; <a href=\"https:\/\/wordpress.nibis.de\/bes\/klasse-2\/zeugnisse\/\" class=\"more-link\"><span class=\"screen-reader-text\">Zeugnisse<\/span> weiterlesen <span class=\"meta-nav\">&rarr;<\/span><\/a><\/p>\n","protected":false},"author":9194621,"featured_media":0,"parent":21,"menu_order":1,"comment_status":"closed","ping_status":"closed","template":"","meta":{"footnotes":""},"class_list":["post-304","page","type-page","status-publish","hentry"],"_links":{"self":[{"href":"https:\/\/wordpress.nibis.de\/bes\/wp-json\/wp\/v2\/pages\/304","targetHints":{"allow":["GET"]}}],"collection":[{"href":"https:\/\/wordpress.nibis.de\/bes\/wp-json\/wp\/v2\/pages"}],"about":[{"href":"https:\/\/wordpress.nibis.de\/bes\/wp-json\/wp\/v2\/types\/page"}],"author":[{"embeddable":true,"href":"https:\/\/wordpress.nibis.de\/bes\/wp-json\/wp\/v2\/users\/9194621"}],"replies":[{"embeddable":true,"href":"https:\/\/wordpress.nibis.de\/bes\/wp-json\/wp\/v2\/comments?post=304"}],"version-history":[{"count":1,"href":"https:\/\/wordpress.nibis.de\/bes\/wp-json\/wp\/v2\/pages\/304\/revisions"}],"predecessor-version":[{"id":305,"href":"https:\/\/wordpress.nibis.de\/bes\/wp-json\/wp\/v2\/pages\/304\/revisions\/305"}],"up":[{"embeddable":true,"href":"https:\/\/wordpress.nibis.de\/bes\/wp-json\/wp\/v2\/pages\/21"}],"wp:attachment":[{"href":"https:\/\/wordpress.nibis.de\/bes\/wp-json\/wp\/v2\/media?parent=304"}],"curies":[{"name":"wp","href":"https:\/\/api.w.org\/{rel}","templated":true}]}}