{"id":329,"date":"2025-08-06T08:49:33","date_gmt":"2025-08-06T06:49:33","guid":{"rendered":"https:\/\/wordpress.nibis.de\/bes\/?page_id=329"},"modified":"2025-08-06T08:49:33","modified_gmt":"2025-08-06T06:49:33","slug":"methoden","status":"publish","type":"page","link":"https:\/\/wordpress.nibis.de\/bes\/sprachfoerderung\/grundsaetze-des-unterrichts\/methoden\/","title":{"rendered":"Methoden"},"content":{"rendered":"\n<p>Die Lerngruppen im Bereich Deutsch als Zweitsprache zeichnen sich u. a. auch durch ihre Heterogenit\u00e4t in Bezug auf die vorhergegangene schulische Laufbahn aus. Der unterschiedliche Bildungsstand muss unbedingt bei der Klasseneinteilung und Unterrichtsentwicklung Ber\u00fccksichtigung finden.<\/p>\n\n\n\n<p>Verschiedene Methoden k\u00f6nnen angewendet werden, um die individuellen Voraussetzungen der Sch\u00fclerinnen und Sch\u00fcler nicht aus dem Blick zu verlieren und eine gezielte F\u00f6rderung zu erreichen.<br>Sehr hilfreich ist es, eine Lerntheke anzubieten und auf diese Weise den Lernenden individualisiertes und selbstgesteuertes Lernen zu erm\u00f6glichen. Die Auswahl an verschiedenen Materialien setzt allerdings einen gewissen Grad an Selbstst\u00e4ndigkeit der Lernenden voraus und muss begleitet werden. Um den Prozess der individuellen F\u00f6rderung noch gezielter anzugehen, k\u00f6nnen auch individuelle Arbeitsmappen erstellt werden. Die Entscheidung, ob sich eine Lerntheke oder eine individuelle Arbeitsmappe anbietet, h\u00e4ngt vom Lernstand und folglich von der Zielgruppe ab.<br>Die Arbeit mit einer Wortschatzkartei hat sich ebenfalls bew\u00e4hrt. Die Sch\u00fclerinnen und Sch\u00fcler k\u00f6nnen mit den Karteikarten individuell ihren Lernprozess gestalten und in ihrem eigenen Lerntempo Vokabeln erlernen. Es ergeben sich verschiedene \u00dcbungsaufgaben \u2013 wie z. B. S\u00e4tze mit den W\u00f6rtern bilden und aufschreiben \u2013 die besprochen und begleitet werden m\u00fcssen.<br>Es gibt noch viele weitere Methoden, die das individualisierte Lernen f\u00f6rdern. Bei der Anwendung dieser Methoden d\u00fcrfen allerdings die Phasen des gemeinsamen Lernens und somit das kooperative Lernen nicht vergessen werden. Ein Austausch zwischen den Sch\u00fclerinnen und Sch\u00fclern in Form von gegenseitiger Unterst\u00fctzung ist unabdingbar.<\/p>\n\n\n\n<p>Vor allem in der berufsbildenden Schule kann der Spracherwerb unter Ber\u00fccksichtigung verschiedener Sinneskan\u00e4le erfolgen. Die Verkn\u00fcpfung von fachtheoretischen und fachpraktischen Inhalten l\u00e4sst ein erlebnisorientiertes Lernen zu, sodass beispielweise beim Kochen viele Vokabeln einge\u00fcbt und durch Wiederholung gefestigt werden k\u00f6nnen. Ein vernetztes Lernen kann somit im Zuge des handlungsorientierten Lernens auch in Bezug auf den Spracherwerb gef\u00f6rdert werden.<\/p>\n\n\n\n<p>Die Sch\u00fclerinnen und Sch\u00fcler erlernen neben der Sprache auch die kulturellen Gegebenheiten wie z. B. Essgewohnheiten, Feiertage, Werte und Normen. Es ist sehr sinnvoll, die Lernenden auch bei dem Erwerb dieser Kenntnisse zu unterst\u00fctzen, indem eine Verzahnung verschiedener Themen mit dem Spracherwerb erfolgt.<br>Wichtig ist, bei der Themenauswahl die Lerngruppe in den Blick zu nehmen, da die Sch\u00fclerinnen und Sch\u00fcler sich nicht nur durch ihre individuelle Lernbiografie, sondern auch ihre vielf\u00e4ltigen Erfahrungen in ihren Herkunftsl\u00e4ndern unterscheiden. Somit sollten die sensiblen Themen wie z. B. Religion, Sexualit\u00e4t, Partnerschaft besonders behutsam eingef\u00fchrt werden. Sinnvoll w\u00e4re es auch, sich mit den kulturellen Gegebenheiten der verschiedenen Herkunftsl\u00e4nder auseinanderzusetzen, um auf das Vorwissen der Lernenden Bezug nehmen zu k\u00f6nnen.<br>Dabei sollten jegliche Verallgemeinerungen vermieden werden. Denn jede Sch\u00fclerin bzw. jeder Sch\u00fcler ist ein Individuum und muss unabh\u00e4ngig von der Herkunft als solches wahrgenommen werden.<\/p>\n","protected":false},"excerpt":{"rendered":"<p>Die Lerngruppen im Bereich Deutsch als Zweitsprache zeichnen sich u. a. auch durch ihre Heterogenit\u00e4t in Bezug auf die vorhergegangene schulische Laufbahn aus. Der unterschiedliche Bildungsstand muss unbedingt bei der Klasseneinteilung und Unterrichtsentwicklung Ber\u00fccksichtigung finden. Verschiedene Methoden k\u00f6nnen angewendet werden, um die individuellen Voraussetzungen der Sch\u00fclerinnen und Sch\u00fcler nicht aus dem Blick zu verlieren und &hellip; <a href=\"https:\/\/wordpress.nibis.de\/bes\/sprachfoerderung\/grundsaetze-des-unterrichts\/methoden\/\" class=\"more-link\"><span class=\"screen-reader-text\">Methoden<\/span> weiterlesen <span class=\"meta-nav\">&rarr;<\/span><\/a><\/p>\n","protected":false},"author":9194621,"featured_media":0,"parent":325,"menu_order":1,"comment_status":"closed","ping_status":"closed","template":"","meta":{"footnotes":""},"class_list":["post-329","page","type-page","status-publish","hentry"],"_links":{"self":[{"href":"https:\/\/wordpress.nibis.de\/bes\/wp-json\/wp\/v2\/pages\/329","targetHints":{"allow":["GET"]}}],"collection":[{"href":"https:\/\/wordpress.nibis.de\/bes\/wp-json\/wp\/v2\/pages"}],"about":[{"href":"https:\/\/wordpress.nibis.de\/bes\/wp-json\/wp\/v2\/types\/page"}],"author":[{"embeddable":true,"href":"https:\/\/wordpress.nibis.de\/bes\/wp-json\/wp\/v2\/users\/9194621"}],"replies":[{"embeddable":true,"href":"https:\/\/wordpress.nibis.de\/bes\/wp-json\/wp\/v2\/comments?post=329"}],"version-history":[{"count":1,"href":"https:\/\/wordpress.nibis.de\/bes\/wp-json\/wp\/v2\/pages\/329\/revisions"}],"predecessor-version":[{"id":330,"href":"https:\/\/wordpress.nibis.de\/bes\/wp-json\/wp\/v2\/pages\/329\/revisions\/330"}],"up":[{"embeddable":true,"href":"https:\/\/wordpress.nibis.de\/bes\/wp-json\/wp\/v2\/pages\/325"}],"wp:attachment":[{"href":"https:\/\/wordpress.nibis.de\/bes\/wp-json\/wp\/v2\/media?parent=329"}],"curies":[{"name":"wp","href":"https:\/\/api.w.org\/{rel}","templated":true}]}}