{"id":333,"date":"2025-08-06T08:50:44","date_gmt":"2025-08-06T06:50:44","guid":{"rendered":"https:\/\/wordpress.nibis.de\/bes\/?page_id=333"},"modified":"2025-08-06T08:50:44","modified_gmt":"2025-08-06T06:50:44","slug":"strukturelle-rahmenbedingungen","status":"publish","type":"page","link":"https:\/\/wordpress.nibis.de\/bes\/sprachfoerderung\/strukturelle-rahmenbedingungen\/","title":{"rendered":"Strukturelle Rahmenbedingungen"},"content":{"rendered":"\n<p>Der Unterricht der Klasse Sprache und Integration Vollzeit orientiert sich an der Niveaustufe A2 des Gemeinsamen Europ\u00e4ischen Referenzrahmens f\u00fcr Sprachen (GER). Ma\u00dfgeblich f\u00fcr den Unterricht sind aber immer der Sprachf\u00f6rderbedarf und der Kompetenzzuwachs der einzelnen Sch\u00fclerinnen und Sch\u00fcler.<\/p>\n","protected":false},"excerpt":{"rendered":"<p>Der Unterricht der Klasse Sprache und Integration Vollzeit orientiert sich an der Niveaustufe A2 des Gemeinsamen Europ\u00e4ischen Referenzrahmens f\u00fcr Sprachen (GER). Ma\u00dfgeblich f\u00fcr den Unterricht sind aber immer der Sprachf\u00f6rderbedarf und der Kompetenzzuwachs der einzelnen Sch\u00fclerinnen und Sch\u00fcler.<\/p>\n","protected":false},"author":9194621,"featured_media":0,"parent":22,"menu_order":1,"comment_status":"closed","ping_status":"closed","template":"","meta":{"footnotes":""},"class_list":["post-333","page","type-page","status-publish","hentry"],"_links":{"self":[{"href":"https:\/\/wordpress.nibis.de\/bes\/wp-json\/wp\/v2\/pages\/333","targetHints":{"allow":["GET"]}}],"collection":[{"href":"https:\/\/wordpress.nibis.de\/bes\/wp-json\/wp\/v2\/pages"}],"about":[{"href":"https:\/\/wordpress.nibis.de\/bes\/wp-json\/wp\/v2\/types\/page"}],"author":[{"embeddable":true,"href":"https:\/\/wordpress.nibis.de\/bes\/wp-json\/wp\/v2\/users\/9194621"}],"replies":[{"embeddable":true,"href":"https:\/\/wordpress.nibis.de\/bes\/wp-json\/wp\/v2\/comments?post=333"}],"version-history":[{"count":1,"href":"https:\/\/wordpress.nibis.de\/bes\/wp-json\/wp\/v2\/pages\/333\/revisions"}],"predecessor-version":[{"id":334,"href":"https:\/\/wordpress.nibis.de\/bes\/wp-json\/wp\/v2\/pages\/333\/revisions\/334"}],"up":[{"embeddable":true,"href":"https:\/\/wordpress.nibis.de\/bes\/wp-json\/wp\/v2\/pages\/22"}],"wp:attachment":[{"href":"https:\/\/wordpress.nibis.de\/bes\/wp-json\/wp\/v2\/media?parent=333"}],"curies":[{"name":"wp","href":"https:\/\/api.w.org\/{rel}","templated":true}]}}