{"id":338,"date":"2025-08-06T09:22:33","date_gmt":"2025-08-06T07:22:33","guid":{"rendered":"https:\/\/wordpress.nibis.de\/bes\/?page_id=338"},"modified":"2025-08-06T09:22:33","modified_gmt":"2025-08-06T07:22:33","slug":"sprache-und-integration-vollzeit","status":"publish","type":"page","link":"https:\/\/wordpress.nibis.de\/bes\/sprachfoerderung\/strukturelle-rahmenbedingungen\/sprache-und-integration-vollzeit\/","title":{"rendered":"Sprache und Integration Vollzeit"},"content":{"rendered":"\n<p>\u201eDie Dauer eines Durchganges der Klasse Sprache und Integration in Vollzeitform betr\u00e4gt grunds\u00e4tzlich ein Jahr. Der Start eines Durchgangs erfolgt bedarfsorientiert und ist nicht vom Schuljahr abh\u00e4ngig. Der Wechsel in ein Regelangebot, z. B. in die Berufseinstiegsschule Klasse 1, Klasse 2 oder in eine Berufsfachschule, ist jederzeit m\u00f6glich, sofern die Eingangsvoraussetzungen erf\u00fcllt sind.\u201c<sup>[1]<\/sup><\/p>\n\n\n\n<p>\u201eDer Kompetenzerwerb im Bereich der deutschen Sprache steht im Zentrum, somit bildet das Unterrichtsmodul Spracherwerb den Schwerpunkt des Bildungsganges. Die Unterrichtsmodule Einf\u00fchrung in die regionale Kultur- und Lebenswelt und Einf\u00fchrung in das Berufs- und Arbeitsleben sind sprachoffensiv zu gestalten, so dass die erworbene Sprachkompetenz anwendungsbezogen trainiert und gefestigt werden kann. Unterrichtsmodul Einf\u00fchrung in das Berufs- und Arbeitsleben ist praxisorientiert zu vermitteln.\u201c<sup>[2]<\/sup><\/p>\n\n\n\n<hr class=\"wp-block-separator is-style-wide\" \/>\n\n\n\n<p>[1] vgl. 4.4.2.1 EB-BbS<\/p>\n\n\n\n<p>[2] vgl. 4.4.2.2 EB-BbS<\/p>\n","protected":false},"excerpt":{"rendered":"<p>\u201eDie Dauer eines Durchganges der Klasse Sprache und Integration in Vollzeitform betr\u00e4gt grunds\u00e4tzlich ein Jahr. Der Start eines Durchgangs erfolgt bedarfsorientiert und ist nicht vom Schuljahr abh\u00e4ngig. Der Wechsel in ein Regelangebot, z. B. in die Berufseinstiegsschule Klasse 1, Klasse 2 oder in eine Berufsfachschule, ist jederzeit m\u00f6glich, sofern die Eingangsvoraussetzungen erf\u00fcllt sind.\u201c[1] \u201eDer Kompetenzerwerb &hellip; <a href=\"https:\/\/wordpress.nibis.de\/bes\/sprachfoerderung\/strukturelle-rahmenbedingungen\/sprache-und-integration-vollzeit\/\" class=\"more-link\"><span class=\"screen-reader-text\">Sprache und Integration Vollzeit<\/span> weiterlesen <span class=\"meta-nav\">&rarr;<\/span><\/a><\/p>\n","protected":false},"author":9194621,"featured_media":0,"parent":333,"menu_order":1,"comment_status":"closed","ping_status":"closed","template":"","meta":{"footnotes":""},"class_list":["post-338","page","type-page","status-publish","hentry"],"_links":{"self":[{"href":"https:\/\/wordpress.nibis.de\/bes\/wp-json\/wp\/v2\/pages\/338","targetHints":{"allow":["GET"]}}],"collection":[{"href":"https:\/\/wordpress.nibis.de\/bes\/wp-json\/wp\/v2\/pages"}],"about":[{"href":"https:\/\/wordpress.nibis.de\/bes\/wp-json\/wp\/v2\/types\/page"}],"author":[{"embeddable":true,"href":"https:\/\/wordpress.nibis.de\/bes\/wp-json\/wp\/v2\/users\/9194621"}],"replies":[{"embeddable":true,"href":"https:\/\/wordpress.nibis.de\/bes\/wp-json\/wp\/v2\/comments?post=338"}],"version-history":[{"count":1,"href":"https:\/\/wordpress.nibis.de\/bes\/wp-json\/wp\/v2\/pages\/338\/revisions"}],"predecessor-version":[{"id":339,"href":"https:\/\/wordpress.nibis.de\/bes\/wp-json\/wp\/v2\/pages\/338\/revisions\/339"}],"up":[{"embeddable":true,"href":"https:\/\/wordpress.nibis.de\/bes\/wp-json\/wp\/v2\/pages\/333"}],"wp:attachment":[{"href":"https:\/\/wordpress.nibis.de\/bes\/wp-json\/wp\/v2\/media?parent=338"}],"curies":[{"name":"wp","href":"https:\/\/api.w.org\/{rel}","templated":true}]}}