{"id":342,"date":"2025-08-06T09:32:33","date_gmt":"2025-08-06T07:32:33","guid":{"rendered":"https:\/\/wordpress.nibis.de\/bes\/?page_id=342"},"modified":"2025-08-06T09:32:33","modified_gmt":"2025-08-06T07:32:33","slug":"stundentafel","status":"publish","type":"page","link":"https:\/\/wordpress.nibis.de\/bes\/sprachfoerderung\/strukturelle-rahmenbedingungen\/stundentafel\/","title":{"rendered":"Stundentafel"},"content":{"rendered":"\n<h2 class=\"wp-block-heading\">Stundentafel Klasse Sprache und Integration Vollzeit<\/h2>\n\n\n\n<figure class=\"wp-block-table\"><table><tbody><tr><td>Klasse Sprache und Integration Vollzeit<\/td><td><\/td><\/tr><tr><td><strong>Lernbereiche<\/strong><\/td><td><strong>Wochenstunden<\/strong><\/td><\/tr><tr><td><strong>Berufs\u00fcbergreifender Lernbereich<\/strong><br>mit den Unterrichtsmodulen<br>&#8211; Spracherwerb<br>&#8211; Einf\u00fchrung in die Kultur- und Lebenswelt<\/td><td>20<\/td><\/tr><tr><td><strong>Berufsbezogener Lernbereich<\/strong><br>mit dem Unterrichtsmodul<br>&#8211; Einf\u00fchrung in das Berufs- und Arbeitsleben<\/td><td>15<\/td><\/tr><tr><td><strong>Unterrichtsstunden der Klasse<\/strong><br>pro Woche<\/td><td>35<\/td><\/tr><\/tbody><\/table><\/figure>\n\n\n\n<p>Das Unterrichtsangebot muss so gestaltet sein, dass die Sch\u00fclerinnen und Sch\u00fcler pro Tag mindestens 5 Stunden unterrichtet werden.<\/p>\n\n\n\n<h2 class=\"wp-block-heading\">Stundentafel Klasse Sprache \/ Integration Teilzeit &#8211; Schwerpunkt Sprache &#8211;<\/h2>\n\n\n\n<figure class=\"wp-block-table\"><table><tbody><tr><td>Klasse Sprache \/ Integration Teilzeit<\/td><td><\/td><\/tr><tr><td><strong>Lernbereiche<\/strong><\/td><td><strong>Wochenstunden<\/strong><\/td><\/tr><tr><td><strong>Berufs\u00fcbergreifender Lernbereich<\/strong><br>mit den Unterrichtsmodulen<br>&#8211; Kommunikation in der Lebens- und Arbeitswelt<br>&#8211; F\u00f6rderung Grundlagenwissen<\/td><td>9<\/td><\/tr><tr><td><strong>Berufsbezogener Lernbereich<\/strong><br>mit dem Unterrichtsmodul<br>&#8211; Praktische Einf\u00fchrung in das Berufs- und Arbeitsleben<br>(Fachpraxis: EQ findet im Betrieb statt)<\/td><td>3<\/td><\/tr><tr><td><strong>Unterrichtsstunden der Klasse<\/strong><br>pro Woche (mit Betreuungsstunden)*<\/td><td>12 (15)*<\/td><\/tr><\/tbody><\/table><\/figure>\n\n\n\n<p>*Die zus\u00e4tzlichen drei Betreuungsstunden k\u00f6nnen u. a. f\u00fcr die p\u00e4dagogische und inhaltliche Begleitung des betrieblichen Praktikums oder der betrieblichen EQ-Ma\u00dfnahme verwendet werden.<\/p>\n","protected":false},"excerpt":{"rendered":"<p>Stundentafel Klasse Sprache und Integration Vollzeit Klasse Sprache und Integration Vollzeit Lernbereiche Wochenstunden Berufs\u00fcbergreifender Lernbereichmit den Unterrichtsmodulen&#8211; Spracherwerb&#8211; Einf\u00fchrung in die Kultur- und Lebenswelt 20 Berufsbezogener Lernbereichmit dem Unterrichtsmodul&#8211; Einf\u00fchrung in das Berufs- und Arbeitsleben 15 Unterrichtsstunden der Klassepro Woche 35 Das Unterrichtsangebot muss so gestaltet sein, dass die Sch\u00fclerinnen und Sch\u00fcler pro Tag mindestens &hellip; <a href=\"https:\/\/wordpress.nibis.de\/bes\/sprachfoerderung\/strukturelle-rahmenbedingungen\/stundentafel\/\" class=\"more-link\"><span class=\"screen-reader-text\">Stundentafel<\/span> weiterlesen <span class=\"meta-nav\">&rarr;<\/span><\/a><\/p>\n","protected":false},"author":9194621,"featured_media":0,"parent":333,"menu_order":1,"comment_status":"closed","ping_status":"closed","template":"","meta":{"footnotes":""},"class_list":["post-342","page","type-page","status-publish","hentry"],"_links":{"self":[{"href":"https:\/\/wordpress.nibis.de\/bes\/wp-json\/wp\/v2\/pages\/342","targetHints":{"allow":["GET"]}}],"collection":[{"href":"https:\/\/wordpress.nibis.de\/bes\/wp-json\/wp\/v2\/pages"}],"about":[{"href":"https:\/\/wordpress.nibis.de\/bes\/wp-json\/wp\/v2\/types\/page"}],"author":[{"embeddable":true,"href":"https:\/\/wordpress.nibis.de\/bes\/wp-json\/wp\/v2\/users\/9194621"}],"replies":[{"embeddable":true,"href":"https:\/\/wordpress.nibis.de\/bes\/wp-json\/wp\/v2\/comments?post=342"}],"version-history":[{"count":1,"href":"https:\/\/wordpress.nibis.de\/bes\/wp-json\/wp\/v2\/pages\/342\/revisions"}],"predecessor-version":[{"id":343,"href":"https:\/\/wordpress.nibis.de\/bes\/wp-json\/wp\/v2\/pages\/342\/revisions\/343"}],"up":[{"embeddable":true,"href":"https:\/\/wordpress.nibis.de\/bes\/wp-json\/wp\/v2\/pages\/333"}],"wp:attachment":[{"href":"https:\/\/wordpress.nibis.de\/bes\/wp-json\/wp\/v2\/media?parent=342"}],"curies":[{"name":"wp","href":"https:\/\/api.w.org\/{rel}","templated":true}]}}