{"id":344,"date":"2025-08-06T09:33:17","date_gmt":"2025-08-06T07:33:17","guid":{"rendered":"https:\/\/wordpress.nibis.de\/bes\/?page_id=344"},"modified":"2025-08-06T09:33:17","modified_gmt":"2025-08-06T07:33:17","slug":"doppelbesetzung","status":"publish","type":"page","link":"https:\/\/wordpress.nibis.de\/bes\/sprachfoerderung\/doppelbesetzung\/","title":{"rendered":"Doppelbesetzung"},"content":{"rendered":"\n<p>Die f\u00fcr Klasse 1 und Klasse 2 vorgesehene Reduzierung der Stundentafel um vier Stunden zu Gunsten individueller p\u00e4dagogischer Ma\u00dfnahmen kann in der Klasse Sprache und Integration Vollzeit bei Bedarf vor\u00fcbergehend erh\u00f6ht werden (vgl. 4.4.2.2. EB-BbS). Es ist zu gew\u00e4hrleisten, dass die Lernenden ein Unterrichtsangebot von mindestens f\u00fcnf Stunden pro Tag erhalten. Anl\u00e4sse hierf\u00fcr k\u00f6nnen z. B.<\/p>\n\n\n\n<ul class=\"wp-block-list\"><li>die Bildung von kleineren Lerngruppen (Alphabetisierung, geringe schulische Grundbildung),<\/li><li>eine zeitlich begrenzte Doppelbesetzung,<\/li><li>eine Klassenteilung im Unterrichtsmodul Spracherwerb oder<\/li><li>p\u00e4dagogische Aufgaben im Rahmen des \u00dcbergangsmanagements sein.<\/li><li>Dabei ist zu gew\u00e4hrleisten, dass jede Sch\u00fclerin und jeder Sch\u00fcler f\u00fcr mindestens f\u00fcnf Stunden pro Tag ein Unterrichtsangebot bekommen.<\/li><\/ul>\n\n\n\n<p>Eine zus\u00e4tzliche Lehrkraft kann tempor\u00e4r in den Klassen Sprache und Integration Vollzeit eingeplant werden, wenn die Notwendigkeit durch die Lerngruppe besteht, beispielsweise f\u00fcr neu eingereiste Sch\u00fclerinnen und Sch\u00fcler mit Bedarf an einem Sprachkurs, welcher nicht unmittelbar beginnt. In dieser Zeit k\u00f6nnen diese Sch\u00fclerinnen und Sch\u00fcler inhaltlich nicht mit der bisherigen Lerngruppe unterrichtet werden, eine Doppelbesetzung oder Bildung einer separaten Lerngruppe w\u00e4re hier sinnvoll.<\/p>\n","protected":false},"excerpt":{"rendered":"<p>Die f\u00fcr Klasse 1 und Klasse 2 vorgesehene Reduzierung der Stundentafel um vier Stunden zu Gunsten individueller p\u00e4dagogischer Ma\u00dfnahmen kann in der Klasse Sprache und Integration Vollzeit bei Bedarf vor\u00fcbergehend erh\u00f6ht werden (vgl. 4.4.2.2. EB-BbS). Es ist zu gew\u00e4hrleisten, dass die Lernenden ein Unterrichtsangebot von mindestens f\u00fcnf Stunden pro Tag erhalten. Anl\u00e4sse hierf\u00fcr k\u00f6nnen z. &hellip; <a href=\"https:\/\/wordpress.nibis.de\/bes\/sprachfoerderung\/doppelbesetzung\/\" class=\"more-link\"><span class=\"screen-reader-text\">Doppelbesetzung<\/span> weiterlesen <span class=\"meta-nav\">&rarr;<\/span><\/a><\/p>\n","protected":false},"author":9194621,"featured_media":0,"parent":22,"menu_order":1,"comment_status":"closed","ping_status":"closed","template":"","meta":{"footnotes":""},"class_list":["post-344","page","type-page","status-publish","hentry"],"_links":{"self":[{"href":"https:\/\/wordpress.nibis.de\/bes\/wp-json\/wp\/v2\/pages\/344","targetHints":{"allow":["GET"]}}],"collection":[{"href":"https:\/\/wordpress.nibis.de\/bes\/wp-json\/wp\/v2\/pages"}],"about":[{"href":"https:\/\/wordpress.nibis.de\/bes\/wp-json\/wp\/v2\/types\/page"}],"author":[{"embeddable":true,"href":"https:\/\/wordpress.nibis.de\/bes\/wp-json\/wp\/v2\/users\/9194621"}],"replies":[{"embeddable":true,"href":"https:\/\/wordpress.nibis.de\/bes\/wp-json\/wp\/v2\/comments?post=344"}],"version-history":[{"count":1,"href":"https:\/\/wordpress.nibis.de\/bes\/wp-json\/wp\/v2\/pages\/344\/revisions"}],"predecessor-version":[{"id":345,"href":"https:\/\/wordpress.nibis.de\/bes\/wp-json\/wp\/v2\/pages\/344\/revisions\/345"}],"up":[{"embeddable":true,"href":"https:\/\/wordpress.nibis.de\/bes\/wp-json\/wp\/v2\/pages\/22"}],"wp:attachment":[{"href":"https:\/\/wordpress.nibis.de\/bes\/wp-json\/wp\/v2\/media?parent=344"}],"curies":[{"name":"wp","href":"https:\/\/api.w.org\/{rel}","templated":true}]}}