{"id":350,"date":"2025-08-06T09:42:21","date_gmt":"2025-08-06T07:42:21","guid":{"rendered":"https:\/\/wordpress.nibis.de\/bes\/?page_id=350"},"modified":"2025-08-06T09:42:21","modified_gmt":"2025-08-06T07:42:21","slug":"sprache-integration-teilzeit","status":"publish","type":"page","link":"https:\/\/wordpress.nibis.de\/bes\/sprachfoerderung\/zeugnisse\/sprache-integration-teilzeit\/","title":{"rendered":"Sprache \/ Integration Teilzeit"},"content":{"rendered":"\n<div class=\"wp-block-columns is-layout-flex wp-container-core-columns-is-layout-abceabcf wp-block-columns-is-layout-flex\">\n<div class=\"wp-block-column is-layout-flow wp-block-column-is-layout-flow\" style=\"--col-width:75%;flex-basis:75%\">\n<p>\u201eIn der Teilzeitklasse f\u00fcr Sch\u00fclerinnen und Sch\u00fcler mit Bedarf an Sprachf\u00f6rderung werden die Sprachkompetenzen der erreichten Sprachniveaustufe nach dem Gemeinsamen Europ\u00e4ischen Referenzrahmen (GER) angegeben.&#8220;&nbsp;<sup>[1]<\/sup><\/p>\n<\/div>\n\n\n\n<div class=\"wp-block-column has-background is-layout-flow wp-block-column-is-layout-flow\" style=\"--col-width:25%;background-color:#eaeaea;flex-basis:25%\">\n<h4 class=\"wp-block-heading\">Materialien<\/h4>\n\n\n\n<div class=\"wp-block-file\"><a id=\"wp-block-file--media-f6905fc6-10f3-4754-9f51-a27583d95512\" href=\"https:\/\/wordpress.nibis.de\/bes\/files\/2025\/08\/Zeugnis_Sprache_Integration_Teilzeit_Sprache.pdf\" target=\"_blank\" rel=\"noreferrer noopener\">Zeugnis<\/a><\/div>\n\n\n\n<div class=\"wp-block-file\"><a id=\"wp-block-file--media-e10b8af4-5ecc-40c4-95c7-5a81d4ce2145\" href=\"https:\/\/wordpress.nibis.de\/bes\/files\/2025\/08\/Zeugnis_Sprache_Integration_Teilzeit_Sprache_Beispiel.pdf\" target=\"_blank\" rel=\"noreferrer noopener\">ausgef\u00fclltes Beispielzeugnis<\/a><\/div>\n\n\n\n<div class=\"wp-block-file\"><a id=\"wp-block-file--media-2a3b4114-b053-4ac4-ba0e-06cd9e898377\" href=\"https:\/\/wordpress.nibis.de\/bes\/files\/2025\/08\/Beobachtungsbogen_Sprachstandsentwicklung.pdf\" target=\"_blank\" rel=\"noreferrer noopener\">Beobachtungsbogen Sprachstandsentwicklung<\/a><\/div>\n<\/div>\n<\/div>\n\n\n\n<hr class=\"wp-block-separator is-style-wide\" \/>\n\n\n\n<p>[1] vgl. 4.4.1.2 EB-BbS<\/p>\n","protected":false},"excerpt":{"rendered":"<p>\u201eIn der Teilzeitklasse f\u00fcr Sch\u00fclerinnen und Sch\u00fcler mit Bedarf an Sprachf\u00f6rderung werden die Sprachkompetenzen der erreichten Sprachniveaustufe nach dem Gemeinsamen Europ\u00e4ischen Referenzrahmen (GER) angegeben.&#8220;&nbsp;[1] Materialien [1] vgl. 4.4.1.2 EB-BbS<\/p>\n","protected":false},"author":9194621,"featured_media":0,"parent":346,"menu_order":1,"comment_status":"closed","ping_status":"closed","template":"","meta":{"footnotes":""},"class_list":["post-350","page","type-page","status-publish","hentry"],"_links":{"self":[{"href":"https:\/\/wordpress.nibis.de\/bes\/wp-json\/wp\/v2\/pages\/350","targetHints":{"allow":["GET"]}}],"collection":[{"href":"https:\/\/wordpress.nibis.de\/bes\/wp-json\/wp\/v2\/pages"}],"about":[{"href":"https:\/\/wordpress.nibis.de\/bes\/wp-json\/wp\/v2\/types\/page"}],"author":[{"embeddable":true,"href":"https:\/\/wordpress.nibis.de\/bes\/wp-json\/wp\/v2\/users\/9194621"}],"replies":[{"embeddable":true,"href":"https:\/\/wordpress.nibis.de\/bes\/wp-json\/wp\/v2\/comments?post=350"}],"version-history":[{"count":1,"href":"https:\/\/wordpress.nibis.de\/bes\/wp-json\/wp\/v2\/pages\/350\/revisions"}],"predecessor-version":[{"id":351,"href":"https:\/\/wordpress.nibis.de\/bes\/wp-json\/wp\/v2\/pages\/350\/revisions\/351"}],"up":[{"embeddable":true,"href":"https:\/\/wordpress.nibis.de\/bes\/wp-json\/wp\/v2\/pages\/346"}],"wp:attachment":[{"href":"https:\/\/wordpress.nibis.de\/bes\/wp-json\/wp\/v2\/media?parent=350"}],"curies":[{"name":"wp","href":"https:\/\/api.w.org\/{rel}","templated":true}]}}