{"id":378,"date":"2025-08-06T11:08:52","date_gmt":"2025-08-06T09:08:52","guid":{"rendered":"https:\/\/wordpress.nibis.de\/bes\/?page_id=378"},"modified":"2025-08-06T11:08:52","modified_gmt":"2025-08-06T09:08:52","slug":"bedarf-an-sonderpaedagogischer-unterstuetzung-foerderschwerpunkte","status":"publish","type":"page","link":"https:\/\/wordpress.nibis.de\/bes\/inklusion\/bedarf-an-sonderpaedagogischer-unterstuetzung-foerderschwerpunkte\/","title":{"rendered":"Bedarf an sonderp\u00e4dagogischer Unterst\u00fctzung -F\u00f6rderschwerpunkte &#8211;"},"content":{"rendered":"\n<p>Bereits vor der Einf\u00fchrung der inklusiven Schule konnten Sch\u00fclerinnen und Sch\u00fcler mit Bedarf an sonderp\u00e4dagogischer Unterst\u00fctzung in den Bereichen \u201eLernen\u201c und \u201eEmotionale und soziale Entwicklung\u201c die Berufseinstiegsschule Klasse 1 (fr\u00fcher BVJ) besuchen.<\/p>\n\n\n\n<p>Die Sch\u00fclerinnen und Sch\u00fcler mit den F\u00f6rderschwerpunkten \u201eH\u00f6ren\u201c, \u201eSehen\u201c und \u201eK\u00f6rperliche und motorische Entwicklung\u201c erf\u00fcllen h\u00e4ufig die Eingangsvoraussetzungen f\u00fcr andere Bildungsg\u00e4nge an den berufsbildenden Schulen, sodass sie nicht zwangsl\u00e4ufig in die Berufseinstiegsschule eingeschult werden.<\/p>\n\n\n\n<p>Sch\u00fclerinnen und Sch\u00fcler mit Bedarf an sonderp\u00e4dagogischer Unterst\u00fctzung im Bereich \u201eGeistige Entwicklung&#8220;, die eine berufliche Qualifizierung durchf\u00fchren, erhielten bereits in der Vergangenheit Berufsschulunterricht. Dieser findet auch weiterhin im Berufsbildungsbereich der besch\u00fctzenden Werkst\u00e4tten und in der theoriereduzierten Ausbildung (\u00a7 66 BBiG) durch Berufsschullehrkr\u00e4fte statt.<\/p>\n\n\n\n<p>Somit wird deutlich, dass die berufsbildenden Schulen schon immer ihre durch Vielfalt gepr\u00e4gte Sch\u00fclerschaft willkommen gehei\u00dfen haben und dadurch auf eine Vielzahl an Erfahrungswerten im Unterricht mit heterogenen Lerngruppen und eine bedarfsorientierte Schulorganisation zur\u00fcckgreifen k\u00f6nnen. Durch die Beschulung von Sch\u00fclerinnen und Sch\u00fclern mit dem Bedarf an sonderp\u00e4dagogischer Unterst\u00fctzung im Bereich \u201eGeistige Entwicklung&#8220; in der Berufseinstiegsschule wird diese Vielfalt seit dem Schuljahr 2018 \/ 2019 verbindlich erweitert.<\/p>\n\n\n\n<p>Erg\u00e4nzende Informationen zum Thema Feststellung eines Bedarfes an sonderp\u00e4dagogischer Unterst\u00fctzung sind\u00a0beigef\u00fcgtem Link\u00a0zu entnehmen.<\/p>\n\n\n\n<hr class=\"wp-block-separator is-style-wide\" \/>\n\n\n\n<h4 class=\"wp-block-heading\">Weiterf\u00fchrender Link<\/h4>\n\n\n\n<p><a href=\"https:\/\/www.mk.niedersachsen.de\/startseite\/schule\/inklusive_schule\/rahmenkonzept_inklusive_schule\/schulentwicklung_und_unterricht\/schulentwicklung-und-unterricht-175282.html\">Link zu weiterf\u00fchrenden Informationen zum Bedarf an sonderp\u00e4dagogischer Unterst\u00fctzung vom Kultusministerium<\/a><\/p>\n","protected":false},"excerpt":{"rendered":"<p>Bereits vor der Einf\u00fchrung der inklusiven Schule konnten Sch\u00fclerinnen und Sch\u00fcler mit Bedarf an sonderp\u00e4dagogischer Unterst\u00fctzung in den Bereichen \u201eLernen\u201c und \u201eEmotionale und soziale Entwicklung\u201c die Berufseinstiegsschule Klasse 1 (fr\u00fcher BVJ) besuchen. Die Sch\u00fclerinnen und Sch\u00fcler mit den F\u00f6rderschwerpunkten \u201eH\u00f6ren\u201c, \u201eSehen\u201c und \u201eK\u00f6rperliche und motorische Entwicklung\u201c erf\u00fcllen h\u00e4ufig die Eingangsvoraussetzungen f\u00fcr andere Bildungsg\u00e4nge an den &hellip; <a href=\"https:\/\/wordpress.nibis.de\/bes\/inklusion\/bedarf-an-sonderpaedagogischer-unterstuetzung-foerderschwerpunkte\/\" class=\"more-link\"><span class=\"screen-reader-text\">Bedarf an sonderp\u00e4dagogischer Unterst\u00fctzung -F\u00f6rderschwerpunkte &#8211;<\/span> weiterlesen <span class=\"meta-nav\">&rarr;<\/span><\/a><\/p>\n","protected":false},"author":9194621,"featured_media":0,"parent":23,"menu_order":1,"comment_status":"closed","ping_status":"closed","template":"","meta":{"footnotes":""},"class_list":["post-378","page","type-page","status-publish","hentry"],"_links":{"self":[{"href":"https:\/\/wordpress.nibis.de\/bes\/wp-json\/wp\/v2\/pages\/378","targetHints":{"allow":["GET"]}}],"collection":[{"href":"https:\/\/wordpress.nibis.de\/bes\/wp-json\/wp\/v2\/pages"}],"about":[{"href":"https:\/\/wordpress.nibis.de\/bes\/wp-json\/wp\/v2\/types\/page"}],"author":[{"embeddable":true,"href":"https:\/\/wordpress.nibis.de\/bes\/wp-json\/wp\/v2\/users\/9194621"}],"replies":[{"embeddable":true,"href":"https:\/\/wordpress.nibis.de\/bes\/wp-json\/wp\/v2\/comments?post=378"}],"version-history":[{"count":1,"href":"https:\/\/wordpress.nibis.de\/bes\/wp-json\/wp\/v2\/pages\/378\/revisions"}],"predecessor-version":[{"id":379,"href":"https:\/\/wordpress.nibis.de\/bes\/wp-json\/wp\/v2\/pages\/378\/revisions\/379"}],"up":[{"embeddable":true,"href":"https:\/\/wordpress.nibis.de\/bes\/wp-json\/wp\/v2\/pages\/23"}],"wp:attachment":[{"href":"https:\/\/wordpress.nibis.de\/bes\/wp-json\/wp\/v2\/media?parent=378"}],"curies":[{"name":"wp","href":"https:\/\/api.w.org\/{rel}","templated":true}]}}