{"id":386,"date":"2025-08-06T11:19:08","date_gmt":"2025-08-06T09:19:08","guid":{"rendered":"https:\/\/wordpress.nibis.de\/bes\/?page_id=386"},"modified":"2025-08-06T11:19:08","modified_gmt":"2025-08-06T09:19:08","slug":"kooperation-und-arbeit-in-multiprofessionellen-teams-in-der-berufseinstiegsschule","status":"publish","type":"page","link":"https:\/\/wordpress.nibis.de\/bes\/inklusion\/kooperation-und-arbeit-in-multiprofessionellen-teams-in-der-berufseinstiegsschule\/","title":{"rendered":"Kooperation und Arbeit in multiprofessionellen Teams in der Berufseinstiegsschule"},"content":{"rendered":"\n<div class=\"wp-block-columns is-layout-flex wp-container-core-columns-is-layout-abceabcf wp-block-columns-is-layout-flex\">\n<div class=\"wp-block-column is-layout-flow wp-block-column-is-layout-flow\" style=\"--col-width:75%;flex-basis:75%\">\n<p>Die Kooperation zwischen Lehrkr\u00e4ften ist ein wesentlicher Aspekt, an dem das Gelingen schulischer Inklusion festgemacht werden kann. Zunehmend an Bedeutung gewinnt in diesem Zusammenhang auch die Zusammenarbeit mit weiteren Berufsgruppen, wie z. B. Schulbegleitungen, sozialp\u00e4dagogischen Fachkr\u00e4ften, Beratungslehrkr\u00e4ften sowie den Erziehungsberechtigten.<\/p>\n\n\n\n<p>Ziel muss es immer sein, die verf\u00fcgbaren Ressourcen bestm\u00f6glich zu nutzen, gemeinsame L\u00f6sungen zu entwickeln und Verantwortung zu teilen.<\/p>\n\n\n\n<p>Es braucht verl\u00e4sslich und kontinuierlich arbeitende Teams. Die verschiedenen Professionen innerhalb des Teams m\u00fcssen sich mit ihren unterschiedlichen St\u00e4rken und Ressourcen kennen lernen und sie m\u00fcssen gemeinsame Arbeits- und Austauschformate entwickeln k\u00f6nnen. Diese m\u00fcssen zur Routine werden, damit die Effektivit\u00e4t und die Qualit\u00e4t der gemeinsamen Arbeit sichergestellt werden kann. Um diese Kontinuit\u00e4t und diese f\u00f6rderlichen Bedingungen f\u00fcr gelingende Kooperationen zu etablieren, bedarf es einer Schulentwicklung, die alle an Schule beteiligten Personen einbezieht, um gemeinsam die Kultur, die Strukturen und die Praktiken zu verhandeln und entwickeln zu k\u00f6nnen.<\/p>\n\n\n\n<p>Damit schulische Inklusion gelingt, ist ein hohes Ma\u00df an kollegialer Kooperation notwendig.<br>Die Kooperation muss sich nicht nur in der gesamten Schulentwicklung, sondern auch im gemeinsamen Unterricht widerspiegeln. In diesem Zusammenhang geht es nicht nur um den gemeinsamen Austausch, eine Arbeitsteilung oder das gemeinsame Entwickeln von L\u00f6sungen. Hier geht es auch ganz konkret um das gemeinsame Planen und Durchf\u00fchren von Unterricht.<\/p>\n\n\n\n<p>Die Methodik und die Didaktik eines gemeinsamen Unterrichts sowie die Kooperation wird erg\u00e4nzt durch das gemeinsame p\u00e4dagogische Handeln.<\/p>\n\n\n\n<p>Die Beziehung zu den Sch\u00fclerinnen und Sch\u00fclern wird aufgebaut, aufkommende Handlungsbedarfe und individuelle Bed\u00fcrfnisse werden so zeitnah und umfassend begleitet. Auch die Unterrichtsinhalte und Unterrichtsmaterialien m\u00fcssen den individuellen Entwicklungsst\u00e4nden Rechnung tragen. Materialien m\u00fcssen ver\u00e4ndert und entwickelt und Lerninhalte angepasst werden.<\/p>\n\n\n\n<p>Sch\u00fclerinnen und Sch\u00fcler mit einem Bedarf an sonderp\u00e4dagogischer Unterst\u00fctzung im Bereich Geistige Entwicklung sind in einem besonderen Ma\u00dfe auf einen Lern- und Handlungsrahmen angewiesen, der durch Struktur und Verl\u00e4sslichkeit gekennzeichnet ist<\/p>\n\n\n\n<p>Elternsprechtage, F\u00f6rderplangespr\u00e4che, Gespr\u00e4che mit au\u00dferschulischen Unterst\u00fctzern und der Reha-Beratung der Agentur f\u00fcr Arbeit unterst\u00fctzen die auf die einzelne Sch\u00fclerin und den einzelnen Sch\u00fcler abgestimmten notwendigen Ma\u00dfnahmen.<\/p>\n<\/div>\n\n\n\n<div class=\"wp-block-column has-background is-layout-flow wp-block-column-is-layout-flow\" style=\"--col-width:25%;background-color:#eaeaea;flex-basis:25%\">\n<h4 class=\"wp-block-heading\">Materialien<\/h4>\n\n\n\n<div class=\"wp-block-file\"><a id=\"wp-block-file--media-05f65dae-8e6d-426b-9eba-c4c562d15c33\" href=\"https:\/\/wordpress.nibis.de\/bes\/files\/2025\/08\/Material_Handlungsoptionen_inklusive_BBS_2017.pdf\" target=\"_blank\" rel=\"noreferrer noopener\">Handlungsoptionen f\u00fcr die inklusive berufsbildende Schule<\/a><\/div>\n\n\n\n<div class=\"wp-block-file\"><a id=\"wp-block-file--media-a820840c-3bf5-4d61-b6b4-f45d7d13e882\" href=\"https:\/\/wordpress.nibis.de\/bes\/files\/2025\/08\/Handlungsleitfaden_multiprofessionelle_Zusammenarbeit.pdf\" target=\"_blank\" rel=\"noreferrer noopener\">Handlungsleitfaden multiprofessionelle Zusammenarbeit<\/a><\/div>\n<\/div>\n<\/div>\n","protected":false},"excerpt":{"rendered":"<p>Die Kooperation zwischen Lehrkr\u00e4ften ist ein wesentlicher Aspekt, an dem das Gelingen schulischer Inklusion festgemacht werden kann. Zunehmend an Bedeutung gewinnt in diesem Zusammenhang auch die Zusammenarbeit mit weiteren Berufsgruppen, wie z. B. Schulbegleitungen, sozialp\u00e4dagogischen Fachkr\u00e4ften, Beratungslehrkr\u00e4ften sowie den Erziehungsberechtigten. Ziel muss es immer sein, die verf\u00fcgbaren Ressourcen bestm\u00f6glich zu nutzen, gemeinsame L\u00f6sungen zu entwickeln &hellip; <a href=\"https:\/\/wordpress.nibis.de\/bes\/inklusion\/kooperation-und-arbeit-in-multiprofessionellen-teams-in-der-berufseinstiegsschule\/\" class=\"more-link\"><span class=\"screen-reader-text\">Kooperation und Arbeit in multiprofessionellen Teams in der Berufseinstiegsschule<\/span> weiterlesen <span class=\"meta-nav\">&rarr;<\/span><\/a><\/p>\n","protected":false},"author":9194621,"featured_media":0,"parent":23,"menu_order":1,"comment_status":"closed","ping_status":"closed","template":"","meta":{"footnotes":""},"class_list":["post-386","page","type-page","status-publish","hentry"],"_links":{"self":[{"href":"https:\/\/wordpress.nibis.de\/bes\/wp-json\/wp\/v2\/pages\/386","targetHints":{"allow":["GET"]}}],"collection":[{"href":"https:\/\/wordpress.nibis.de\/bes\/wp-json\/wp\/v2\/pages"}],"about":[{"href":"https:\/\/wordpress.nibis.de\/bes\/wp-json\/wp\/v2\/types\/page"}],"author":[{"embeddable":true,"href":"https:\/\/wordpress.nibis.de\/bes\/wp-json\/wp\/v2\/users\/9194621"}],"replies":[{"embeddable":true,"href":"https:\/\/wordpress.nibis.de\/bes\/wp-json\/wp\/v2\/comments?post=386"}],"version-history":[{"count":1,"href":"https:\/\/wordpress.nibis.de\/bes\/wp-json\/wp\/v2\/pages\/386\/revisions"}],"predecessor-version":[{"id":387,"href":"https:\/\/wordpress.nibis.de\/bes\/wp-json\/wp\/v2\/pages\/386\/revisions\/387"}],"up":[{"embeddable":true,"href":"https:\/\/wordpress.nibis.de\/bes\/wp-json\/wp\/v2\/pages\/23"}],"wp:attachment":[{"href":"https:\/\/wordpress.nibis.de\/bes\/wp-json\/wp\/v2\/media?parent=386"}],"curies":[{"name":"wp","href":"https:\/\/api.w.org\/{rel}","templated":true}]}}