{"id":392,"date":"2025-08-06T11:41:33","date_gmt":"2025-08-06T09:41:33","guid":{"rendered":"https:\/\/wordpress.nibis.de\/bes\/?page_id=392"},"modified":"2025-08-06T11:41:33","modified_gmt":"2025-08-06T09:41:33","slug":"anschlussperspektiven","status":"publish","type":"page","link":"https:\/\/wordpress.nibis.de\/bes\/inklusion\/anschlussperspektiven\/","title":{"rendered":"Anschlussperspektiven"},"content":{"rendered":"\n<p>Im Anschluss an die Klasse 1 kann bei entsprechenden Voraussetzungen die Berufseinstiegsschule Klasse Sprache\/Integration Teilzeit besucht werden. Das Ziel dieses Bildungsganges ist die individuelle F\u00f6rderung von Sch\u00fclerinnen und Sch\u00fclern mit Bedarf an Sprachf\u00f6rderung bzw. sonderp\u00e4dagogischer Unterst\u00fctzung.<\/p>\n\n\n\n<p>Die Ausgestaltung der Unterrichtsmodule im berufs\u00fcbergreifenden Lernbereich erfolgt kompetenzorientiert und damit auch binnendifferenziert.<\/p>\n\n\n\n<p>Die Qualifizierung im berufsbezogenen Lernbereich wird dagegen im Rahmen der Einstiegsqualifizierung (EQ) nach \u00a7 17 Abs. 3 NSchG durchgef\u00fchrt. Besteht ein Bedarf an sonderp\u00e4dagogischer Unterst\u00fctzung im F\u00f6rderschwerpunkt Geistige Entwicklung, so kann an Stelle einer gef\u00f6rderten EQ-Ma\u00dfnahme die Qualifizierung im berufsbezogenen Lernbereich auch im Rahmen eines unterrichtsbegleitenden Betriebspraktikums durchgef\u00fchrt werden (vgl. 4.4.1.1 EB-BbS).<\/p>\n\n\n\n<p>Um eine individuelle F\u00f6rderung zu erm\u00f6glichen, wird f\u00fcr jede Sch\u00fclerin und jeden Sch\u00fcler mit Bedarf an sonderp\u00e4dagogischer Unterst\u00fctzung ein F\u00f6rderplan erstellt. Aufgrund des erh\u00f6hten Betreuungsbedarfs steht der Schule ein w\u00f6chentliches Budget von zus\u00e4tzlich drei Wochenstunden zur Verf\u00fcgung.<\/p>\n\n\n\n<p>Im Anschluss k\u00f6nnen sie z. B. die theoriereduzierte Ausbildung zur Fachpraktikerin bzw. zum Fachpraktiker (\u00a7 66 BBiG\/\u00a7 42r HwO) absolvieren, oder am Unterricht im Berufsbildungsbereich der Werkst\u00e4tten f\u00fcr behinderte Menschen (WfbM) teilnehmen.<\/p>\n","protected":false},"excerpt":{"rendered":"<p>Im Anschluss an die Klasse 1 kann bei entsprechenden Voraussetzungen die Berufseinstiegsschule Klasse Sprache\/Integration Teilzeit besucht werden. Das Ziel dieses Bildungsganges ist die individuelle F\u00f6rderung von Sch\u00fclerinnen und Sch\u00fclern mit Bedarf an Sprachf\u00f6rderung bzw. sonderp\u00e4dagogischer Unterst\u00fctzung. Die Ausgestaltung der Unterrichtsmodule im berufs\u00fcbergreifenden Lernbereich erfolgt kompetenzorientiert und damit auch binnendifferenziert. Die Qualifizierung im berufsbezogenen Lernbereich wird &hellip; <a href=\"https:\/\/wordpress.nibis.de\/bes\/inklusion\/anschlussperspektiven\/\" class=\"more-link\"><span class=\"screen-reader-text\">Anschlussperspektiven<\/span> weiterlesen <span class=\"meta-nav\">&rarr;<\/span><\/a><\/p>\n","protected":false},"author":9194621,"featured_media":0,"parent":23,"menu_order":1,"comment_status":"closed","ping_status":"closed","template":"","meta":{"footnotes":""},"class_list":["post-392","page","type-page","status-publish","hentry"],"_links":{"self":[{"href":"https:\/\/wordpress.nibis.de\/bes\/wp-json\/wp\/v2\/pages\/392","targetHints":{"allow":["GET"]}}],"collection":[{"href":"https:\/\/wordpress.nibis.de\/bes\/wp-json\/wp\/v2\/pages"}],"about":[{"href":"https:\/\/wordpress.nibis.de\/bes\/wp-json\/wp\/v2\/types\/page"}],"author":[{"embeddable":true,"href":"https:\/\/wordpress.nibis.de\/bes\/wp-json\/wp\/v2\/users\/9194621"}],"replies":[{"embeddable":true,"href":"https:\/\/wordpress.nibis.de\/bes\/wp-json\/wp\/v2\/comments?post=392"}],"version-history":[{"count":1,"href":"https:\/\/wordpress.nibis.de\/bes\/wp-json\/wp\/v2\/pages\/392\/revisions"}],"predecessor-version":[{"id":393,"href":"https:\/\/wordpress.nibis.de\/bes\/wp-json\/wp\/v2\/pages\/392\/revisions\/393"}],"up":[{"embeddable":true,"href":"https:\/\/wordpress.nibis.de\/bes\/wp-json\/wp\/v2\/pages\/23"}],"wp:attachment":[{"href":"https:\/\/wordpress.nibis.de\/bes\/wp-json\/wp\/v2\/media?parent=392"}],"curies":[{"name":"wp","href":"https:\/\/api.w.org\/{rel}","templated":true}]}}