{"id":394,"date":"2025-08-06T11:44:12","date_gmt":"2025-08-06T09:44:12","guid":{"rendered":"https:\/\/wordpress.nibis.de\/bes\/?page_id=394"},"modified":"2025-08-06T11:44:12","modified_gmt":"2025-08-06T09:44:12","slug":"werkstatt-fuer-behinderte-menschen","status":"publish","type":"page","link":"https:\/\/wordpress.nibis.de\/bes\/inklusion\/werkstatt-fuer-behinderte-menschen\/","title":{"rendered":"Werkstatt f\u00fcr behinderte Menschen"},"content":{"rendered":"\n<div class=\"wp-block-columns is-layout-flex wp-container-core-columns-is-layout-abceabcf wp-block-columns-is-layout-flex\">\n<div class=\"wp-block-column is-layout-flow wp-block-column-is-layout-flow\" style=\"--col-width:75%;flex-basis:75%\">\n<p>Eine Werkstatt f\u00fcr Menschen mit Behinderungen (formal: \u201eWerkstatt f\u00fcr behinderte Menschen (WfbM)\u201c) ist in Deutschland eine Einrichtung zur Teilhabe von Menschen mit Behinderung am Arbeitsleben.<br>Das Spektrum der Behinderungsformen reicht von isolierten motorischen, sprachlichen oder geistigen Beeintr\u00e4chtigungen bis hin zu kombinierten Formen, so dass die Notwendigkeit eines differenzierten Angebotes besteht.<br>Aufnahme in eine WfbM findet, wer eine Erwerbsminderung hat und weniger als drei Stunden t\u00e4glich einer T\u00e4tigkeit nachkommen kann. Ebenfalls k\u00f6nnen Personen in eine WfbM aufgenommen werden, die wegen ihrer k\u00f6rperlichen, geistigen oder psychischen Beeintr\u00e4chtigungen oder Besonderheiten nicht, noch nicht oder noch nicht wieder auf dem allgemeinen Arbeitsmarkt erwerbst\u00e4tig werden k\u00f6nnen.<br>Im nieders\u00e4chsischen Bildungssystem besteht f\u00fcr Sch\u00fclerinnen und Sch\u00fcler, die im Berufsbildungsbereich (BBB) einer Werkstatt f\u00fcr behinderte Menschen qualifiziert werden, die M\u00f6glichkeit die Berufsschule zu besuchen. Aktuell sind in Niedersachsen an vielen Berufsschulen entsprechende Klassen eingerichtet.<\/p>\n<\/div>\n\n\n\n<div class=\"wp-block-column has-background is-layout-flow wp-block-column-is-layout-flow\" style=\"--col-width:25%;background-color:#eaeaea;flex-basis:25%\">\n<h4 class=\"wp-block-heading\">Materialien<\/h4>\n\n\n\n<div class=\"wp-block-file\"><a id=\"wp-block-file--media-568231b4-6bb8-466b-8464-5899963e7d3a\" href=\"https:\/\/wordpress.nibis.de\/bes\/files\/2025\/08\/Material_Werkstatt_fuer_behinderte_Menschen_2019.pdf\" target=\"_blank\" rel=\"noreferrer noopener\">Handlungsoptionen f\u00fcr den Unterricht im Berufsbildungsbereich der Werkst\u00e4tten f\u00fcr behinderte Menschen<\/a><\/div>\n<\/div>\n<\/div>\n","protected":false},"excerpt":{"rendered":"<p>Eine Werkstatt f\u00fcr Menschen mit Behinderungen (formal: \u201eWerkstatt f\u00fcr behinderte Menschen (WfbM)\u201c) ist in Deutschland eine Einrichtung zur Teilhabe von Menschen mit Behinderung am Arbeitsleben.Das Spektrum der Behinderungsformen reicht von isolierten motorischen, sprachlichen oder geistigen Beeintr\u00e4chtigungen bis hin zu kombinierten Formen, so dass die Notwendigkeit eines differenzierten Angebotes besteht.Aufnahme in eine WfbM findet, wer eine &hellip; <a href=\"https:\/\/wordpress.nibis.de\/bes\/inklusion\/werkstatt-fuer-behinderte-menschen\/\" class=\"more-link\"><span class=\"screen-reader-text\">Werkstatt f\u00fcr behinderte Menschen<\/span> weiterlesen <span class=\"meta-nav\">&rarr;<\/span><\/a><\/p>\n","protected":false},"author":9194621,"featured_media":0,"parent":23,"menu_order":1,"comment_status":"closed","ping_status":"closed","template":"","meta":{"footnotes":""},"class_list":["post-394","page","type-page","status-publish","hentry"],"_links":{"self":[{"href":"https:\/\/wordpress.nibis.de\/bes\/wp-json\/wp\/v2\/pages\/394","targetHints":{"allow":["GET"]}}],"collection":[{"href":"https:\/\/wordpress.nibis.de\/bes\/wp-json\/wp\/v2\/pages"}],"about":[{"href":"https:\/\/wordpress.nibis.de\/bes\/wp-json\/wp\/v2\/types\/page"}],"author":[{"embeddable":true,"href":"https:\/\/wordpress.nibis.de\/bes\/wp-json\/wp\/v2\/users\/9194621"}],"replies":[{"embeddable":true,"href":"https:\/\/wordpress.nibis.de\/bes\/wp-json\/wp\/v2\/comments?post=394"}],"version-history":[{"count":1,"href":"https:\/\/wordpress.nibis.de\/bes\/wp-json\/wp\/v2\/pages\/394\/revisions"}],"predecessor-version":[{"id":395,"href":"https:\/\/wordpress.nibis.de\/bes\/wp-json\/wp\/v2\/pages\/394\/revisions\/395"}],"up":[{"embeddable":true,"href":"https:\/\/wordpress.nibis.de\/bes\/wp-json\/wp\/v2\/pages\/23"}],"wp:attachment":[{"href":"https:\/\/wordpress.nibis.de\/bes\/wp-json\/wp\/v2\/media?parent=394"}],"curies":[{"name":"wp","href":"https:\/\/api.w.org\/{rel}","templated":true}]}}