{"id":421,"date":"2025-08-06T11:57:46","date_gmt":"2025-08-06T09:57:46","guid":{"rendered":"https:\/\/wordpress.nibis.de\/bes\/?page_id=421"},"modified":"2025-08-06T11:57:46","modified_gmt":"2025-08-06T09:57:46","slug":"ziele-des-praktikums","status":"publish","type":"page","link":"https:\/\/wordpress.nibis.de\/bes\/praktikum\/ziele-des-praktikums\/","title":{"rendered":"Ziele des Praktikums"},"content":{"rendered":"\n<p>Das Betriebspraktikum tr\u00e4gt wesentlich zur F\u00f6rderung der Ausbildungsreife bei. Die in den Rahmenrichtlinien vorgegebenen Handlungskompetenzen werden bei der T\u00e4tigkeit im Betrieb auf besondere Weise gef\u00f6rdert, denn die Sch\u00fclerinnen und Sch\u00fcler sehen sich mit realen beruflichen Handlungen und mit den qualitativen Anspr\u00fcchen des ersten Arbeitsmarktes konfrontiert.<\/p>\n\n\n\n<p>Berufsw\u00fcnsche und Vorstellungen sollen auch in Bezug auf die Qualifizierungsbausteine reflektiert und in weiteren Beratungsgespr\u00e4chen gefestigt werden. Erfahrungen im Betrieb f\u00f6rdern den Prozess der Berufsorientierung, -findung und -entscheidung.<\/p>\n\n\n\n<p>Das Betriebspraktikum soll helfen, berufliche Handlungskompetenzen konkret werden zu lassen, so z. B.:<\/p>\n\n\n\n<ul class=\"wp-block-list\"><li>sich in einem Betrieb bewerben,<\/li><li>betriebliche Organisationsstrukturen erfassen,<\/li><li>die Bedeutung von P\u00fcnktlichkeit und Verl\u00e4sslichkeit im Kontext beruflicher Abl\u00e4ufe verstehen,<\/li><li>Verantwortung \u00fcbernehmen,<\/li><li>Teamarbeit gestalten,<\/li><li>Anforderungen an die Aus\u00fcbung eines Berufes, (z. B. Feinmotorik, Durchhalteverm\u00f6gen, r\u00e4umliches Denken,<\/li><li>gesundheitliche Eignung) erkennen und\/oder<\/li><li>Ausbildung in einem Betrieb kennen lernen.<\/li><\/ul>\n","protected":false},"excerpt":{"rendered":"<p>Das Betriebspraktikum tr\u00e4gt wesentlich zur F\u00f6rderung der Ausbildungsreife bei. Die in den Rahmenrichtlinien vorgegebenen Handlungskompetenzen werden bei der T\u00e4tigkeit im Betrieb auf besondere Weise gef\u00f6rdert, denn die Sch\u00fclerinnen und Sch\u00fcler sehen sich mit realen beruflichen Handlungen und mit den qualitativen Anspr\u00fcchen des ersten Arbeitsmarktes konfrontiert. Berufsw\u00fcnsche und Vorstellungen sollen auch in Bezug auf die Qualifizierungsbausteine &hellip; <a href=\"https:\/\/wordpress.nibis.de\/bes\/praktikum\/ziele-des-praktikums\/\" class=\"more-link\"><span class=\"screen-reader-text\">Ziele des Praktikums<\/span> weiterlesen <span class=\"meta-nav\">&rarr;<\/span><\/a><\/p>\n","protected":false},"author":9194621,"featured_media":0,"parent":24,"menu_order":1,"comment_status":"closed","ping_status":"closed","template":"","meta":{"footnotes":""},"class_list":["post-421","page","type-page","status-publish","hentry"],"_links":{"self":[{"href":"https:\/\/wordpress.nibis.de\/bes\/wp-json\/wp\/v2\/pages\/421","targetHints":{"allow":["GET"]}}],"collection":[{"href":"https:\/\/wordpress.nibis.de\/bes\/wp-json\/wp\/v2\/pages"}],"about":[{"href":"https:\/\/wordpress.nibis.de\/bes\/wp-json\/wp\/v2\/types\/page"}],"author":[{"embeddable":true,"href":"https:\/\/wordpress.nibis.de\/bes\/wp-json\/wp\/v2\/users\/9194621"}],"replies":[{"embeddable":true,"href":"https:\/\/wordpress.nibis.de\/bes\/wp-json\/wp\/v2\/comments?post=421"}],"version-history":[{"count":1,"href":"https:\/\/wordpress.nibis.de\/bes\/wp-json\/wp\/v2\/pages\/421\/revisions"}],"predecessor-version":[{"id":422,"href":"https:\/\/wordpress.nibis.de\/bes\/wp-json\/wp\/v2\/pages\/421\/revisions\/422"}],"up":[{"embeddable":true,"href":"https:\/\/wordpress.nibis.de\/bes\/wp-json\/wp\/v2\/pages\/24"}],"wp:attachment":[{"href":"https:\/\/wordpress.nibis.de\/bes\/wp-json\/wp\/v2\/media?parent=421"}],"curies":[{"name":"wp","href":"https:\/\/api.w.org\/{rel}","templated":true}]}}