{"id":423,"date":"2025-08-06T11:59:38","date_gmt":"2025-08-06T09:59:38","guid":{"rendered":"https:\/\/wordpress.nibis.de\/bes\/?page_id=423"},"modified":"2025-08-06T11:59:38","modified_gmt":"2025-08-06T09:59:38","slug":"organisation-und-durchfuehrung","status":"publish","type":"page","link":"https:\/\/wordpress.nibis.de\/bes\/praktikum\/organisation-und-durchfuehrung\/","title":{"rendered":"Organisation und Durchf\u00fchrung"},"content":{"rendered":"\n<p>Die Organisation des Betriebspraktikums ist Aufgabe der Schule. Die zeitliche Organisation des Betriebspraktikums kann nach unterschiedlichen Modellen erfolgen (z. B. 4 Wochen, 2 x 2 Wochen, 1 Tag in der Woche).<\/p>\n\n\n\n<p>Bei der Auswahl des Praktikumsbetriebes sollte vorrangig die Berufswahleignung f\u00fcr die Sch\u00fclerinnen und Sch\u00fcler ber\u00fccksichtigt werden. Speziell das Betriebspraktikum bietet h\u00e4ufig die Chance, einen Ausbildungs- oder Arbeitsplatz zu erhalten. Berufsfeldspezifische, saisonale und regionale Besonderheiten sind bei der Planung und Durchf\u00fchrung zu ber\u00fccksichtigen.<\/p>\n\n\n\n<p>Um die Selbstst\u00e4ndigkeit der Sch\u00fclerinnen und Sch\u00fcler zu f\u00f6rdern, sollte der Praktikumsplatz eigenst\u00e4ndig gesucht werden. Das Betriebspraktikum soll so angelegt werden, dass die beteiligten Lehrkr\u00e4fte die M\u00f6glichkeit haben, die Sch\u00fclerinnen und Sch\u00fcler im betrieblichen Umfeld zu beobachten, um sie dadurch besser beurteilen und f\u00f6rdern zu k\u00f6nnen.<\/p>\n\n\n\n<p>Das zust\u00e4ndige Bildungsgangs- oder Klassenteam entscheidet in einer Konferenz, wie bzw. in welchem Rahmen die Leistungen des Betriebspraktikums ber\u00fccksichtigt werden. Die praktischen Inhalte von Qualifizierungsbausteinen k\u00f6nnen ganz oder teilweise in qualifizierten au\u00dferschulischen Einrichtungen als praktische Ausbildung vermittelt werden.<\/p>\n\n\n\n<p>Im Zuge der inklusiven Beschulung ist eine intensive Berufsorientierung f\u00fcr Sch\u00fclerinnen und Sch\u00fcler mit Bedarf an sonderp\u00e4dagogischer Unterst\u00fctzung empfehlenswert. In Klasse 1 ist es deshalb auch m\u00f6glich, im Einzelfall zus\u00e4tzliche Praktika durchzuf\u00fchren. Einem bis dahin beruflich noch nicht orientierten Jugendlichen k\u00f6nnen z. B. \u00fcber mehrere Praktika in unterschiedlichen Berufen gute Einblicke in verschiedene Berufe erm\u00f6glicht werden. Auch Praktika in besch\u00fctzenden Einrichtungen k\u00f6nnen sinnvoll sein.<\/p>\n\n\n\n<h2 class=\"wp-block-heading\">Zeitr\u00e4ume und Budget<\/h2>\n\n\n\n<p>In der Klasse 1 soll ein Betriebspraktikum von zwei bis vier Wochen durchgef\u00fchrt werden. Bei der Budgetzuweisung (Faktorenbogen) ist das Praktikum lediglich mit einer Woche ber\u00fccksichtigt. Dadurch wird bei einem vierw\u00f6chigen Betriebspraktikum das Budget von drei Unterrichtswochen pro Klasse erwirtschaftet. Dieses Budget soll den unterrichtenden Lehrkr\u00e4ften f\u00fcr den erh\u00f6hten p\u00e4dagogischen Aufwand bei der Praktikumsplatzsuche, der Vorbereitung und Nachbereitung des Praktikums und der Unterst\u00fctzung beim \u00dcbergang in Ausbildung und Beruf zur Verf\u00fcgung gestellt werden. In der Klasse Sprache und Integration Vollzeit wird empfohlen, sich an dieser Vorgabe zu orientieren.<\/p>\n\n\n\n<p>In der Klasse 2 wird ein vierw\u00f6chiges Betriebspraktikum von 160 Zeitstunden durchgef\u00fchrt. Im Klassenbudget ist dies mit drei Wochen ber\u00fccksichtigt.<\/p>\n\n\n\n<h2 class=\"wp-block-heading\">Aufsichtspflicht<\/h2>\n\n\n\n<p>Das Betriebspraktikum in der Berufseinstiegsklasse ist eine Schulveranstaltung, d. h. die Sch\u00fclerinnen und Sch\u00fcler sind f\u00fcr die Dauer des Praktikums \u00fcber die Schule bzw. den Gemeindeunfallversicherungsverband (GUV) versichert, wenn folgende Voraussetzungen erf\u00fcllt sind:<\/p>\n\n\n\n<ul class=\"wp-block-list\"><li>Es muss eine f\u00fcr die Praktikumsbetreuung verantwortliche Lehrkraft benannt sein.<\/li><li>Ein\/e Vertreter\/in der Schule muss w\u00e4hrend der Praktikumsarbeitszeit erreichbar sein.<\/li><\/ul>\n\n\n\n<p>Immer dann, wenn es sich nachweisbar um eine genehmigte Schulveranstaltung handelt, sind Sch\u00fclerinnen und Sch\u00fcler entsprechend versichert. Dies gilt z. B. f\u00fcr Klassenfahrten, den Besuch von Veranstaltungen, Praktika, einzelfallbezogene F\u00f6rderma\u00dfnahmen (\u00a7 69 Abs. 4 NSchG). Als Nachweis gen\u00fcgt ein Vermerk im Klassenbuch oder f\u00fcr die einzelfallbezogene F\u00f6rderung ein F\u00f6rderplan.<\/p>\n\n\n\n<p>Auch Jugendliche, die im Rahmen von Unterricht eigenverantwortlich einen Arbeitsauftrag ausf\u00fchren (z. B. Preisvergleiche in Gesch\u00e4ften oder Betriebserkundungen), unterliegen dem Versicherungsschutz der GUV.<\/p>\n\n\n\n<p>Voraussetzung ist allerdings immer, dass die Lehrkraft die Schulveranstaltung verantwortungsbewusst vorbereitet, beaufsichtigt bzw. erreichbar ist.<\/p>\n\n\n\n<p>In Ferienzeiten sind Sch\u00fclerinnen und Sch\u00fcler nicht durch den GUV versichert. W\u00e4hrend dieser Zeiten ist der Praktikumsbetrieb f\u00fcr die Versicherung der Praktikantinnen und Praktikanten verantwortlich.<\/p>\n\n\n\n<h2 class=\"wp-block-heading\">Arbeitszeiten<\/h2>\n\n\n\n<p>Die Arbeitszeiten der Sch\u00fclerinnen und Sch\u00fcler sollten denen des Betriebes angepasst sein, wobei das Jugendarbeitsschutzgesetz bei Minderj\u00e4hrigen einzuhalten ist.<\/p>\n","protected":false},"excerpt":{"rendered":"<p>Die Organisation des Betriebspraktikums ist Aufgabe der Schule. Die zeitliche Organisation des Betriebspraktikums kann nach unterschiedlichen Modellen erfolgen (z. B. 4 Wochen, 2 x 2 Wochen, 1 Tag in der Woche). Bei der Auswahl des Praktikumsbetriebes sollte vorrangig die Berufswahleignung f\u00fcr die Sch\u00fclerinnen und Sch\u00fcler ber\u00fccksichtigt werden. Speziell das Betriebspraktikum bietet h\u00e4ufig die Chance, einen &hellip; <a href=\"https:\/\/wordpress.nibis.de\/bes\/praktikum\/organisation-und-durchfuehrung\/\" class=\"more-link\"><span class=\"screen-reader-text\">Organisation und Durchf\u00fchrung<\/span> weiterlesen <span class=\"meta-nav\">&rarr;<\/span><\/a><\/p>\n","protected":false},"author":9194621,"featured_media":0,"parent":24,"menu_order":1,"comment_status":"closed","ping_status":"closed","template":"","meta":{"footnotes":""},"class_list":["post-423","page","type-page","status-publish","hentry"],"_links":{"self":[{"href":"https:\/\/wordpress.nibis.de\/bes\/wp-json\/wp\/v2\/pages\/423","targetHints":{"allow":["GET"]}}],"collection":[{"href":"https:\/\/wordpress.nibis.de\/bes\/wp-json\/wp\/v2\/pages"}],"about":[{"href":"https:\/\/wordpress.nibis.de\/bes\/wp-json\/wp\/v2\/types\/page"}],"author":[{"embeddable":true,"href":"https:\/\/wordpress.nibis.de\/bes\/wp-json\/wp\/v2\/users\/9194621"}],"replies":[{"embeddable":true,"href":"https:\/\/wordpress.nibis.de\/bes\/wp-json\/wp\/v2\/comments?post=423"}],"version-history":[{"count":1,"href":"https:\/\/wordpress.nibis.de\/bes\/wp-json\/wp\/v2\/pages\/423\/revisions"}],"predecessor-version":[{"id":424,"href":"https:\/\/wordpress.nibis.de\/bes\/wp-json\/wp\/v2\/pages\/423\/revisions\/424"}],"up":[{"embeddable":true,"href":"https:\/\/wordpress.nibis.de\/bes\/wp-json\/wp\/v2\/pages\/24"}],"wp:attachment":[{"href":"https:\/\/wordpress.nibis.de\/bes\/wp-json\/wp\/v2\/media?parent=423"}],"curies":[{"name":"wp","href":"https:\/\/api.w.org\/{rel}","templated":true}]}}