{"id":425,"date":"2025-08-06T12:15:22","date_gmt":"2025-08-06T10:15:22","guid":{"rendered":"https:\/\/wordpress.nibis.de\/bes\/?page_id=425"},"modified":"2025-08-06T12:15:22","modified_gmt":"2025-08-06T10:15:22","slug":"vorbereitung-nachbereitung-und-reflexion","status":"publish","type":"page","link":"https:\/\/wordpress.nibis.de\/bes\/praktikum\/vorbereitung-nachbereitung-und-reflexion\/","title":{"rendered":"Vorbereitung, Nachbereitung und Reflexion"},"content":{"rendered":"\n<div class=\"wp-block-columns is-layout-flex wp-container-core-columns-is-layout-abceabcf wp-block-columns-is-layout-flex\">\n<div class=\"wp-block-column is-layout-flow wp-block-column-is-layout-flow\" style=\"--col-width:75%;flex-basis:75%\">\n<p>Das Betriebspraktikum sollte nicht nur inhaltlich vor- und nachbereitet, sondern auch intensiv begleitet und bereits fr\u00fchzeitig in das Beratungssystem der Schule einbezogen werden. Zur Vorbereitung auf das Praktikum k\u00f6nnen Betriebsbesichtigungen und Exkursionen durchgef\u00fchrt werden. Das Vorstellungsgespr\u00e4ch sowie das Gespr\u00e4chsverhalten beim Telefonieren lassen sich im Rollenspiel simulieren. Wichtige Themen, die vor allem in digitaler Form ge\u00fcbt werden sollten, sind u. a. der Lebenslauf, das Bewerbungsanschreiben sowie die Tages- und Wochenberichte. Die Dokumentation des Betriebspraktikums erfolgt nach erprobten schulinternen Mustern.<\/p>\n\n\n\n<p>F\u00fcr die erforderliche intensive Betreuung im Betriebspraktikum m\u00fcssen schulinterne L\u00f6sungen gefunden werden.<\/p>\n\n\n\n<p>Das Betriebspraktikum sollte in Bezug auf die Berufsw\u00fcnsche bzw. Erwartungen und auf die Qualifizierungsbausteine reflektiert werden. Au\u00dferdem sollen die Sch\u00fclerinnen und Sch\u00fcler ihre Ausbildungsreife nach dem Betriebspraktikum einsch\u00e4tzen, so dass sie Kriterien zur Berufswahl festigen und Perspektiven entwickeln.<\/p>\n\n\n\n<p>Um die Neigungen und Eignungen der Sch\u00fclerinnen und Sch\u00fcler f\u00fcr bestimmte Berufe besser erkennen und f\u00f6rdern zu k\u00f6nnen, ist die Berufsberatung (siehe Kapitel Beratungsgespr\u00e4che) bei der Auswertung des Betriebspraktikums mit einzubeziehen.<\/p>\n<\/div>\n\n\n\n<div class=\"wp-block-column has-background is-layout-flow wp-block-column-is-layout-flow\" style=\"--col-width:25%;background-color:#eaeaea;flex-basis:25%\">\n<h4 class=\"wp-block-heading\">Materialien<\/h4>\n\n\n\n<p>Diese Vorlagen k\u00f6nnen individuell angepasst und verwendet werden<\/p>\n\n\n\n<div class=\"wp-block-file\"><a id=\"wp-block-file--media-0bb93d4a-1502-4606-a6fe-8a44932c9386\" href=\"https:\/\/wordpress.nibis.de\/bes\/files\/2025\/08\/Elternbrief_Praktikum.docx\" target=\"_blank\" rel=\"noreferrer noopener\">Elternbrief f\u00fcr das Praktikum<\/a><\/div>\n\n\n\n<div class=\"wp-block-file\"><a id=\"wp-block-file--media-dc933f53-93bc-449f-842d-80d4b1ec5dc5\" href=\"https:\/\/wordpress.nibis.de\/bes\/files\/2025\/08\/Verhalten_Praktikum.docx\" target=\"_blank\" rel=\"noreferrer noopener\">Verhalten w\u00e4hrend des Praktikums<\/a><\/div>\n\n\n\n<div class=\"wp-block-file\"><a id=\"wp-block-file--media-2d54d5f7-9969-45a3-8859-409cd5de2214\" href=\"https:\/\/wordpress.nibis.de\/bes\/files\/2025\/08\/Uebersicht_ueber_die_Praktikumsbetriebe_Blanko.docx\" target=\"_blank\" rel=\"noreferrer noopener\">\u00dcbersicht Praktikumsbetriebe<\/a><\/div>\n\n\n\n<div class=\"wp-block-file\"><a id=\"wp-block-file--media-2b226c1f-d676-49d5-9731-6397a823aacf\" href=\"https:\/\/wordpress.nibis.de\/bes\/files\/2025\/08\/Praktikumsbrief_Verbleib_Betrieb.docx\" target=\"_blank\" rel=\"noreferrer noopener\">Informationen zum Praktikum f\u00fcr den Betrieb<\/a><\/div>\n\n\n\n<div class=\"wp-block-file\"><a id=\"wp-block-file--media-20cdee47-bc5a-4a62-8b3c-4453ee963ef3\" href=\"https:\/\/wordpress.nibis.de\/bes\/files\/2025\/08\/Anwesenheit_Praktikum_3_Wochen.docx\" target=\"_blank\" rel=\"noreferrer noopener\">Anwesenheit w\u00e4hrend des Praktikums<\/a><\/div>\n\n\n\n<div class=\"wp-block-file\"><a id=\"wp-block-file--media-552d389c-2b90-495e-bc43-d039be658c3f\" href=\"https:\/\/wordpress.nibis.de\/bes\/files\/2025\/08\/Betreuungssbogen_des_Praktikums.docx\" target=\"_blank\" rel=\"noreferrer noopener\">Betreuungssbogen f\u00fcr das Praktikum (Lehrkraft)<\/a><\/div>\n\n\n\n<div class=\"wp-block-file\"><a id=\"wp-block-file--media-771d96b7-4bac-4a33-855d-84f1aff3c635\" href=\"https:\/\/wordpress.nibis.de\/bes\/files\/2025\/08\/Evaluationsbogen_Betrieb.docx\" target=\"_blank\" rel=\"noreferrer noopener\">Evaluationsbogen f\u00fcr den Betrieb<\/a><\/div>\n\n\n\n<div class=\"wp-block-file\"><a id=\"wp-block-file--media-c514d175-281d-42b5-9093-5fe06ec264ae\" href=\"https:\/\/wordpress.nibis.de\/bes\/files\/2025\/08\/Bewertung_Praktikum.docx\" target=\"_blank\" rel=\"noreferrer noopener\">Bewertung f\u00fcr das Praktikum (Schule)<\/a><\/div>\n\n\n\n<div class=\"wp-block-file\"><a id=\"wp-block-file--media-c1fc3175-f26a-4742-957c-df7d5ae6af2e\" href=\"https:\/\/wordpress.nibis.de\/bes\/files\/2025\/08\/Keine_Teilnahme_am_Praktikum_Brief.docx\" target=\"_blank\" rel=\"noreferrer noopener\">keine Teilnahme am Praktikum<\/a><\/div>\n\n\n\n<div class=\"wp-block-file\"><a id=\"wp-block-file--media-8817f7e0-fe5c-43ac-bee8-fbad2df20957\" href=\"https:\/\/wordpress.nibis.de\/bes\/files\/2025\/08\/Praktikumsbericht_3.docx\" target=\"_blank\" rel=\"noreferrer noopener\">Praktikumsbericht 3 Wochen<\/a><\/div>\n\n\n\n<div class=\"wp-block-file\"><a id=\"wp-block-file--media-80865b6b-8a6c-4024-8fbf-0307016b3650\" href=\"https:\/\/wordpress.nibis.de\/bes\/files\/2025\/08\/Praktikumsbericht_4.docx\" target=\"_blank\" rel=\"noreferrer noopener\">Praktikumsbericht 4 Wochen<\/a><\/div>\n\n\n\n<h4 class=\"wp-block-heading\">Materialien<\/h4>\n\n\n\n<p>Diese Materialien sind f\u00fcr die Sprachf\u00f6rderklassen bzw. f\u00fcr den Bereich Inklusion vorzugsweise einsetzbar<\/p>\n\n\n\n<div class=\"wp-block-file\"><a id=\"wp-block-file--media-8dd45154-928b-485a-b1a8-c72930df913f\" href=\"https:\/\/wordpress.nibis.de\/bes\/files\/2025\/08\/Praktikumsmappe.docx\" target=\"_blank\" rel=\"noreferrer noopener\">Praktikumsmappe<\/a><\/div>\n\n\n\n<div class=\"wp-block-file\"><a id=\"wp-block-file--media-3ab4a7a4-69c0-45c6-a468-846d0b22dc60\" href=\"https:\/\/wordpress.nibis.de\/bes\/files\/2025\/08\/Stationen_Praktikumsmappe.docx\" target=\"_blank\" rel=\"noreferrer noopener\">Aufgaben zur Praktikumsmappe<\/a><\/div>\n<\/div>\n<\/div>\n\n\n\n<p><\/p>\n","protected":false},"excerpt":{"rendered":"<p>Das Betriebspraktikum sollte nicht nur inhaltlich vor- und nachbereitet, sondern auch intensiv begleitet und bereits fr\u00fchzeitig in das Beratungssystem der Schule einbezogen werden. Zur Vorbereitung auf das Praktikum k\u00f6nnen Betriebsbesichtigungen und Exkursionen durchgef\u00fchrt werden. Das Vorstellungsgespr\u00e4ch sowie das Gespr\u00e4chsverhalten beim Telefonieren lassen sich im Rollenspiel simulieren. Wichtige Themen, die vor allem in digitaler Form ge\u00fcbt &hellip; <a href=\"https:\/\/wordpress.nibis.de\/bes\/praktikum\/vorbereitung-nachbereitung-und-reflexion\/\" class=\"more-link\"><span class=\"screen-reader-text\">Vorbereitung, Nachbereitung und Reflexion<\/span> weiterlesen <span class=\"meta-nav\">&rarr;<\/span><\/a><\/p>\n","protected":false},"author":9194621,"featured_media":0,"parent":24,"menu_order":1,"comment_status":"closed","ping_status":"closed","template":"","meta":{"footnotes":""},"class_list":["post-425","page","type-page","status-publish","hentry"],"_links":{"self":[{"href":"https:\/\/wordpress.nibis.de\/bes\/wp-json\/wp\/v2\/pages\/425","targetHints":{"allow":["GET"]}}],"collection":[{"href":"https:\/\/wordpress.nibis.de\/bes\/wp-json\/wp\/v2\/pages"}],"about":[{"href":"https:\/\/wordpress.nibis.de\/bes\/wp-json\/wp\/v2\/types\/page"}],"author":[{"embeddable":true,"href":"https:\/\/wordpress.nibis.de\/bes\/wp-json\/wp\/v2\/users\/9194621"}],"replies":[{"embeddable":true,"href":"https:\/\/wordpress.nibis.de\/bes\/wp-json\/wp\/v2\/comments?post=425"}],"version-history":[{"count":1,"href":"https:\/\/wordpress.nibis.de\/bes\/wp-json\/wp\/v2\/pages\/425\/revisions"}],"predecessor-version":[{"id":426,"href":"https:\/\/wordpress.nibis.de\/bes\/wp-json\/wp\/v2\/pages\/425\/revisions\/426"}],"up":[{"embeddable":true,"href":"https:\/\/wordpress.nibis.de\/bes\/wp-json\/wp\/v2\/pages\/24"}],"wp:attachment":[{"href":"https:\/\/wordpress.nibis.de\/bes\/wp-json\/wp\/v2\/media?parent=425"}],"curies":[{"name":"wp","href":"https:\/\/api.w.org\/{rel}","templated":true}]}}